



{"id":103,"date":"2017-06-12T11:19:02","date_gmt":"2017-06-12T09:19:02","guid":{"rendered":"https:\/\/klaas.com\/?page_id=103"},"modified":"2026-02-09T08:13:46","modified_gmt":"2026-02-09T07:13:46","slug":"ausbildung","status":"publish","type":"page","link":"https:\/\/klaas.com\/de\/unternehmen\/jobs-und-karriere\/ausbildung\/","title":{"rendered":"Ausbildung"},"content":{"rendered":"<div class=\"wpb-content-wrapper\"><p>[vc_row][vc_column][vc_row_inner][vc_column_inner width=&#8220;1\/2&#8243;][vc_column_text]<\/p>\n<h1><em>Ausbildungsberufe mit Perspektive<\/em><\/h1>\n<p>[\/vc_column_text][\/vc_column_inner][vc_column_inner width=&#8220;1\/2&#8243;][vc_column_text css=&#8220;&#8220;]Unsere Ger\u00e4te werden weltweit vertrieben, sie sind technisch anspruchsvoll\u00a0 und innovativ. Das macht Klaas zu einem interessanten Ausbildungsbetrieb. Und mehr noch: Nach bestandener Pr\u00fcfung bestehen sehr gute Chancen auf eine Weiterbesch\u00e4ftigung. In jedem Fall wartet auf Dich ein krisenfester Beruf mit riesigen Zukunftschancen. Egal f\u00fcr welche Ausbildung bei Klaas Du Dich entscheidest: Sie erfolgt im Dualen System und die Inhalte von betrieblicher Ausbildung und Berufsschule sind eng miteinander verkn\u00fcpft.<\/p>\n<p>Alle Neuigkeiten zum Thema &#8222;Karriere bei Klaas&#8220; findest Du auch auf unserem Instagram-Account.[\/vc_column_text][js_download_button show_link_download1=&#8220;linkinstagram&#8220; btntext=&#8220;Klaas Karriere&#8220; link1=&#8220;url:https%3A%2F%2Fwww.instagram.com%2Fklaas_karriere%2F|target:_blank&#8220;][\/vc_column_inner][\/vc_row_inner][vc_row_inner][vc_column_inner width=&#8220;1\/2&#8243;][\/vc_column_inner][vc_column_inner width=&#8220;1\/2&#8243;][vc_column_text][\/vc_column_text][js_download_button show_link_download1=&#8220;video&#8220; videourl=&#8220;https:\/\/www.youtube.com\/watch?v=WED-oo0KQE8&#8243; cssclasses=&#8220;icon-video&#8220; btntext=&#8220;Klaas Azubiwelt&#8220;][\/vc_column_inner][\/vc_row_inner][vc_separator][vc_row_inner][vc_column_inner][js__jobs showwhat=&#8220;ausbildungsjobs&#8220; showhow=&#8220;accordeon&#8220;][\/vc_column_inner][\/vc_row_inner][vc_separator][vc_row_inner][vc_column_inner][vc_column_text]<\/p>\n<h1><em>Interesse an einem <strong>Ausbildungsplatz?<\/strong><\/em><\/h1>\n<p>[\/vc_column_text][\/vc_column_inner][\/vc_row_inner][vc_row_inner][vc_column_inner width=&#8220;1\/2&#8243;][vc_column_text]Dann sende uns folgende Dokumente im PDF-Format per E-Mail zu:<\/p>\n<ul>\n<li>Anschreiben<\/li>\n<li>Lebenslauf<\/li>\n<li>Zeugnisse und Zertifikate<\/li>\n<\/ul>\n<p>M\u00f6chtest Du weitere Informationen? Dann melde Dich einfach bei uns![\/vc_column_text][\/vc_column_inner][vc_column_inner width=&#8220;1\/2&#8243;][js_contacts zustaendigkeitcontact=&#8220;90&#8243; show_headline=&#8220;&#8220;][\/vc_column_inner][\/vc_row_inner][vc_row_inner el_id=&#8220;jobform&#8220;][vc_column_inner][vc_separator][vc_column_text]<\/p>\n<h2>Online-Bewerbung<\/h2>\n<p>[\/vc_column_text]\n<div class=\"wpcf7 no-js\" id=\"wpcf7-f52479-o1\" lang=\"de-DE\" dir=\"ltr\" data-wpcf7-id=\"52479\">\n<div class=\"screen-reader-response\"><p role=\"status\" aria-live=\"polite\" aria-atomic=\"true\"><\/p> <ul><\/ul><\/div>\n<form action=\"\/de\/wp-json\/wp\/v2\/pages\/103#wpcf7-f52479-o1\" method=\"post\" class=\"wpcf7-form init\" aria-label=\"Kontaktformular\" novalidate=\"novalidate\" data-status=\"init\">\n<fieldset class=\"hidden-fields-container\"><input type=\"hidden\" name=\"_wpcf7\" value=\"52479\" \/><input type=\"hidden\" name=\"_wpcf7_version\" value=\"6.1.5\" \/><input type=\"hidden\" name=\"_wpcf7_locale\" value=\"de_DE\" \/><input type=\"hidden\" name=\"_wpcf7_unit_tag\" value=\"wpcf7-f52479-o1\" \/><input type=\"hidden\" name=\"_wpcf7_container_post\" value=\"0\" \/><input type=\"hidden\" name=\"_wpcf7_posted_data_hash\" value=\"\" \/><input type=\"hidden\" name=\"_wpcf7cf_hidden_group_fields\" value=\"[]\" \/><input type=\"hidden\" name=\"_wpcf7cf_hidden_groups\" value=\"[]\" \/><input type=\"hidden\" name=\"_wpcf7cf_visible_groups\" value=\"[]\" \/><input type=\"hidden\" name=\"_wpcf7cf_repeaters\" value=\"[]\" \/><input type=\"hidden\" name=\"_wpcf7cf_steps\" value=\"{}\" \/><input type=\"hidden\" name=\"_wpcf7cf_options\" value=\"{&quot;form_id&quot;:52479,&quot;conditions&quot;:[],&quot;settings&quot;:{&quot;animation&quot;:&quot;yes&quot;,&quot;animation_intime&quot;:200,&quot;animation_outtime&quot;:200,&quot;conditions_ui&quot;:&quot;normal&quot;,&quot;notice_dismissed&quot;:false,&quot;notice_dismissed_rollback-cf7-5.4.1&quot;:true,&quot;notice_dismissed_rollback-cf7-5.5.6&quot;:true,&quot;notice_dismissed_update-cf7-5.7.3&quot;:true,&quot;notice_dismissed_update-cf7-5.7.6&quot;:true,&quot;notice_dismissed_update-cf7-5.7.7&quot;:true,&quot;notice_dismissed_update-cf7-5.8.1&quot;:true,&quot;notice_dismissed_rollback-cf7-5.8.2&quot;:true,&quot;notice_dismissed_rollback-cf7-5.8.3&quot;:true,&quot;notice_dismissed_rollback-cf7-6.0.4&quot;:true,&quot;notice_dismissed_rollback-cf7-6.1.4&quot;:true}}\" \/><input type=\"hidden\" name=\"upload_dir\" value=\"0846679399\" \/><input type=\"hidden\" name=\"generate_name\" value=\"04-04-26-69d0394eaba1b\" \/><input type=\"hidden\" name=\"_wpcf7_recaptcha_response\" value=\"\" \/>\n<\/fieldset>\n<div class=\"form-left\">\n<label>Ausbildungsberuf<span class=\"required\">*<\/span>\n<select name='apprenticeshipselect' id='apprenticeshipselect'><option><\/option><option value=\"Unsolicited application\">Unsolicited application<\/option><option value=\"Duales Studium: Elektrotechnik (B. Eng.) (m\/w\/d)\">Ausbildung zum - Duales Studium: Elektrotechnik (B. Eng.) (m\/w\/d)<\/option><option value=\"Elektroniker (m\/w\/d)\">Ausbildung zum - Elektroniker (m\/w\/d)<\/option><option value=\"Mechatroniker (m\/w\/d)\">Ausbildung zum - Mechatroniker (m\/w\/d)<\/option><option value=\"Land- und Baumaschinenmechatroniker (m\/w\/d)\">Ausbildung zum - Land- und Baumaschinenmechatroniker (m\/w\/d)<\/option><option value=\"Feinwerkmechaniker (m\/w\/d) Fachrichtung Maschinenbau\">Ausbildung zum - Feinwerkmechaniker (m\/w\/d) Fachrichtung Maschinenbau<\/option><option value=\"Feinwerkmechaniker (m\/w\/d) Fachrichtung Zerspanungstechnik\">Ausbildung zum - Feinwerkmechaniker (m\/w\/d) Fachrichtung Zerspanungstechnik<\/option><option value=\"Fachlagerist (m\/w\/d)\">Ausbildung zum - Fachlagerist (m\/w\/d)<\/option><option value=\"Industriekaufleute (m\/w\/d) &#8211; kein Ausbildungsstart in 2026\">Ausbildung zum - Industriekaufleute (m\/w\/d) &#8211; kein Ausbildungsstart in 2026<\/option><option value=\"Fachinformatiker f\u00fcr Systemintegration (m\/w\/d) &#8211; kein Ausbildungsstart in 2026\">Ausbildung zum - Fachinformatiker f\u00fcr Systemintegration (m\/w\/d) &#8211; kein Ausbildungsstart in 2026<\/option><\/select><\/label>\n\n<label>Name<span class=\"required\">*<\/span>\n    <span class=\"wpcf7-form-control-wrap\" data-name=\"contactname\"><input size=\"40\" maxlength=\"400\" class=\"wpcf7-form-control wpcf7-text wpcf7-validates-as-required\" aria-required=\"true\" aria-invalid=\"false\" value=\"\" type=\"text\" name=\"contactname\" \/><\/span><\/label>\n\n<label>Stra\u00dfe<span class=\"required\">*<\/span>\n    <span class=\"wpcf7-form-control-wrap\" data-name=\"street\"><input size=\"40\" maxlength=\"400\" class=\"wpcf7-form-control wpcf7-text wpcf7-validates-as-required\" aria-required=\"true\" aria-invalid=\"false\" value=\"\" type=\"text\" name=\"street\" \/><\/span><\/label>\n\n<label>PLZ\/Ort<span class=\"required\">*<\/span>\n    <span class=\"wpcf7-form-control-wrap\" data-name=\"city\"><input size=\"40\" maxlength=\"400\" class=\"wpcf7-form-control wpcf7-text wpcf7-validates-as-required\" aria-required=\"true\" aria-invalid=\"false\" value=\"\" type=\"text\" name=\"city\" \/><\/span><\/label>\n\n<label>Land<span class=\"required\">*<\/span>\n    <span class=\"wpcf7-form-control-wrap\" data-name=\"country\"><input size=\"40\" maxlength=\"400\" class=\"wpcf7-form-control wpcf7-text wpcf7-validates-as-required\" aria-required=\"true\" aria-invalid=\"false\" value=\"\" type=\"text\" name=\"country\" \/><\/span><\/label>\n\n<label>E-Mail<span class=\"required\">*<\/span>\n    <span class=\"wpcf7-form-control-wrap\" data-name=\"email\"><input size=\"40\" maxlength=\"400\" class=\"wpcf7-form-control wpcf7-email wpcf7-validates-as-required wpcf7-text wpcf7-validates-as-email\" aria-required=\"true\" aria-invalid=\"false\" value=\"\" type=\"email\" name=\"email\" \/><\/span><\/label><\/div>\n\n<div class=\"form-right\">\n<label>Ihre Nachricht\n    <span class=\"wpcf7-form-control-wrap\" data-name=\"your-message\"><textarea cols=\"40\" rows=\"10\" maxlength=\"2000\" class=\"wpcf7-form-control wpcf7-textarea\" aria-invalid=\"false\" name=\"your-message\"><\/textarea><\/span><\/label>\n<label class=\"inputfilelabel\">Bewerbungsunterlagen hochladen <span class=\"addinfo\">(max. Gr\u00f6\u00dfe 20 MB, max. 10 Dateien)<\/span><\/span>\n<span class=\"target\"><\/span><span class=\"wpcf7-form-control-wrap codedropz-theme-light\" data-name=\"fileupload\"><input size=\"40\" class=\"wpcf7-form-control wpcf7-drag-n-drop-file d-none inputfile\" aria-invalid=\"false\" type=\"file\" multiple=\"multiple\" data-name=\"fileupload\" data-type=\"pdf|jpg|doc|docx\" data-limit=\"20971520\" data-max=\"10\" data-id=\"52479\" accept=\".pdf, .jpg, .doc, .docx\" \/><\/span><\/label>\n\n<span id=\"wpcf7-69d0394eaf935-wrapper\" class=\"wpcf7-form-control-wrap mobil-wrap\" style=\"display:none !important; visibility:hidden !important;\"><label for=\"wpcf7-69d0394eaf935-field\" class=\"hp-message\">Bitte lasse dieses Feld leer.<\/label><input id=\"wpcf7-69d0394eaf935-field\"  class=\"wpcf7-form-control wpcf7-text\" type=\"text\" name=\"mobil\" value=\"\" size=\"40\" tabindex=\"-1\" autocomplete=\"new-password\" \/><\/span>\n<span class=\"wpcf7-form-control-wrap\" data-name=\"datenschutz\"><span class=\"wpcf7-form-control wpcf7-acceptance\"><span class=\"wpcf7-list-item\"><label><input type=\"checkbox\" name=\"datenschutz\" value=\"1\" aria-invalid=\"false\" \/><span class=\"wpcf7-list-item-label\">Ich habe die <a href=\"\/de\/datenschutzerklaerung\/\" target=\"_blank\">Erkl\u00e4rung zum Datenschutz<\/a> gelesen und erkenne diese an<span class=\"required\">*<\/span><\/span><\/label><\/span><\/span><\/span>\n<input class=\"wpcf7-form-control wpcf7-submit has-spinner\" type=\"submit\" value=\"Jetzt bewerben\" \/><\/div><div class=\"wpcf7-response-output\" aria-hidden=\"true\"><\/div>\n<\/form>\n<\/div>\n[\/vc_column_inner][\/vc_row_inner][\/vc_column][\/vc_row]<\/p>\n<\/div>","protected":false},"excerpt":{"rendered":"<p>[vc_row][vc_column][vc_row_inner][vc_column_inner width=&#8220;1\/2&#8243;][vc_column_text] Ausbildungsberufe mit Perspektive [\/vc_column_text][\/vc_column_inner][vc_column_inner width=&#8220;1\/2&#8243;][vc_column_text css=&#8220;&#8220;]Unsere Ger\u00e4te werden weltweit vertrieben, sie sind technisch anspruchsvoll\u00a0 und innovativ. Das macht Klaas zu einem interessanten Ausbildungsbetrieb. Und mehr noch: Nach bestandener Pr\u00fcfung bestehen sehr gute Chancen auf eine Weiterbesch\u00e4ftigung. In jedem Fall wartet auf Dich ein krisenfester Beruf mit riesigen Zukunftschancen. Egal f\u00fcr welche Ausbildung bei&#8230;  <a class=\"excerpt-read-more\" href=\"https:\/\/klaas.com\/de\/ausbildungsjobs\/fachinformatiker\/\" title=\"Read Fachinformatiker f\u00fcr Systemintegration (m\/w\/d) &#8211; kein Ausbildungsstart in 2026\">Weiter &raquo;<\/a><\/p>\n","protected":false},"author":6,"featured_media":0,"parent":15,"menu_order":68,"comment_status":"closed","ping_status":"closed","template":"","meta":{"_acf_changed":false,"inline_featured_image":false,"footnotes":""},"class_list":["post-103","page","type-page","status-publish","hentry"],"acf":[],"_links":{"self":[{"href":"https:\/\/klaas.com\/de\/wp-json\/wp\/v2\/pages\/103","targetHints":{"allow":["GET"]}}],"collection":[{"href":"https:\/\/klaas.com\/de\/wp-json\/wp\/v2\/pages"}],"about":[{"href":"https:\/\/klaas.com\/de\/wp-json\/wp\/v2\/types\/page"}],"author":[{"embeddable":true,"href":"https:\/\/klaas.com\/de\/wp-json\/wp\/v2\/users\/6"}],"replies":[{"embeddable":true,"href":"https:\/\/klaas.com\/de\/wp-json\/wp\/v2\/comments?post=103"}],"version-history":[{"count":52,"href":"https:\/\/klaas.com\/de\/wp-json\/wp\/v2\/pages\/103\/revisions"}],"predecessor-version":[{"id":90684,"href":"https:\/\/klaas.com\/de\/wp-json\/wp\/v2\/pages\/103\/revisions\/90684"}],"up":[{"embeddable":true,"href":"https:\/\/klaas.com\/de\/wp-json\/wp\/v2\/pages\/15"}],"wp:attachment":[{"href":"https:\/\/klaas.com\/de\/wp-json\/wp\/v2\/media?parent=103"}],"curies":[{"name":"wp","href":"https:\/\/api.w.org\/{rel}","templated":true}]}}