



{"id":125,"date":"2017-06-12T11:24:01","date_gmt":"2017-06-12T09:24:01","guid":{"rendered":"https:\/\/klaas.com\/?page_id=125"},"modified":"2023-07-24T06:49:32","modified_gmt":"2023-07-24T04:49:32","slug":"impressum","status":"publish","type":"page","link":"https:\/\/klaas.com\/de\/impressum\/","title":{"rendered":"Impressum"},"content":{"rendered":"<div class=\"wpb-content-wrapper\"><p>[vc_row][vc_column][vc_row_inner][vc_column_inner][vc_column_text]<\/p>\n<h3>Angaben gem\u00e4\u00df \u00a7 5 TMG:<\/h3>\n<p>Klaas Service- und Vertriebs GmbH<br \/>\nRaiffeisenstra\u00dfe 26<br \/>\n59387 Ascheberg<\/p>\n<h3>Vertreten durch:<\/h3>\n<p>Georg K\u00fcter<\/p>\n<h3>Kontakt:<\/h3>\n<p>Telefon: <a href=\"tel:+49 2593 9592-0\">+49 (0) 25 93 \/ 95 92 \u2013 0<\/a><br \/>\nTelefax: <a href=\"fax:+49 2593 9592-15\">+49 (0) 25 93 \/ 95 92 \u2013 15<\/a><br \/>\nE-Mail: info@klaas.com<\/p>\n<h3>Registereintrag:<\/h3>\n<p>Eintragung im Handelsregister.<br \/>\nRegistergericht: Amtsgericht L\u00fcdinghausen<br \/>\nRegisternummer: HRB 9923<\/p>\n<h3>Umsatzsteuer-ID:<\/h3>\n<p>Umsatzsteuer-Identifikationsnummer gem\u00e4\u00df \u00a727 a Umsatzsteuergesetz:<br \/>\nDE 247 015 022<\/p>\n<h2>Konzept, Gestaltung und Umsetzung<\/h2>\n<p>Heike Willermann \u2013 Klaas Service- und Vertriebs GmbH<br \/>\nTelefon\u00a0<a href=\"tel:+49 2593 9592-38\">+49 (0) 25 93 \/ 95 92 5501<\/a><br \/>\nE-Mail: <a href=\"mailto:heike.willermann@klaas.com\">heike.willermann@klaas.com<\/a><\/p>\n<p>Holger Klopmeyer \u2013 Kommunikation<br \/>\nSalmstr. 19a, 46509 Xanten<br \/>\nTelefon <a href=\"http:\/\/+4928017004731\">+49 (0)2801 7004731<\/a><br \/>\nE-Mail: <a href=\"mailto:info@klopmeyer.de\"><span id=\"eeb-22520\"><span class=\"wpml-rtl\">info@klopmeyer.de<\/span><\/span><\/a><br \/>\nInternet:\u00a0<a href=\"http:\/\/klopmeyer.de\" target=\"_blank\" rel=\"noopener noreferrer\">klopmeyer.de<\/a><span id=\"eeb-795592\"><a class=\"mailto-link mail-link\" data-enc-email=\"ubytre[at]xybczrlre.qr\" data-wpel-link=\"ignore\"><br \/>\n<\/a><\/span><\/p>\n<h2>Quellen:<\/h2>\n<p><strong>Seite &#8222;H\u00e4ndler&#8220;:<\/strong><br \/>\n&#8222;Globus&#8220;: von &#8222;airdone&#8220; \u2013 <a href=\"http:\/\/fotolia.de\">fotolia.de<\/a><br \/>\n&#8222;Flaggen&#8220;: von &#8222;Deny Rudyi&#8220; \u2013 <a href=\"http:\/\/fotolia.de\">fotolia.de<\/a><\/p>\n<p><strong>Seite &#8222;Stellenangebote&#8220;:<\/strong><br \/>\n&#8222;H\u00e4ndedruck&#8220; und &#8222;Rechner&#8220;: von &#8222;pixabay&#8220; &#8211; <a href=\"https:\/\/pixabay.com\/de\/\">pixabay.com<\/a><\/p>\n<p><strong>Startseite &#8222;Slider Alufiver&#8220;:<\/strong><br \/>\nFoto: \u00a9 Oliver R\u00fcesch<\/p>\n<p><strong>Produktseite &#8222;Alufiver&#8220;:<br \/>\n<\/strong>Fotos Bildergalerie: \u00a9 Oliver R\u00fcesch<\/p>\n<h2>Haftungsausschluss (Disclaimer)<\/h2>\n<h3>Haftung f\u00fcr Inhalte<\/h3>\n<p>Als Diensteanbieter sind wir gem\u00e4\u00df \u00a7 7 Abs.1 TMG f\u00fcr eigene Inhalte auf diesen Seiten nach den allgemeinen Gesetzen verantwortlich. Nach \u00a7\u00a7 8 bis 10 TMG sind wir als Diensteanbieter jedoch nicht verpflichtet, \u00fcbermittelte oder gespeicherte fremde Informationen zu \u00fcberwachen oder nach Umst\u00e4nden zu forschen, die auf eine rechtswidrige T\u00e4tigkeit hinweisen.<\/p>\n<p>Verpflichtungen zur Entfernung oder Sperrung der Nutzung von Informationen nach den allgemeinen Gesetzen bleiben hiervon unber\u00fchrt. Eine diesbez\u00fcgliche Haftung ist jedoch erst ab dem Zeitpunkt der Kenntnis einer konkreten Rechtsverletzung m\u00f6glich. Bei Bekanntwerden von entsprechenden Rechtsverletzungen werden wir diese Inhalte umgehend entfernen.<\/p>\n<h3>Haftung f\u00fcr Links<\/h3>\n<p>Unser Angebot enth\u00e4lt Links zu externen Webseiten Dritter, auf deren Inhalte wir keinen Einfluss haben. Deshalb k\u00f6nnen wir f\u00fcr diese fremden Inhalte auch keine Gew\u00e4hr \u00fcbernehmen. F\u00fcr die Inhalte der verlinkten Seiten ist stets der jeweilige Anbieter oder Betreiber der Seiten verantwortlich. Die verlinkten Seiten wurden zum Zeitpunkt der Verlinkung auf m\u00f6gliche Rechtsverst\u00f6\u00dfe \u00fcberpr\u00fcft. Rechtswidrige Inhalte waren zum Zeitpunkt der Verlinkung nicht erkennbar.<\/p>\n<p>Eine permanente inhaltliche Kontrolle der verlinkten Seiten ist jedoch ohne konkrete Anhaltspunkte einer Rechtsverletzung nicht zumutbar. Bei Bekanntwerden von Rechtsverletzungen werden wir derartige Links umgehend entfernen.<\/p>\n<h3>Urheberrecht<\/h3>\n<p>Die durch die Seitenbetreiber erstellten Inhalte und Werke auf diesen Seiten unterliegen dem deutschen Urheberrecht. Die Vervielf\u00e4ltigung, Bearbeitung, Verbreitung und jede Art der Verwertung au\u00dferhalb der Grenzen des Urheberrechtes bed\u00fcrfen der schriftlichen Zustimmung des jeweiligen Autors bzw. Erstellers. Downloads und Kopien dieser Seite sind nur f\u00fcr den privaten, nicht kommerziellen Gebrauch gestattet.<\/p>\n<p>Soweit die Inhalte auf dieser Seite nicht vom Betreiber erstellt wurden, werden die Urheberrechte Dritter beachtet. Insbesondere werden Inhalte Dritter als solche gekennzeichnet. Sollten Sie trotzdem auf eine Urheberrechtsverletzung aufmerksam werden, bitten wir um einen entsprechenden Hinweis. Bei Bekanntwerden von Rechtsverletzungen werden wir derartige Inhalte umgehend entfernen.[\/vc_column_text][\/vc_column_inner][\/vc_row_inner][\/vc_column][\/vc_row]<\/p>\n<\/div>","protected":false},"excerpt":{"rendered":"<p>[vc_row][vc_column][vc_row_inner][vc_column_inner][vc_column_text] Angaben gem\u00e4\u00df \u00a7 5 TMG: Klaas Service- und Vertriebs GmbH Raiffeisenstra\u00dfe 26 59387 Ascheberg Vertreten durch: Georg K\u00fcter Kontakt: Telefon: +49 (0) 25 93 \/ 95 92 \u2013 0 Telefax: +49 (0) 25 93 \/ 95 92 \u2013 15 E-Mail: info@klaas.com Registereintrag: Eintragung im Handelsregister. Registergericht: Amtsgericht L\u00fcdinghausen Registernummer: HRB 9923 Umsatzsteuer-ID: Umsatzsteuer-Identifikationsnummer gem\u00e4\u00df&#8230;  <a class=\"excerpt-read-more\" href=\"https:\/\/klaas.com\/de\/impressum\/\" title=\"Read Impressum\">Weiter &raquo;<\/a><\/p>\n","protected":false},"author":6,"featured_media":0,"parent":0,"menu_order":33,"comment_status":"closed","ping_status":"closed","template":"","meta":{"_acf_changed":false,"inline_featured_image":false,"footnotes":""},"class_list":["post-125","page","type-page","status-publish","hentry"],"acf":[],"_links":{"self":[{"href":"https:\/\/klaas.com\/de\/wp-json\/wp\/v2\/pages\/125","targetHints":{"allow":["GET"]}}],"collection":[{"href":"https:\/\/klaas.com\/de\/wp-json\/wp\/v2\/pages"}],"about":[{"href":"https:\/\/klaas.com\/de\/wp-json\/wp\/v2\/types\/page"}],"author":[{"embeddable":true,"href":"https:\/\/klaas.com\/de\/wp-json\/wp\/v2\/users\/6"}],"replies":[{"embeddable":true,"href":"https:\/\/klaas.com\/de\/wp-json\/wp\/v2\/comments?post=125"}],"version-history":[{"count":11,"href":"https:\/\/klaas.com\/de\/wp-json\/wp\/v2\/pages\/125\/revisions"}],"predecessor-version":[{"id":78852,"href":"https:\/\/klaas.com\/de\/wp-json\/wp\/v2\/pages\/125\/revisions\/78852"}],"wp:attachment":[{"href":"https:\/\/klaas.com\/de\/wp-json\/wp\/v2\/media?parent=125"}],"curies":[{"name":"wp","href":"https:\/\/api.w.org\/{rel}","templated":true}]}}