



{"id":13,"date":"2017-06-12T11:00:59","date_gmt":"2017-06-12T09:00:59","guid":{"rendered":"https:\/\/klaas.com\/?page_id=13"},"modified":"2026-03-25T11:01:45","modified_gmt":"2026-03-25T10:01:45","slug":"standorte","status":"publish","type":"page","link":"https:\/\/klaas.com\/de\/unternehmen\/standorte\/","title":{"rendered":"Standorte"},"content":{"rendered":"<div class=\"wpb-content-wrapper\"><p>[vc_row][vc_column][vc_row_inner][vc_column_inner width=&#8220;1\/2&#8243;][vc_column_text]<\/p>\n<h1><em>Kurze Wege, <\/em><br \/>\n<em>starker Service<\/em><\/h1>\n<p>[\/vc_column_text][\/vc_column_inner][vc_column_inner width=&#8220;1\/2&#8243;][vc_column_text]Auch nach \u00dcbergabe und Ger\u00e4teeinweisung sind wir f\u00fcr unsere Kunden da: Das Klaas Servicepaket reicht von der regelm\u00e4\u00dfigen UVV-Abnahme bis hin zur Maschinenwartung und Reparatur. Damit Ihr Weg zu uns m\u00f6glichst kurz ist, haben wir unser Servicenetz auf mittlerweile neun deutsche Standorte und weitere externe Servicepartner ausgeweitet.<\/p>\n<p>Unsere Mitarbeiter in Ascheberg und in den zehn Servicestationen sind stets bem\u00fcht, Ihnen schnell und unb\u00fcrokratisch zu helfen. Selbstverst\u00e4ndlich kommt der Klaas Service auch zu Ihnen, um Wartungen oder kleinere Reparaturen durchzuf\u00fchren.<\/p>\n<p>Sie m\u00f6chten einen Kran oder Schr\u00e4gaufzug mieten? Auch hierf\u00fcr stehen an allen Standorten verschiedene Ger\u00e4te zur Verf\u00fcgung.[\/vc_column_text][\/vc_column_inner][\/vc_row_inner][vc_separator][\/vc_column][\/vc_row][vc_row][vc_column][vc_row_inner][vc_column_inner][vc_column_text]<\/p>\n<h2>Stammsitz Ascheberg<\/h2>\n<p>[\/vc_column_text][\/vc_column_inner][\/vc_row_inner][vc_row_inner][vc_column_inner width=&#8220;1\/2&#8243;][vc_column_text]<img loading=\"lazy\" decoding=\"async\" class=\"alignnone wp-image-2787 size-large\" src=\"https:\/\/klaas.com\/wp-content\/uploads\/ascheberg-1024x628.jpg\" alt=\"\" width=\"680\" height=\"417\" srcset=\"https:\/\/klaas.com\/wp-content\/uploads\/ascheberg-1024x628.jpg 1024w, https:\/\/klaas.com\/wp-content\/uploads\/ascheberg-300x184.jpg 300w, https:\/\/klaas.com\/wp-content\/uploads\/ascheberg-768x471.jpg 768w, https:\/\/klaas.com\/wp-content\/uploads\/ascheberg.jpg 1060w\" sizes=\"auto, (max-width: 680px) 100vw, 680px\" \/>[\/vc_column_text][\/vc_column_inner][vc_column_inner width=&#8220;1\/2&#8243;][vc_column_text css=&#8220;&#8220;]Seit seiner Gr\u00fcndung hat sich das Unternehmen der Familie Klaas aus dem westf\u00e4lischen Ascheberg zu einem der f\u00fchrenden Hersteller von mobilen Aluminiumkranen, Schr\u00e4gaufz\u00fcgen und Hubarbeitsb\u00fchnen entwickelt. Unsere innovativen, leistungsstarken und hochwertigen Ger\u00e4te erleichtern Dachdeckern, Zimmereien und Fassadenbauern viele Aufgaben, bei denen H\u00f6he gefragt ist. In Ascheberg werden unsere Ger\u00e4te entwickelt, gefertigt und direkt vertrieben.[\/vc_column_text][vc_btn title=&#8220;Kontakt&#8220; color=&#8220;white&#8220; link=&#8220;url:https%3A%2F%2Fklaas.com%2Fde%2Fkontakt%2F|||&#8220;][\/vc_column_inner][\/vc_row_inner][vc_separator][vc_row_inner][vc_column_inner][vc_column_text]<\/p>\n<h2><strong>Service- und Vermietstation Ascheberg<\/strong><\/h2>\n<p>[\/vc_column_text][\/vc_column_inner][\/vc_row_inner][vc_row_inner][vc_column_inner width=&#8220;1\/2&#8243;][vc_column_text]<img loading=\"lazy\" decoding=\"async\" class=\"alignnone wp-image-62748 size-large\" src=\"https:\/\/klaas.com\/wp-content\/uploads\/ascheberg-service-1024x628.jpg\" alt=\"\" width=\"680\" height=\"417\" srcset=\"https:\/\/klaas.com\/wp-content\/uploads\/ascheberg-service-1024x628.jpg 1024w, https:\/\/klaas.com\/wp-content\/uploads\/ascheberg-service-300x184.jpg 300w, https:\/\/klaas.com\/wp-content\/uploads\/ascheberg-service-768x471.jpg 768w, https:\/\/klaas.com\/wp-content\/uploads\/ascheberg-service.jpg 1060w\" sizes=\"auto, (max-width: 680px) 100vw, 680px\" \/>[\/vc_column_text][\/vc_column_inner][vc_column_inner width=&#8220;1\/2&#8243;][vc_column_text css=&#8220;&#8220;]Die Ascheberger Service- und Vermietstation liegt im benachbarten Gewerbegebiet Nord direkt am Klaas Kundencenter. Dort wird der komplette Service rund um Reparaturen, Wartung sowie die j\u00e4hrliche UVV-Pr\u00fcfung angeboten. Dar\u00fcber hinaus k\u00f6nnen hier auch Anh\u00e4nger- und Autokrane, Schr\u00e4gaufz\u00fcge sowie Hubarbeitsb\u00fchnen kurz- oder langfristig gemietet werden.<\/p>\n<p>Um unseren Kunden einen schnellen Service und eine bessere Erreichbarkeit zu bieten, wurde dieser Bereich in den letzten Jahren r\u00e4umlich und personell erweitert. So ist ein Service-Mitarbeiter f\u00fcr Notf\u00e4lle auch nach Gesch\u00e4ftsschluss erreichbar und hilft bei Fragen rund um unsere Ger\u00e4te.[\/vc_column_text][js_contacts type_of_address=&#8220;ansprechpartner&#8220; ansprechpartnercontact=&#8220;2141&#8243; headline=&#8220;Ihr Ansprechpartner f\u00fcr Reparatur &amp; Service:&#8220;][js_contacts type_of_address=&#8220;ansprechpartner&#8220; ansprechpartnercontact=&#8220;2158&#8243; headline=&#8220;Ihr Ansprechpartner f\u00fcr Vermietung:&#8220;][\/vc_column_inner][\/vc_row_inner][vc_separator][vc_row_inner][vc_column_inner][vc_column_text]<\/p>\n<h2><strong>Service- und Vermietstation Hamburg<\/strong><\/h2>\n<p>[\/vc_column_text][\/vc_column_inner][\/vc_row_inner][vc_row_inner][vc_column_inner width=&#8220;1\/2&#8243;][vc_column_text]<img loading=\"lazy\" decoding=\"async\" class=\"alignnone wp-image-2784 size-large\" src=\"https:\/\/klaas.com\/wp-content\/uploads\/hamburg-1024x628.jpg\" alt=\"\" width=\"680\" height=\"417\" srcset=\"https:\/\/klaas.com\/wp-content\/uploads\/hamburg-1024x628.jpg 1024w, https:\/\/klaas.com\/wp-content\/uploads\/hamburg-300x184.jpg 300w, https:\/\/klaas.com\/wp-content\/uploads\/hamburg-768x471.jpg 768w, https:\/\/klaas.com\/wp-content\/uploads\/hamburg.jpg 1060w\" sizes=\"auto, (max-width: 680px) 100vw, 680px\" \/>[\/vc_column_text][\/vc_column_inner][vc_column_inner width=&#8220;1\/2&#8243;][vc_column_text]Mit der Niederlassung Hamburg in Neu Wulmstorf wurde unser Servicenetz im Oktober 2010 Richtung Norden ausgeweitet. Geleitet wird dieser Standort von Lars Gollnick. Er ist bereits seit einiger Zeit in dieser Niederlassung t\u00e4tig und mit unseren Ger\u00e4ten bestens vertraut. Zusammen mit seinem Team bietet er das komplette Servicepaket sowie die Vermietung verschiedener Krane und Schr\u00e4gaufz\u00fcge an.<\/p>\n<p>Video: <a href=\"https:\/\/www.youtube.com\/watch?v=LRDBVG9DKqE\" target=\"_blank\" rel=\"noopener\">Niederlassung Hamburg<\/a>[\/vc_column_text][js_contacts type_of_address=&#8220;ansprechpartner&#8220; ansprechpartnercontact=&#8220;2126&#8243;][\/vc_column_inner][\/vc_row_inner][vc_separator][vc_row_inner][vc_column_inner][vc_column_text]<\/p>\n<h2><strong>Service- und Vermietstation Hannover<\/strong><\/h2>\n<p>[\/vc_column_text][\/vc_column_inner][\/vc_row_inner][vc_row_inner][vc_column_inner width=&#8220;1\/2&#8243;][vc_column_text]<img loading=\"lazy\" decoding=\"async\" class=\"alignnone wp-image-2789 size-large\" src=\"https:\/\/klaas.com\/wp-content\/uploads\/hannover-1024x628.jpg\" alt=\"\" width=\"680\" height=\"417\" srcset=\"https:\/\/klaas.com\/wp-content\/uploads\/hannover-1024x628.jpg 1024w, https:\/\/klaas.com\/wp-content\/uploads\/hannover-300x184.jpg 300w, https:\/\/klaas.com\/wp-content\/uploads\/hannover-768x471.jpg 768w, https:\/\/klaas.com\/wp-content\/uploads\/hannover.jpg 1060w\" sizes=\"auto, (max-width: 680px) 100vw, 680px\" \/>[\/vc_column_text][\/vc_column_inner][vc_column_inner width=&#8220;1\/2&#8243;][vc_column_text]Unsere Service- und Vermietstation im Raum Hannover er\u00f6ffnete im Herbst 2014 in Bad Nenndorf. Dort koordiniert Thomas Gerigk die Vermietung, Reparatur und Wartung von Klaas Alukranen sowie Schr\u00e4gaufz\u00fcgen. Auch an diesem Standort stehen verschiedene Ger\u00e4te zur kurz- und langfristigen Vermietung bereit.[\/vc_column_text][js_contacts type_of_address=&#8220;ansprechpartner&#8220; ansprechpartnercontact=&#8220;2132&#8243;][\/vc_column_inner][\/vc_row_inner][vc_separator][vc_row_inner][vc_column_inner][vc_column_text]<\/p>\n<h2><strong>Service- und Vermietstation Gera<\/strong><\/h2>\n<p>[\/vc_column_text][\/vc_column_inner][\/vc_row_inner][vc_row_inner][vc_column_inner width=&#8220;1\/2&#8243;][vc_column_text]<img loading=\"lazy\" decoding=\"async\" class=\"alignnone wp-image-57225 size-full\" src=\"https:\/\/klaas.com\/wp-content\/uploads\/gera-1.jpg\" alt=\"\" width=\"1060\" height=\"650\" \/>[\/vc_column_text][\/vc_column_inner][vc_column_inner width=&#8220;1\/2&#8243;][vc_column_text css=&#8220;&#8220;]Als erste Niederlassung wurde 2004 die Service- und Vermietstation Gera er\u00f6ffnet. Neben der Soforthilfe bieten wir dort den kompletten Reparatur- und Wartungsdienst f\u00fcr Ihr Klaas Ger\u00e4t an. Gern kommen unsere Mitarbeiter auch zu Ihnen, um kleinere Reparaturen direkt vor Ort durchzuf\u00fchren.<\/p>\n<p>Video: <a href=\"https:\/\/youtu.be\/DvOin_s3Tu0\" target=\"_blank\" rel=\"noopener\">Niederlassung Gera<\/a>[\/vc_column_text][js_contacts type_of_address=&#8220;ansprechpartner&#8220; ansprechpartnercontact=&#8220;2113&#8243;][\/vc_column_inner][\/vc_row_inner][vc_separator][vc_row_inner][vc_column_inner][vc_column_text]<\/p>\n<h2><strong>Service- und Vermietstation\u00a0<\/strong><strong>Wittenberg<\/strong><\/h2>\n<p>[\/vc_column_text][\/vc_column_inner][\/vc_row_inner][vc_row_inner][vc_column_inner width=&#8220;1\/2&#8243;][vc_column_text]<img loading=\"lazy\" decoding=\"async\" class=\"alignnone wp-image-57231 size-full\" src=\"https:\/\/klaas.com\/wp-content\/uploads\/wittenberg-1.jpg\" alt=\"\" width=\"1060\" height=\"650\" srcset=\"https:\/\/klaas.com\/wp-content\/uploads\/wittenberg-1.jpg 1060w, https:\/\/klaas.com\/wp-content\/uploads\/wittenberg-1-300x184.jpg 300w, https:\/\/klaas.com\/wp-content\/uploads\/wittenberg-1-768x471.jpg 768w, https:\/\/klaas.com\/wp-content\/uploads\/wittenberg-1-1024x628.jpg 1024w\" sizes=\"auto, (max-width: 1060px) 100vw, 1060px\" \/>[\/vc_column_text][\/vc_column_inner][vc_column_inner width=&#8220;1\/2&#8243;][vc_column_text]Die Niederlassung Wittenberg wurde im September 2009 gegr\u00fcndet und wird seit Anfang 2022 von Torsten Schneider geleitet. Mit seinem kompetenten und erfahrenen Team steht er bei allen Fragen zu Reparatur und Wartung Ihres Klaas Ger\u00e4ts gerne zur Verf\u00fcgung oder hilft Ihnen, das passende Mietger\u00e4t zu finden.<\/p>\n<p>Video: <a href=\"https:\/\/www.youtube.com\/watch?v=eYGIPFaQuB0\" target=\"_blank\" rel=\"noopener\">Niederlassung Wittenberg<\/a>[\/vc_column_text][js_contacts type_of_address=&#8220;ansprechpartner&#8220; ansprechpartnercontact=&#8220;2121&#8243;][\/vc_column_inner][\/vc_row_inner][vc_separator][vc_row_inner][vc_column_inner][vc_column_text]<\/p>\n<h2><strong>Service- und Vermietstation\u00a0<\/strong><strong>Rheinland<\/strong><\/h2>\n<p>[\/vc_column_text][\/vc_column_inner][\/vc_row_inner][vc_row_inner][vc_column_inner width=&#8220;1\/2&#8243;][vc_column_text css=&#8220;&#8220;]<img loading=\"lazy\" decoding=\"async\" class=\"alignnone wp-image-91383 size-full\" src=\"https:\/\/klaas.com\/wp-content\/uploads\/Rheinland.jpg\" alt=\"\" width=\"1060\" height=\"600\" srcset=\"https:\/\/klaas.com\/wp-content\/uploads\/Rheinland.jpg 1060w, https:\/\/klaas.com\/wp-content\/uploads\/Rheinland-300x170.jpg 300w, https:\/\/klaas.com\/wp-content\/uploads\/Rheinland-1024x580.jpg 1024w, https:\/\/klaas.com\/wp-content\/uploads\/Rheinland-768x435.jpg 768w, https:\/\/klaas.com\/wp-content\/uploads\/Rheinland-600x340.jpg 600w\" sizes=\"auto, (max-width: 1060px) 100vw, 1060px\" \/>[\/vc_column_text][\/vc_column_inner][vc_column_inner width=&#8220;1\/2&#8243;][vc_column_text css=&#8220;&#8220;]Die Klaas Service- und Vermietstation Rheinland liegt im St\u00e4dtedreieck D\u00fcsseldorf-K\u00f6ln-M\u00f6nchengladbach und ist f\u00fcr Kunden aus dem gesamten Rheinland und dem westlichen Ruhrgebiet gut zu erreichen. Angeboten wird auch hier der bew\u00e4hrte Klaas Service: Dazu z\u00e4hlt neben der Reparatur und Wartung von Kundenger\u00e4ten ihre regelm\u00e4\u00dfige UVV-Abnahme. Dar\u00fcber hinaus bietet die umliegende Freifl\u00e4che gen\u00fcgend Platz f\u00fcr Ger\u00e4te, die zur kurz- oder langfristigen Vermietung bereitstehen.<\/p>\n<p>Video: <a href=\"https:\/\/youtu.be\/kzBNgnfbOTo\" target=\"_blank\" rel=\"noopener\">Niederlassung Rheinland<\/a>[\/vc_column_text][js_contacts type_of_address=&#8220;ansprechpartner&#8220; ansprechpartnercontact=&#8220;72267&#8243; headline=&#8220;Ihr Ansprechpartner:&#8220;][\/vc_column_inner][\/vc_row_inner][vc_separator][vc_row_inner][vc_column_inner][vc_column_text]<\/p>\n<h2><strong>Service- und Vermietstation\u00a0<\/strong><strong>Rhein-Main\/Rhein-Neckar<\/strong><\/h2>\n<p>[\/vc_column_text][\/vc_column_inner][\/vc_row_inner][vc_row_inner][vc_column_inner width=&#8220;1\/2&#8243;][vc_column_text]<img loading=\"lazy\" decoding=\"async\" class=\"alignnone wp-image-62156 size-full\" src=\"https:\/\/klaas.com\/wp-content\/uploads\/kirchheimbolanden-2.jpg\" alt=\"\" width=\"1060\" height=\"650\" srcset=\"https:\/\/klaas.com\/wp-content\/uploads\/kirchheimbolanden-2.jpg 1060w, https:\/\/klaas.com\/wp-content\/uploads\/kirchheimbolanden-2-300x184.jpg 300w, https:\/\/klaas.com\/wp-content\/uploads\/kirchheimbolanden-2-768x471.jpg 768w, https:\/\/klaas.com\/wp-content\/uploads\/kirchheimbolanden-2-1024x628.jpg 1024w\" sizes=\"auto, (max-width: 1060px) 100vw, 1060px\" \/>[\/vc_column_text][\/vc_column_inner][vc_column_inner width=&#8220;1\/2&#8243;][vc_column_text]Diese Niederlassung nahm als neunte Klaas Servicestation im Herbst 2018 ihre Arbeit auf. Aufgrund ihres Standorts zwischen Mainz und Kaiserslautern k\u00f6nnen sowohl das Rhein-Main- als auch das Rhein-Neckar-Gebiet optimal abgedeckt werden. Zum Service geh\u00f6ren Reparatur, Wartung und Vermietung von Klaas Ger\u00e4ten sowie eine kompetente Beratung beim Kauf von Neu- und Gebrauchtger\u00e4ten.<\/p>\n<p>Video: <a href=\"https:\/\/www.youtube.com\/watch?v=LeBU4qJV6-o\" target=\"_blank\" rel=\"noopener\">Niederlassung Rhein-Main\/Rhein-Neckar<\/a>[\/vc_column_text][js_contacts type_of_address=&#8220;ansprechpartner&#8220; ansprechpartnercontact=&#8220;56876&#8243; headline=&#8220;Ihr Ansprechpartner:&#8220;][\/vc_column_inner][\/vc_row_inner][vc_separator][vc_row_inner][vc_column_inner][vc_column_text]<\/p>\n<h2><strong>Service- und Vermietstation<\/strong><strong> N\u00fcrnberg<\/strong><\/h2>\n<p>[\/vc_column_text][\/vc_column_inner][\/vc_row_inner][vc_row_inner][vc_column_inner width=&#8220;1\/2&#8243;][vc_column_text]<img loading=\"lazy\" decoding=\"async\" class=\"alignnone wp-image-2791 size-large\" src=\"https:\/\/klaas.com\/wp-content\/uploads\/nuernberg-1024x628.jpg\" alt=\"\" width=\"680\" height=\"417\" srcset=\"https:\/\/klaas.com\/wp-content\/uploads\/nuernberg-1024x628.jpg 1024w, https:\/\/klaas.com\/wp-content\/uploads\/nuernberg-300x184.jpg 300w, https:\/\/klaas.com\/wp-content\/uploads\/nuernberg-768x471.jpg 768w, https:\/\/klaas.com\/wp-content\/uploads\/nuernberg.jpg 1060w\" sizes=\"auto, (max-width: 680px) 100vw, 680px\" \/>[\/vc_column_text][\/vc_column_inner][vc_column_inner width=&#8220;1\/2&#8243;][vc_column_text]N\u00f6rdlich von N\u00fcrnberg und gut erreichbar an der A3 liegt unsere Service- und Vermietstation in Weisendorf, die im Juli 2015 er\u00f6ffnet wurde. Patrick Meisner und sein Team beraten Sie gern hinsichtlich aller Fragen rund um die Klaas Serviceleistungen.[\/vc_column_text][js_contacts type_of_address=&#8220;ansprechpartner&#8220; ansprechpartnercontact=&#8220;2135&#8243;][\/vc_column_inner][\/vc_row_inner][vc_separator][vc_row_inner][vc_column_inner][vc_column_text]<\/p>\n<h2><strong>Service- und Vermietstation\u00a0<\/strong><strong>T\u00fcbingen<\/strong><\/h2>\n<p>[\/vc_column_text][\/vc_column_inner][\/vc_row_inner][vc_row_inner][vc_column_inner width=&#8220;1\/2&#8243;][vc_column_text]<img loading=\"lazy\" decoding=\"async\" class=\"alignnone wp-image-2792 size-large\" src=\"https:\/\/klaas.com\/wp-content\/uploads\/tuebingen-1024x628.jpg\" alt=\"\" width=\"680\" height=\"417\" srcset=\"https:\/\/klaas.com\/wp-content\/uploads\/tuebingen-1024x628.jpg 1024w, https:\/\/klaas.com\/wp-content\/uploads\/tuebingen-300x184.jpg 300w, https:\/\/klaas.com\/wp-content\/uploads\/tuebingen-768x471.jpg 768w, https:\/\/klaas.com\/wp-content\/uploads\/tuebingen.jpg 1060w\" sizes=\"auto, (max-width: 680px) 100vw, 680px\" \/>[\/vc_column_text][\/vc_column_inner][vc_column_inner width=&#8220;1\/2&#8243;][vc_column_text]Um unsere Kunden im s\u00fcddeutschen Raum optimal betreuen zu k\u00f6nnen, wurde 2009 die Klaas Niederlassung T\u00fcbingen er\u00f6ffnet. Neben dem bew\u00e4hrten Service rund um Reparatur und Wartung k\u00f6nnen auch dort Auto- und Anh\u00e4ngerkrane in verschiedenen Gr\u00f6\u00dfen und Leistungsklassen gemietet werden.<\/p>\n<p>Video: <a href=\"https:\/\/www.youtube.com\/watch?v=g4NgOdNUQhw\" target=\"_blank\" rel=\"noopener\">Niederlassung T\u00fcbingen<\/a>[\/vc_column_text][js_contacts type_of_address=&#8220;ansprechpartner&#8220; ansprechpartnercontact=&#8220;2116&#8243;][\/vc_column_inner][\/vc_row_inner][vc_separator][vc_row_inner][vc_column_inner][vc_column_text]<\/p>\n<h2><strong>Service- und Vermietstation\u00a0<\/strong><strong>M\u00fcnchen<\/strong><\/h2>\n<p>[\/vc_column_text][\/vc_column_inner][\/vc_row_inner][vc_row_inner][vc_column_inner width=&#8220;1\/2&#8243;][vc_column_text]<img loading=\"lazy\" decoding=\"async\" class=\"alignnone wp-image-2790 size-large\" src=\"https:\/\/klaas.com\/wp-content\/uploads\/muenchen-768x435.jpg\" alt=\"\" width=\"680\" height=\"417\" \/>[\/vc_column_text][\/vc_column_inner][vc_column_inner width=&#8220;1\/2&#8243;][vc_column_text]In Mammendorf, an der A8 zwischen Augsburg und M\u00fcnchen gelegen, finden Kunden unsere Niederlassung M\u00fcnchen. Zum Mietangebot geh\u00f6ren Auto- und Anh\u00e4ngerkrane, Dachdecker- und M\u00f6belaufz\u00fcge sowie umfangreiches Zubeh\u00f6r. Selbstverst\u00e4ndlich bieten Rainer Koppe und seine Mitarbeiter auch hier das gewohnte Leistungsspektrum von Wartung- und Reparatur an.[\/vc_column_text][js_contacts type_of_address=&#8220;ansprechpartner&#8220; ansprechpartnercontact=&#8220;2129&#8243;][\/vc_column_inner][\/vc_row_inner][\/vc_column][\/vc_row]<\/p>\n<\/div>","protected":false},"excerpt":{"rendered":"<p>[vc_row][vc_column][vc_row_inner][vc_column_inner width=&#8220;1\/2&#8243;][vc_column_text] Kurze Wege, starker Service [\/vc_column_text][\/vc_column_inner][vc_column_inner width=&#8220;1\/2&#8243;][vc_column_text]Auch nach \u00dcbergabe und Ger\u00e4teeinweisung sind wir f\u00fcr unsere Kunden da: Das Klaas Servicepaket reicht von der regelm\u00e4\u00dfigen UVV-Abnahme bis hin zur Maschinenwartung und Reparatur. Damit Ihr Weg zu uns m\u00f6glichst kurz ist, haben wir unser Servicenetz auf mittlerweile neun deutsche Standorte und weitere externe Servicepartner ausgeweitet. Unsere&#8230;  <a class=\"excerpt-read-more\" href=\"https:\/\/klaas.com\/de\/unternehmen\/standorte\/\" title=\"Read Standorte\">Weiter &raquo;<\/a><\/p>\n","protected":false},"author":6,"featured_media":0,"parent":6,"menu_order":84,"comment_status":"closed","ping_status":"closed","template":"","meta":{"_acf_changed":false,"inline_featured_image":false,"footnotes":""},"class_list":["post-13","page","type-page","status-publish","hentry"],"acf":[],"_links":{"self":[{"href":"https:\/\/klaas.com\/de\/wp-json\/wp\/v2\/pages\/13","targetHints":{"allow":["GET"]}}],"collection":[{"href":"https:\/\/klaas.com\/de\/wp-json\/wp\/v2\/pages"}],"about":[{"href":"https:\/\/klaas.com\/de\/wp-json\/wp\/v2\/types\/page"}],"author":[{"embeddable":true,"href":"https:\/\/klaas.com\/de\/wp-json\/wp\/v2\/users\/6"}],"replies":[{"embeddable":true,"href":"https:\/\/klaas.com\/de\/wp-json\/wp\/v2\/comments?post=13"}],"version-history":[{"count":50,"href":"https:\/\/klaas.com\/de\/wp-json\/wp\/v2\/pages\/13\/revisions"}],"predecessor-version":[{"id":91389,"href":"https:\/\/klaas.com\/de\/wp-json\/wp\/v2\/pages\/13\/revisions\/91389"}],"up":[{"embeddable":true,"href":"https:\/\/klaas.com\/de\/wp-json\/wp\/v2\/pages\/6"}],"wp:attachment":[{"href":"https:\/\/klaas.com\/de\/wp-json\/wp\/v2\/media?parent=13"}],"curies":[{"name":"wp","href":"https:\/\/api.w.org\/{rel}","templated":true}]}}