



{"id":15,"date":"2017-06-12T11:01:23","date_gmt":"2017-06-12T09:01:23","guid":{"rendered":"https:\/\/klaas.com\/?page_id=15"},"modified":"2024-08-15T11:44:53","modified_gmt":"2024-08-15T09:44:53","slug":"jobs-und-karriere","status":"publish","type":"page","link":"https:\/\/klaas.com\/de\/unternehmen\/jobs-und-karriere\/","title":{"rendered":"Jobs und Karriere"},"content":{"rendered":"<div class=\"wpb-content-wrapper\"><p>[vc_row css=&#8220;.vc_custom_1685078574961{padding-bottom: 50px !important;}&#8220;][vc_column][vc_row_inner][vc_column_inner width=&#8220;1\/2&#8243;][vc_column_text]<\/p>\n<h1><em>Arbeiten bei Klaas<\/em><\/h1>\n<p>[\/vc_column_text][\/vc_column_inner][vc_column_inner width=&#8220;1\/2&#8243;][vc_column_text]Seit der Gr\u00fcndung im Jahr 1933 hat sich Klaas von einem Ein-Mann-Unternehmen\u00a0zu einem der f\u00fchrenden Hersteller und Trendsetter im\u00a0Alu-Kranbau entwickelt. Unsere Produkte werden mittlerweile weltweit\u00a0vertrieben: Rund 80 % der Schr\u00e4gaufz\u00fcge und etwa 50 % der hergestellten\u00a0Krane werden inzwischen exportiert. Bis heute sind wir ein familiengef\u00fchrtes\u00a0Unternehmen geblieben, in dem ein partnerschaftliches Miteinander\u00a0gro\u00df geschrieben wird. Daf\u00fcr spricht nicht zuletzt die gro\u00dfe\u00a0Anzahl an Mitarbeitern, die jedes Jahr f\u00fcr ihre langj\u00e4hrige Unternehmenstreue\u00a0geehrt werden.<\/p>\n<p><strong>Gerne k\u00f6nnt Ihr euch auch initiativ bei uns bewerben. Wir sind st\u00e4ndig auf der Suche nach engagierten Teamkollegen (m\/w\/d), die uns tatkr\u00e4ftig unterst\u00fctzen m\u00f6chten.<\/strong><\/p>\n<p>Alle Neuigkeiten zum Thema &#8222;Karriere bei Klaas&#8220; findest Du auch auf unserem Instagram-Account.[\/vc_column_text][js_download_button show_link_download1=&#8220;linkinstagram&#8220; btntext=&#8220;Klaas Karriere&#8220; link1=&#8220;url:https%3A%2F%2Fwww.instagram.com%2Fklaas_karriere|target:_blank&#8220;][\/vc_column_inner][\/vc_row_inner][\/vc_column][\/vc_row][vc_row full_width=&#8220;stretch_row&#8220; css=&#8220;.vc_custom_1685078555253{background-image: url(https:\/\/klaas.com\/wp-content\/uploads\/hr_leistungen_bg-scaled.jpg?id=78334) !important;background-position: center !important;background-repeat: no-repeat !important;background-size: cover !important;}&#8220; el_class=&#8220;hr-benefits-container&#8220;][vc_column][vc_row_inner][vc_column_inner][vc_column_text]<\/p>\n<h2>Was wir unseren Mitarbeitern bieten<\/h2>\n<p>[\/vc_column_text][\/vc_column_inner][\/vc_row_inner][vc_row_inner][vc_column_inner width=&#8220;1\/2&#8243;][vc_column_text]<\/p>\n<table>\n<tbody>\n<tr>\n<td><img decoding=\"async\" class=\"alignleft\" src=\"https:\/\/klaas.com\/wp-content\/uploads\/Bezahlung_w.svg\" \/><\/td>\n<td>Tarifliche Bezahlung<\/td>\n<\/tr>\n<tr>\n<td><img decoding=\"async\" class=\"alignleft\" src=\"https:\/\/klaas.com\/wp-content\/uploads\/Icon_Urlaub_w.svg\" \/><\/td>\n<td>30 Tage Urlaub<\/td>\n<\/tr>\n<tr>\n<td><img decoding=\"async\" class=\"alignleft\" src=\"https:\/\/klaas.com\/wp-content\/uploads\/Icon_Sonderzahlung_w.svg\" \/><\/td>\n<td>Sonderzahlungen<\/td>\n<\/tr>\n<tr>\n<td><img decoding=\"async\" class=\"alignleft\" src=\"https:\/\/klaas.com\/wp-content\/uploads\/Icon_Schulungen.svg\" \/><\/td>\n<td>Schulungen\/Pr\u00fcfungsvorbereitung<\/td>\n<\/tr>\n<tr>\n<td><img decoding=\"async\" class=\"alignleft\" src=\"https:\/\/klaas.com\/wp-content\/uploads\/Icon_Arbeitskleidung.svg\" \/><\/td>\n<td>Arbeitskleidung<\/td>\n<\/tr>\n<\/tbody>\n<\/table>\n<p>[\/vc_column_text][\/vc_column_inner][vc_column_inner width=&#8220;1\/2&#8243;][vc_column_text]<\/p>\n<table>\n<tbody>\n<tr>\n<td><img decoding=\"async\" class=\"alignleft\" src=\"https:\/\/klaas.com\/wp-content\/uploads\/Icon_E-Bike_w.svg\" \/><\/td>\n<td>Kostenfreie E-Bike Nutzung<\/td>\n<\/tr>\n<tr>\n<td><img decoding=\"async\" class=\"alignleft\" src=\"https:\/\/klaas.com\/wp-content\/uploads\/Icon_Fitness2_w.svg\" \/><\/td>\n<td>Firmenfitness<\/td>\n<\/tr>\n<tr>\n<td><img decoding=\"async\" class=\"alignleft\" src=\"https:\/\/klaas.com\/wp-content\/uploads\/Icon_firmenevents.svg\" \/><\/td>\n<td>Firmenevents<\/td>\n<\/tr>\n<tr>\n<td><img decoding=\"async\" class=\"alignleft\" src=\"https:\/\/klaas.com\/wp-content\/uploads\/Icon_Kantine.svg\" \/><\/td>\n<td>Kantine<\/td>\n<\/tr>\n<tr>\n<td><img decoding=\"async\" class=\"alignleft\" src=\"https:\/\/klaas.com\/wp-content\/uploads\/Icon_Gratisgetraenke.svg\" \/><\/td>\n<td>Gratisgetra\u0308nke<\/td>\n<\/tr>\n<\/tbody>\n<\/table>\n<p>[\/vc_column_text][\/vc_column_inner][\/vc_row_inner][\/vc_column][\/vc_row][vc_row][vc_column][vc_row_inner][vc_column_inner][vc_column_text]<\/p>\n<h1>Offene Stellen<\/h1>\n<p>[\/vc_column_text][js__jobs showwhat=&#8220;jobs&#8220; showhow=&#8220;accordeon&#8220; group_by_location=&#8220;true&#8220;][\/vc_column_inner][\/vc_row_inner][vc_separator][vc_row_inner][vc_column_inner][vc_column_text]<\/p>\n<h1><em>Ausbildung bei Klaas<\/em><br \/>\nIn Zukunft hoch hinaus<\/h1>\n<p>[\/vc_column_text][\/vc_column_inner][\/vc_row_inner][vc_row_inner][vc_column_inner width=&#8220;1\/2&#8243;][vc_column_text css=&#8220;&#8220;]Technisch anspruchsvolle und innovative Ger\u00e4te machen uns zu einem interessanten Ausbildungsbetrieb. Wir bieten Ausbildungsberufe mit Perspektive und sehr gute Chancen auf eine Weiterbesch\u00e4ftigung nach bestandener Pr\u00fcfung.<\/p>\n<p>Dieses <a href=\"https:\/\/www.youtube.com\/watch?v=DIe5uH8czFA\" target=\"_blank\" rel=\"noopener noreferrer\">Video<\/a> gibt erste Einblicke in den Beruf des Feinwerkmechanikers.[\/vc_column_text][\/vc_column_inner][vc_column_inner width=&#8220;1\/2&#8243;][vc_column_text]<img loading=\"lazy\" decoding=\"async\" class=\"alignnone wp-image-74543 size-large\" src=\"https:\/\/klaas.com\/wp-content\/uploads\/ausbildung-hoch-hinaus-1024x682.jpg\" alt=\"\" width=\"680\" height=\"453\" srcset=\"https:\/\/klaas.com\/wp-content\/uploads\/ausbildung-hoch-hinaus-1024x682.jpg 1024w, https:\/\/klaas.com\/wp-content\/uploads\/ausbildung-hoch-hinaus-300x200.jpg 300w, https:\/\/klaas.com\/wp-content\/uploads\/ausbildung-hoch-hinaus-768x512.jpg 768w, https:\/\/klaas.com\/wp-content\/uploads\/ausbildung-hoch-hinaus-1536x1023.jpg 1536w, https:\/\/klaas.com\/wp-content\/uploads\/ausbildung-hoch-hinaus-600x400.jpg 600w, https:\/\/klaas.com\/wp-content\/uploads\/ausbildung-hoch-hinaus.jpg 1600w\" sizes=\"auto, (max-width: 680px) 100vw, 680px\" \/>[\/vc_column_text][\/vc_column_inner][\/vc_row_inner][vc_separator][vc_row_inner][vc_column_inner][vc_column_text]<\/p>\n<h1>Unsere Ausbildungsberufe<\/h1>\n<p>[\/vc_column_text][js__jobs showwhat=&#8220;ausbildungsjobs&#8220; showhow=&#8220;accordeon&#8220;][\/vc_column_inner][\/vc_row_inner][\/vc_column][\/vc_row]<\/p>\n<\/div>","protected":false},"excerpt":{"rendered":"<p>[vc_row css=&#8220;.vc_custom_1685078574961{padding-bottom: 50px !important;}&#8220;][vc_column][vc_row_inner][vc_column_inner width=&#8220;1\/2&#8243;][vc_column_text] Arbeiten bei Klaas [\/vc_column_text][\/vc_column_inner][vc_column_inner width=&#8220;1\/2&#8243;][vc_column_text]Seit der Gr\u00fcndung im Jahr 1933 hat sich Klaas von einem Ein-Mann-Unternehmen\u00a0zu einem der f\u00fchrenden Hersteller und Trendsetter im\u00a0Alu-Kranbau entwickelt. Unsere Produkte werden mittlerweile weltweit\u00a0vertrieben: Rund 80 % der Schr\u00e4gaufz\u00fcge und etwa 50 % der hergestellten\u00a0Krane werden inzwischen exportiert. Bis heute sind wir ein familiengef\u00fchrtes\u00a0Unternehmen geblieben,&#8230;  <a class=\"excerpt-read-more\" href=\"https:\/\/klaas.com\/de\/unternehmen\/jobs-und-karriere\/\" title=\"Read Jobs und Karriere\">Weiter &raquo;<\/a><\/p>\n","protected":false},"author":6,"featured_media":0,"parent":6,"menu_order":66,"comment_status":"closed","ping_status":"closed","template":"","meta":{"_acf_changed":false,"inline_featured_image":false,"footnotes":""},"class_list":["post-15","page","type-page","status-publish","hentry"],"acf":[],"_links":{"self":[{"href":"https:\/\/klaas.com\/de\/wp-json\/wp\/v2\/pages\/15","targetHints":{"allow":["GET"]}}],"collection":[{"href":"https:\/\/klaas.com\/de\/wp-json\/wp\/v2\/pages"}],"about":[{"href":"https:\/\/klaas.com\/de\/wp-json\/wp\/v2\/types\/page"}],"author":[{"embeddable":true,"href":"https:\/\/klaas.com\/de\/wp-json\/wp\/v2\/users\/6"}],"replies":[{"embeddable":true,"href":"https:\/\/klaas.com\/de\/wp-json\/wp\/v2\/comments?post=15"}],"version-history":[{"count":49,"href":"https:\/\/klaas.com\/de\/wp-json\/wp\/v2\/pages\/15\/revisions"}],"predecessor-version":[{"id":83360,"href":"https:\/\/klaas.com\/de\/wp-json\/wp\/v2\/pages\/15\/revisions\/83360"}],"up":[{"embeddable":true,"href":"https:\/\/klaas.com\/de\/wp-json\/wp\/v2\/pages\/6"}],"wp:attachment":[{"href":"https:\/\/klaas.com\/de\/wp-json\/wp\/v2\/media?parent=15"}],"curies":[{"name":"wp","href":"https:\/\/api.w.org\/{rel}","templated":true}]}}