



{"id":19,"date":"2017-06-12T11:02:57","date_gmt":"2017-06-12T09:02:57","guid":{"rendered":"https:\/\/klaas.com\/?page_id=19"},"modified":"2021-06-09T08:21:10","modified_gmt":"2021-06-09T06:21:10","slug":"anhaengerkrane","status":"publish","type":"page","link":"https:\/\/klaas.com\/de\/produkte\/anhaengerkrane\/","title":{"rendered":"Anh\u00e4ngerkrane"},"content":{"rendered":"<div class=\"wpb-content-wrapper\"><p>[vc_row][vc_column][vc_row_inner][vc_column_inner][js_productcattable productartselect=&#8220;8&#8243;][\/vc_column_inner][\/vc_row_inner][js_mood_text pos_container=&#8220;ptopright&#8220; image=&#8220;2386&#8243; background_color=&#8220;lightgray&#8220;]<\/p>\n<h2>Durchdacht bis ins Detail<\/h2>\n<p>Klaas Anh\u00e4ngerkrane spielen ihre St\u00e4rken im innerst\u00e4dtischen Bereich und auf Baustellen mit beengten Zug\u00e4nglichkeiten aus. So k\u00f6nnen sie in Innenh\u00f6fen oder im Innern gro\u00dfer Geb\u00e4ude aufgebaut werden, wenn schmale Zufahrten den Aufbau eines Autokrans unm\u00f6glich machen. Auch sie sind mit dem Klaas Alu-Mast ausgestattet, der geringes Eigengewicht und hohe Ausladungswerte miteinander vereint. Dank des ferngesteuerten <a href=\"https:\/\/www.youtube.com\/watch?v=_SUQdIm74F0\">Selbstfahrantriebs<\/a> k\u00f6nnen die Anh\u00e4nger m\u00fchelos auch auf engstem Raum rangiert werden.[\/js_mood_text][vc_row_inner][vc_column_inner][js_contenttemplates contenttemplate=&#8220;70687&#8243;][js_contenttemplates contenttemplate=&#8220;3451&#8243;][js_contenttemplates contenttemplate=&#8220;70701&#8243;][js_contenttemplates contenttemplate=&#8220;62462&#8243;][\/vc_column_inner][\/vc_row_inner][\/vc_column][\/vc_row]<\/p>\n<\/div>","protected":false},"excerpt":{"rendered":"<p>[vc_row][vc_column][vc_row_inner][vc_column_inner][js_productcattable productartselect=&#8220;8&#8243;][\/vc_column_inner][\/vc_row_inner][js_mood_text pos_container=&#8220;ptopright&#8220; image=&#8220;2386&#8243; background_color=&#8220;lightgray&#8220;] Durchdacht bis ins Detail Klaas Anh\u00e4ngerkrane spielen ihre St\u00e4rken im innerst\u00e4dtischen Bereich und auf Baustellen mit beengten Zug\u00e4nglichkeiten aus. So k\u00f6nnen sie in Innenh\u00f6fen oder im Innern gro\u00dfer Geb\u00e4ude aufgebaut werden, wenn schmale Zufahrten den Aufbau eines Autokrans unm\u00f6glich machen. Auch sie sind mit dem Klaas Alu-Mast ausgestattet, der geringes&#8230;  <a class=\"excerpt-read-more\" href=\"https:\/\/klaas.com\/de\/produkte\/anhaengerkrane\/\" title=\"Read Anh\u00e4ngerkrane\">Weiter &raquo;<\/a><\/p>\n","protected":false},"author":6,"featured_media":0,"parent":17,"menu_order":11,"comment_status":"closed","ping_status":"closed","template":"","meta":{"_acf_changed":false,"inline_featured_image":false,"footnotes":""},"class_list":["post-19","page","type-page","status-publish","hentry"],"acf":[],"_links":{"self":[{"href":"https:\/\/klaas.com\/de\/wp-json\/wp\/v2\/pages\/19","targetHints":{"allow":["GET"]}}],"collection":[{"href":"https:\/\/klaas.com\/de\/wp-json\/wp\/v2\/pages"}],"about":[{"href":"https:\/\/klaas.com\/de\/wp-json\/wp\/v2\/types\/page"}],"author":[{"embeddable":true,"href":"https:\/\/klaas.com\/de\/wp-json\/wp\/v2\/users\/6"}],"replies":[{"embeddable":true,"href":"https:\/\/klaas.com\/de\/wp-json\/wp\/v2\/comments?post=19"}],"version-history":[{"count":7,"href":"https:\/\/klaas.com\/de\/wp-json\/wp\/v2\/pages\/19\/revisions"}],"predecessor-version":[{"id":70703,"href":"https:\/\/klaas.com\/de\/wp-json\/wp\/v2\/pages\/19\/revisions\/70703"}],"up":[{"embeddable":true,"href":"https:\/\/klaas.com\/de\/wp-json\/wp\/v2\/pages\/17"}],"wp:attachment":[{"href":"https:\/\/klaas.com\/de\/wp-json\/wp\/v2\/media?parent=19"}],"curies":[{"name":"wp","href":"https:\/\/api.w.org\/{rel}","templated":true}]}}