



{"id":21,"date":"2017-06-12T11:03:07","date_gmt":"2017-06-12T09:03:07","guid":{"rendered":"https:\/\/klaas.com\/?page_id=21"},"modified":"2018-10-31T12:31:39","modified_gmt":"2018-10-31T11:31:39","slug":"autokrane","status":"publish","type":"page","link":"https:\/\/klaas.com\/de\/produkte\/autokrane\/","title":{"rendered":"Autokrane"},"content":{"rendered":"<div class=\"wpb-content-wrapper\"><p>[vc_row][vc_column][vc_row_inner][vc_column_inner][js_productcattable productartselect=&#8220;9&#8243;][\/vc_column_inner][\/vc_row_inner][js_mood_text pos_container=&#8220;ptopright&#8220; image=&#8220;2389&#8243; background_color=&#8220;lightgray&#8220;]<\/p>\n<h2>Mehr als nur H\u00f6he<\/h2>\n<p>Klaas Autokrane haben dank ihres auff\u00e4lligen Mastsystems und der Vollverkleidung mit abschlie\u00dfbaren Stauf\u00e4chern eine unverwechselbare Optik. Sie erreichen nicht nur extreme H\u00f6hen, sondern auch ausgezeichnete Ausladungswerte selbst bei hohen Lasten. Durchdacht bis ins Detail orientieren sie sich stets an den Bed\u00fcrfnissen ihrer Nutzer und erm\u00f6glichen ihnen bequemes und wirtschaftliches Arbeiten. Dank ihrer enormen Reichweiten ist der Materialtransport auch auf die Dachr\u00fcckseite gro\u00dfer Geb\u00e4ude problemlos und ohne Umsetzen des Krans m\u00f6glich.[\/js_mood_text][vc_row_inner][vc_column_inner][js_contenttemplates contenttemplate=&#8220;530&#8243;][js_contenttemplates contenttemplate=&#8220;535&#8243;][js_contenttemplates contenttemplate=&#8220;2353&#8243;][js_contenttemplates contenttemplate=&#8220;55705&#8243;][\/vc_column_inner][\/vc_row_inner][\/vc_column][\/vc_row][vc_row][vc_column][vc_row_inner][vc_column_inner][\/vc_column_inner][\/vc_row_inner][\/vc_column][\/vc_row]<\/p>\n<\/div>","protected":false},"excerpt":{"rendered":"<p>[vc_row][vc_column][vc_row_inner][vc_column_inner][js_productcattable productartselect=&#8220;9&#8243;][\/vc_column_inner][\/vc_row_inner][js_mood_text pos_container=&#8220;ptopright&#8220; image=&#8220;2389&#8243; background_color=&#8220;lightgray&#8220;] Mehr als nur H\u00f6he Klaas Autokrane haben dank ihres auff\u00e4lligen Mastsystems und der Vollverkleidung mit abschlie\u00dfbaren Stauf\u00e4chern eine unverwechselbare Optik. Sie erreichen nicht nur extreme H\u00f6hen, sondern auch ausgezeichnete Ausladungswerte selbst bei hohen Lasten. Durchdacht bis ins Detail orientieren sie sich stets an den Bed\u00fcrfnissen ihrer Nutzer und erm\u00f6glichen ihnen&#8230;  <a class=\"excerpt-read-more\" href=\"https:\/\/klaas.com\/de\/produkte\/autokrane\/\" title=\"Read Autokrane\">Weiter &raquo;<\/a><\/p>\n","protected":false},"author":6,"featured_media":0,"parent":17,"menu_order":13,"comment_status":"closed","ping_status":"closed","template":"","meta":{"_acf_changed":false,"inline_featured_image":false,"footnotes":""},"class_list":["post-21","page","type-page","status-publish","hentry"],"acf":[],"_links":{"self":[{"href":"https:\/\/klaas.com\/de\/wp-json\/wp\/v2\/pages\/21","targetHints":{"allow":["GET"]}}],"collection":[{"href":"https:\/\/klaas.com\/de\/wp-json\/wp\/v2\/pages"}],"about":[{"href":"https:\/\/klaas.com\/de\/wp-json\/wp\/v2\/types\/page"}],"author":[{"embeddable":true,"href":"https:\/\/klaas.com\/de\/wp-json\/wp\/v2\/users\/6"}],"replies":[{"embeddable":true,"href":"https:\/\/klaas.com\/de\/wp-json\/wp\/v2\/comments?post=21"}],"version-history":[{"count":2,"href":"https:\/\/klaas.com\/de\/wp-json\/wp\/v2\/pages\/21\/revisions"}],"predecessor-version":[{"id":57371,"href":"https:\/\/klaas.com\/de\/wp-json\/wp\/v2\/pages\/21\/revisions\/57371"}],"up":[{"embeddable":true,"href":"https:\/\/klaas.com\/de\/wp-json\/wp\/v2\/pages\/17"}],"wp:attachment":[{"href":"https:\/\/klaas.com\/de\/wp-json\/wp\/v2\/media?parent=21"}],"curies":[{"name":"wp","href":"https:\/\/api.w.org\/{rel}","templated":true}]}}