



{"id":23,"date":"2017-06-12T11:03:47","date_gmt":"2017-06-12T09:03:47","guid":{"rendered":"https:\/\/klaas.com\/?page_id=23"},"modified":"2026-01-20T10:55:37","modified_gmt":"2026-01-20T09:55:37","slug":"hubarbeitsbuehnen","status":"publish","type":"page","link":"https:\/\/klaas.com\/de\/produkte\/hubarbeitsbuehnen\/","title":{"rendered":"Hubarbeitsb\u00fchnen"},"content":{"rendered":"<div class=\"wpb-content-wrapper\"><p>[vc_row][vc_column][vc_row_inner][vc_column_inner][js_productcattable productartselect=&#8220;12&#8243;][\/vc_column_inner][\/vc_row_inner][js_mood_text pos_container=&#8220;ptopright&#8220; image=&#8220;2384&#8243; background_color=&#8220;lightgray&#8220;]<\/p>\n<h2>Weit ist unsere St\u00e4rke<\/h2>\n<p>Die leistungsstarken Klaas Hubarbeitsb\u00fchnen basieren auf unserer jahrzehntelangen Erfahrung in der Entwicklung von Mobilkranen mit Aluminiumauslegern und integrierter Arbeitsb\u00fchnenfunktion. Diese spiegelt sich in einer durchdachten Konstruktion, hoher Zuverl\u00e4ssigkeit und maximaler Praxistauglichkeit wider.<\/p>\n<p>Dank der intuitiven Bedienung und der ausgereiften Technik lassen sich die B\u00fchnen schnell, sicher und komfortabel direkt \u00fcber das Bedienpult auf- und abbauen. Die wartungsarme Seiltechnik erlaubt zudem ein Teleskopieren unter Last, wodurch selbst schwer zug\u00e4ngliche oder komplexe Arbeitsbereiche m\u00fchelos und pr\u00e4zise erreicht werden k\u00f6nnen.[\/js_mood_text][vc_row_inner][vc_column_inner][js_contenttemplates contenttemplate=&#8220;2307&#8243;][js_contenttemplates contenttemplate=&#8220;2308&#8243;][js_contenttemplates contenttemplate=&#8220;2309&#8243;][\/vc_column_inner][\/vc_row_inner][\/vc_column][\/vc_row]<\/p>\n<\/div>","protected":false},"excerpt":{"rendered":"<p>[vc_row][vc_column][vc_row_inner][vc_column_inner][js_productcattable productartselect=&#8220;12&#8243;][\/vc_column_inner][\/vc_row_inner][js_mood_text pos_container=&#8220;ptopright&#8220; image=&#8220;2384&#8243; background_color=&#8220;lightgray&#8220;] Weit ist unsere St\u00e4rke Die leistungsstarken Klaas Hubarbeitsb\u00fchnen basieren auf unserer jahrzehntelangen Erfahrung in der Entwicklung von Mobilkranen mit Aluminiumauslegern und integrierter Arbeitsb\u00fchnenfunktion. Diese spiegelt sich in einer durchdachten Konstruktion, hoher Zuverl\u00e4ssigkeit und maximaler Praxistauglichkeit wider. Dank der intuitiven Bedienung und der ausgereiften Technik lassen sich die B\u00fchnen schnell, sicher&#8230;  <a class=\"excerpt-read-more\" href=\"https:\/\/klaas.com\/de\/produkte\/hubarbeitsbuehnen\/\" title=\"Read Hubarbeitsb\u00fchnen\">Weiter &raquo;<\/a><\/p>\n","protected":false},"author":6,"featured_media":0,"parent":17,"menu_order":20,"comment_status":"closed","ping_status":"closed","template":"","meta":{"_acf_changed":false,"inline_featured_image":false,"footnotes":""},"class_list":["post-23","page","type-page","status-publish","hentry"],"acf":[],"_links":{"self":[{"href":"https:\/\/klaas.com\/de\/wp-json\/wp\/v2\/pages\/23","targetHints":{"allow":["GET"]}}],"collection":[{"href":"https:\/\/klaas.com\/de\/wp-json\/wp\/v2\/pages"}],"about":[{"href":"https:\/\/klaas.com\/de\/wp-json\/wp\/v2\/types\/page"}],"author":[{"embeddable":true,"href":"https:\/\/klaas.com\/de\/wp-json\/wp\/v2\/users\/6"}],"replies":[{"embeddable":true,"href":"https:\/\/klaas.com\/de\/wp-json\/wp\/v2\/comments?post=23"}],"version-history":[{"count":8,"href":"https:\/\/klaas.com\/de\/wp-json\/wp\/v2\/pages\/23\/revisions"}],"predecessor-version":[{"id":90295,"href":"https:\/\/klaas.com\/de\/wp-json\/wp\/v2\/pages\/23\/revisions\/90295"}],"up":[{"embeddable":true,"href":"https:\/\/klaas.com\/de\/wp-json\/wp\/v2\/pages\/17"}],"wp:attachment":[{"href":"https:\/\/klaas.com\/de\/wp-json\/wp\/v2\/media?parent=23"}],"curies":[{"name":"wp","href":"https:\/\/api.w.org\/{rel}","templated":true}]}}