



{"id":25,"date":"2017-06-12T11:04:03","date_gmt":"2017-06-12T09:04:03","guid":{"rendered":"https:\/\/klaas.com\/?page_id=25"},"modified":"2020-05-29T10:18:03","modified_gmt":"2020-05-29T08:18:03","slug":"moebelaufzuege","status":"publish","type":"page","link":"https:\/\/klaas.com\/de\/produkte\/moebelaufzuege\/","title":{"rendered":"M\u00f6belaufz\u00fcge"},"content":{"rendered":"<div class=\"wpb-content-wrapper\"><p>[vc_row][vc_column][vc_row_inner][vc_column_inner][js_productcattable productartselect=&#8220;10&#8243; sortby=&#8220;produktserie&#8220;][\/vc_column_inner][\/vc_row_inner][js_mood_text pos_container=&#8220;ptopright&#8220; image=&#8220;2338&#8243; background_color=&#8220;lightgray&#8220;]<\/p>\n<h2>Innovativ f\u00fcr Ihren Erfolg<\/h2>\n<p>F\u00fcr Unternehmen, die t\u00e4glich schwere oder sperrige Umzugsg\u00fcter von A nach B transportieren m\u00fcssen, ist die Arbeit ohne M\u00f6belaufzug fast unvorstellbar: Denn gro\u00dfe Gegenst\u00e4nde durch schmale und verwinkelte Treppenh\u00e4user in obere Etagen zu schaffen, kostet nicht nur enorm viel Kraft, sondern auch enorm viel Zeit. Und nicht selten gibt es \u00c4rger mit den Eigent\u00fcmern, wenn dabei etwas besch\u00e4digt wird.<\/p>\n<p>Ausgehend von seinem Ursprungsprodukt, dem Schr\u00e4gaufzug f\u00fcr den Bau, wurde Mitte der 80er Jahre der erste Klaas M\u00f6belaufzug entwickelt. In vielen Details verfeinert und den Marktgegebenheiten angepasst, umfasst die Klaas Produktpalette heute verschiedene Modelle, mit denen sich Umz\u00fcge und Transporte schnell und effizient abwickeln lassen: vom extrem leichten Toplight auf Anh\u00e4ngerfahrgestell bis hin zu LKW-Aufz\u00fcgen mit einer Schienenl\u00e4nge von bis zu 56 m.[\/js_mood_text][vc_row_inner][vc_column_inner][js_contenttemplates contenttemplate=&#8220;2310&#8243;][js_contenttemplates contenttemplate=&#8220;2312&#8243;][js_contenttemplates contenttemplate=&#8220;2313&#8243;][\/vc_column_inner][\/vc_row_inner][\/vc_column][\/vc_row]<\/p>\n<\/div>","protected":false},"excerpt":{"rendered":"<p>[vc_row][vc_column][vc_row_inner][vc_column_inner][js_productcattable productartselect=&#8220;10&#8243; sortby=&#8220;produktserie&#8220;][\/vc_column_inner][\/vc_row_inner][js_mood_text pos_container=&#8220;ptopright&#8220; image=&#8220;2338&#8243; background_color=&#8220;lightgray&#8220;] Innovativ f\u00fcr Ihren Erfolg F\u00fcr Unternehmen, die t\u00e4glich schwere oder sperrige Umzugsg\u00fcter von A nach B transportieren m\u00fcssen, ist die Arbeit ohne M\u00f6belaufzug fast unvorstellbar: Denn gro\u00dfe Gegenst\u00e4nde durch schmale und verwinkelte Treppenh\u00e4user in obere Etagen zu schaffen, kostet nicht nur enorm viel Kraft, sondern auch enorm viel Zeit&#8230;.  <a class=\"excerpt-read-more\" href=\"https:\/\/klaas.com\/de\/produkte\/moebelaufzuege\/\" title=\"Read M\u00f6belaufz\u00fcge\">Weiter &raquo;<\/a><\/p>\n","protected":false},"author":6,"featured_media":0,"parent":17,"menu_order":22,"comment_status":"closed","ping_status":"closed","template":"","meta":{"_acf_changed":false,"inline_featured_image":false,"footnotes":""},"class_list":["post-25","page","type-page","status-publish","hentry"],"acf":[],"_links":{"self":[{"href":"https:\/\/klaas.com\/de\/wp-json\/wp\/v2\/pages\/25","targetHints":{"allow":["GET"]}}],"collection":[{"href":"https:\/\/klaas.com\/de\/wp-json\/wp\/v2\/pages"}],"about":[{"href":"https:\/\/klaas.com\/de\/wp-json\/wp\/v2\/types\/page"}],"author":[{"embeddable":true,"href":"https:\/\/klaas.com\/de\/wp-json\/wp\/v2\/users\/6"}],"replies":[{"embeddable":true,"href":"https:\/\/klaas.com\/de\/wp-json\/wp\/v2\/comments?post=25"}],"version-history":[{"count":2,"href":"https:\/\/klaas.com\/de\/wp-json\/wp\/v2\/pages\/25\/revisions"}],"predecessor-version":[{"id":66823,"href":"https:\/\/klaas.com\/de\/wp-json\/wp\/v2\/pages\/25\/revisions\/66823"}],"up":[{"embeddable":true,"href":"https:\/\/klaas.com\/de\/wp-json\/wp\/v2\/pages\/17"}],"wp:attachment":[{"href":"https:\/\/klaas.com\/de\/wp-json\/wp\/v2\/media?parent=25"}],"curies":[{"name":"wp","href":"https:\/\/api.w.org\/{rel}","templated":true}]}}