



{"id":27,"date":"2017-06-12T11:04:18","date_gmt":"2017-06-12T09:04:18","guid":{"rendered":"https:\/\/klaas.com\/?page_id=27"},"modified":"2020-03-30T08:48:17","modified_gmt":"2020-03-30T06:48:17","slug":"bauaufzuege","status":"publish","type":"page","link":"https:\/\/klaas.com\/de\/produkte\/bauaufzuege\/","title":{"rendered":"Bauaufz\u00fcge"},"content":{"rendered":"<div class=\"wpb-content-wrapper\"><p>[vc_row][vc_column][vc_row_inner][vc_column_inner][js_productcattable productartselect=&#8220;11&#8243;][\/vc_column_inner][\/vc_row_inner][js_mood_text pos_container=&#8220;ptopright&#8220; image=&#8220;2330&#8243; background_color=&#8220;lightgray&#8220;]<\/p>\n<h2>Mit Sicherheit nach oben<\/h2>\n<p>Immer wieder vor das Problem gestellt, schwere Baumaterialien in die H\u00f6he transportieren zu m\u00fcssen, konstruierte Theodor Klaas 1947 den ersten Schr\u00e4gaufzug. \u00dcber die Jahre hinweg wurde dieser kontinuierlich optimiert und den Bed\u00fcrfnissen seiner Nutzer angepasst. Dabei standen nicht nur Material und Ausfahrl\u00e4nge im Fokus der Weiterentwicklung, sondern auch Fahreigenschaften und Sicherheit im Stra\u00dfenverkehr. Das Ergebnis: Variable, effiziente und zuverl\u00e4ssige Schr\u00e4gaufz\u00fcge, die die t\u00e4gliche Arbeit auf der Baustelle wesentlich erleichtern.[\/js_mood_text][vc_row_inner][vc_column_inner][js_contenttemplates contenttemplate=&#8220;2314&#8243;][js_contenttemplates contenttemplate=&#8220;2315&#8243;][js_contenttemplates contenttemplate=&#8220;2316&#8243;][\/vc_column_inner][\/vc_row_inner][\/vc_column][\/vc_row]<\/p>\n<\/div>","protected":false},"excerpt":{"rendered":"<p>[vc_row][vc_column][vc_row_inner][vc_column_inner][js_productcattable productartselect=&#8220;11&#8243;][\/vc_column_inner][\/vc_row_inner][js_mood_text pos_container=&#8220;ptopright&#8220; image=&#8220;2330&#8243; background_color=&#8220;lightgray&#8220;] Mit Sicherheit nach oben Immer wieder vor das Problem gestellt, schwere Baumaterialien in die H\u00f6he transportieren zu m\u00fcssen, konstruierte Theodor Klaas 1947 den ersten Schr\u00e4gaufzug. \u00dcber die Jahre hinweg wurde dieser kontinuierlich optimiert und den Bed\u00fcrfnissen seiner Nutzer angepasst. Dabei standen nicht nur Material und Ausfahrl\u00e4nge im Fokus der Weiterentwicklung,&#8230;  <a class=\"excerpt-read-more\" href=\"https:\/\/klaas.com\/de\/produkte\/bauaufzuege\/\" title=\"Read Bauaufz\u00fcge\">Weiter &raquo;<\/a><\/p>\n","protected":false},"author":6,"featured_media":0,"parent":17,"menu_order":14,"comment_status":"closed","ping_status":"closed","template":"","meta":{"_acf_changed":false,"inline_featured_image":false,"footnotes":""},"class_list":["post-27","page","type-page","status-publish","hentry"],"acf":[],"_links":{"self":[{"href":"https:\/\/klaas.com\/de\/wp-json\/wp\/v2\/pages\/27","targetHints":{"allow":["GET"]}}],"collection":[{"href":"https:\/\/klaas.com\/de\/wp-json\/wp\/v2\/pages"}],"about":[{"href":"https:\/\/klaas.com\/de\/wp-json\/wp\/v2\/types\/page"}],"author":[{"embeddable":true,"href":"https:\/\/klaas.com\/de\/wp-json\/wp\/v2\/users\/6"}],"replies":[{"embeddable":true,"href":"https:\/\/klaas.com\/de\/wp-json\/wp\/v2\/comments?post=27"}],"version-history":[{"count":1,"href":"https:\/\/klaas.com\/de\/wp-json\/wp\/v2\/pages\/27\/revisions"}],"predecessor-version":[{"id":66109,"href":"https:\/\/klaas.com\/de\/wp-json\/wp\/v2\/pages\/27\/revisions\/66109"}],"up":[{"embeddable":true,"href":"https:\/\/klaas.com\/de\/wp-json\/wp\/v2\/pages\/17"}],"wp:attachment":[{"href":"https:\/\/klaas.com\/de\/wp-json\/wp\/v2\/media?parent=27"}],"curies":[{"name":"wp","href":"https:\/\/api.w.org\/{rel}","templated":true}]}}