



{"id":281,"date":"2017-06-20T11:56:06","date_gmt":"2017-06-20T09:56:06","guid":{"rendered":"https:\/\/klaas.com\/?page_id=281"},"modified":"2024-04-25T10:01:21","modified_gmt":"2024-04-25T08:01:21","slug":"vertrieb","status":"publish","type":"page","link":"https:\/\/klaas.com\/de\/unternehmen\/vertrieb\/","title":{"rendered":"Vertrieb"},"content":{"rendered":"<div class=\"wpb-content-wrapper\"><p>[vc_row][vc_column][vc_row_inner][vc_column_inner width=&#8220;1\/2&#8243;][vc_column_text]<\/p>\n<h1><em>Qualit\u00e4t\u00a0zu fairen Preisen<\/em><\/h1>\n<p>[\/vc_column_text][\/vc_column_inner][vc_column_inner width=&#8220;1\/2&#8243;][vc_column_text]In Deutschland k\u00f6nnen Klaas Alu-Krane, Schr\u00e4gaufz\u00fcge und Hubarbeitsb\u00fchnen nur direkt \u00fcber uns als Hersteller bezogen werden. Dieser unmittelbare Vertriebsweg hat f\u00fcr unsere Kunden viele Vorteile \u2013 und das nicht nur beim Preisvergleich mit Wettbewerbsprodukten. Der direkte Kontakt und die konstruktiven Anregungen von Menschen, die mit unseren Ger\u00e4ten t\u00e4glich arbeiten, geben uns immer wieder Ansporn und neue Ideen, unsere Produkte praxisnah weiterzuentwickeln. So entstehen leistungsstarke Arbeitsger\u00e4te aus der Praxis f\u00fcr die Praxis.<\/p>\n<p>Damit Sie das richtige Ger\u00e4t f\u00fcr Ihre Einsatzzwecke finden, wird bei uns kompetente Beratung gro\u00df geschrieben: Unsere regionalen Verkaufsberater informieren Sie gern \u00fcber allen Fragen rund um Technik, Einsatz- und Finanzierungsm\u00f6glichkeiten und f\u00fchren Ihnen Krane und Aufz\u00fcge ausf\u00fchrlich vor. In unserem Werk in Ascheberg sind Sie jederzeit herzlich willkommen! Sehen Sie, wo wir arbeiten und wie Qualit\u00e4t \u201eMade in Germany\u201c entsteht.<\/p>\n<p>Unsere Produkte finden auch \u00fcber die Grenzen Deutschlands hinweg immer mehr Anh\u00e4nger. Mittlerweile wird ein Gro\u00dfteil der in Ascheberg hergestellten Ger\u00e4te im Ausland verkauft. Dort \u00fcbernehmen ausgew\u00e4hlte <a href=\"https:\/\/klaas.com\/de\/unternehmen\/haendler\/\">H\u00e4ndler<\/a> Beratung und Vertrieb unserer Produkte.[\/vc_column_text][\/vc_column_inner][\/vc_row_inner][\/vc_column][\/vc_row][vc_row el_class=&#8220;fullwidthsp&#8220; css=&#8220;.vc_custom_1506355148577{background-image: url(https:\/\/klaas.com\/wp-content\/uploads\/alu-fond-loop.jpg?id=3775) !important;}&#8220;][vc_column][vc_row_inner][vc_column_inner width=&#8220;1\/2&#8243;][vc_column_text el_class=&#8220;regionsmap&#8220;]<img loading=\"lazy\" decoding=\"async\" class=\"alignleft size-full wp-image-2962\" src=\"https:\/\/klaas.com\/wp-content\/uploads\/service-karte-de-de.png\" alt=\"\" width=\"1565\" height=\"2124\" \/>[\/vc_column_text][\/vc_column_inner][vc_column_inner width=&#8220;1\/2&#8243;][vc_column_text]<\/p>\n<h2>Beratung &amp; Vertrieb Deutschland<\/h2>\n<p>[\/vc_column_text][js_contactslist zustaendigkeitcontact=&#8220;111&#8243; subcat=&#8220;102&#8243; showaddress=&#8220;&#8220; showmaplink=&#8220;&#8220; catfilter=&#8220;DE -&#8222;][\/vc_column_inner][\/vc_row_inner][\/vc_column][\/vc_row][vc_row][vc_column][vc_row_inner][vc_column_inner][vc_column_text]<\/p>\n<h1><em>Ausprobieren ausdr\u00fccklich erw\u00fcnscht<\/em><\/h1>\n<p>[\/vc_column_text][\/vc_column_inner][\/vc_row_inner][vc_row_inner][vc_column_inner width=&#8220;1\/2&#8243;][vc_column_text]<img loading=\"lazy\" decoding=\"async\" class=\"size-medium wp-image-2757 aligncenter\" src=\"https:\/\/klaas.com\/wp-content\/uploads\/praxischeck-300x126.jpg\" alt=\"\" width=\"300\" height=\"126\" srcset=\"https:\/\/klaas.com\/wp-content\/uploads\/praxischeck-300x126.jpg 300w, https:\/\/klaas.com\/wp-content\/uploads\/praxischeck.jpg 740w\" sizes=\"auto, (max-width: 300px) 100vw, 300px\" \/>[\/vc_column_text][\/vc_column_inner][vc_column_inner width=&#8220;1\/2&#8243;][vc_column_text]Wo kann man die vielen Funktionen und Vorteile unserer Ger\u00e4te besser testen als vor Ort selber? Gern kommen unsere Verkaufsberater mit Ihrem Favoriten auf Ihre Baustelle. Nehmen Sie die Fernbedienung selbst in die Hand und machen Sie den Praxistest![\/vc_column_text][\/vc_column_inner][\/vc_row_inner][\/vc_column][\/vc_row]<\/p>\n<\/div>","protected":false},"excerpt":{"rendered":"<p>[vc_row][vc_column][vc_row_inner][vc_column_inner width=&#8220;1\/2&#8243;][vc_column_text] Qualit\u00e4t\u00a0zu fairen Preisen [\/vc_column_text][\/vc_column_inner][vc_column_inner width=&#8220;1\/2&#8243;][vc_column_text]In Deutschland k\u00f6nnen Klaas Alu-Krane, Schr\u00e4gaufz\u00fcge und Hubarbeitsb\u00fchnen nur direkt \u00fcber uns als Hersteller bezogen werden. Dieser unmittelbare Vertriebsweg hat f\u00fcr unsere Kunden viele Vorteile \u2013 und das nicht nur beim Preisvergleich mit Wettbewerbsprodukten. Der direkte Kontakt und die konstruktiven Anregungen von Menschen, die mit unseren Ger\u00e4ten t\u00e4glich arbeiten,&#8230;  <a class=\"excerpt-read-more\" href=\"https:\/\/klaas.com\/de\/unternehmen\/vertrieb\/\" title=\"Read Vertrieb\">Weiter &raquo;<\/a><\/p>\n","protected":false},"author":6,"featured_media":0,"parent":6,"menu_order":87,"comment_status":"closed","ping_status":"closed","template":"","meta":{"_acf_changed":false,"inline_featured_image":false,"footnotes":""},"class_list":["post-281","page","type-page","status-publish","hentry"],"acf":[],"_links":{"self":[{"href":"https:\/\/klaas.com\/de\/wp-json\/wp\/v2\/pages\/281","targetHints":{"allow":["GET"]}}],"collection":[{"href":"https:\/\/klaas.com\/de\/wp-json\/wp\/v2\/pages"}],"about":[{"href":"https:\/\/klaas.com\/de\/wp-json\/wp\/v2\/types\/page"}],"author":[{"embeddable":true,"href":"https:\/\/klaas.com\/de\/wp-json\/wp\/v2\/users\/6"}],"replies":[{"embeddable":true,"href":"https:\/\/klaas.com\/de\/wp-json\/wp\/v2\/comments?post=281"}],"version-history":[{"count":17,"href":"https:\/\/klaas.com\/de\/wp-json\/wp\/v2\/pages\/281\/revisions"}],"predecessor-version":[{"id":82408,"href":"https:\/\/klaas.com\/de\/wp-json\/wp\/v2\/pages\/281\/revisions\/82408"}],"up":[{"embeddable":true,"href":"https:\/\/klaas.com\/de\/wp-json\/wp\/v2\/pages\/6"}],"wp:attachment":[{"href":"https:\/\/klaas.com\/de\/wp-json\/wp\/v2\/media?parent=281"}],"curies":[{"name":"wp","href":"https:\/\/api.w.org\/{rel}","templated":true}]}}