



{"id":29,"date":"2017-06-12T11:04:47","date_gmt":"2017-06-12T09:04:47","guid":{"rendered":"https:\/\/klaas.com\/?page_id=29"},"modified":"2020-12-04T09:02:02","modified_gmt":"2020-12-04T08:02:02","slug":"feuerwehr","status":"publish","type":"page","link":"https:\/\/klaas.com\/de\/produkte\/feuerwehr\/","title":{"rendered":"Feuerwehr"},"content":{"rendered":"<div class=\"wpb-content-wrapper\"><p>[vc_row][vc_column][vc_row_inner][vc_column_inner width=&#8220;1\/4&#8243;][vc_column_text]<\/p>\n<h4 style=\"text-align: center;\"><a href=\"https:\/\/klaas.com\/de\/produkt\/theo20-fw\/\"><img loading=\"lazy\" decoding=\"async\" class=\"alignnone size-medium wp-image-68452\" src=\"https:\/\/klaas.com\/wp-content\/uploads\/theo20-fw-links-300x181.jpg\" alt=\"\" width=\"300\" height=\"181\" srcset=\"https:\/\/klaas.com\/wp-content\/uploads\/theo20-fw-links-300x181.jpg 300w, https:\/\/klaas.com\/wp-content\/uploads\/theo20-fw-links-1024x618.jpg 1024w, https:\/\/klaas.com\/wp-content\/uploads\/theo20-fw-links-768x464.jpg 768w, https:\/\/klaas.com\/wp-content\/uploads\/theo20-fw-links-1536x927.jpg 1536w, https:\/\/klaas.com\/wp-content\/uploads\/theo20-fw-links.jpg 1600w\" sizes=\"auto, (max-width: 300px) 100vw, 300px\" \/><\/a><br \/>\n<a href=\"https:\/\/klaas.com\/de\/produkt\/theo20-fw\/\">Theo20 FW<\/a><\/h4>\n<p>[\/vc_column_text][\/vc_column_inner][vc_column_inner width=&#8220;1\/4&#8243;][vc_column_text]<\/p>\n<h4 style=\"text-align: center;\"><a href=\"https:\/\/klaas.com\/produkt\/loescharm\/\"><img loading=\"lazy\" decoding=\"async\" class=\"size-medium wp-image-28213 aligncenter\" src=\"https:\/\/klaas.com\/wp-content\/uploads\/loscharm-d-300x188.jpg\" alt=\"\" width=\"300\" height=\"188\" srcset=\"https:\/\/klaas.com\/wp-content\/uploads\/loscharm-d-300x188.jpg 300w, https:\/\/klaas.com\/wp-content\/uploads\/loscharm-d-768x480.jpg 768w, https:\/\/klaas.com\/wp-content\/uploads\/loscharm-d-1024x640.jpg 1024w, https:\/\/klaas.com\/wp-content\/uploads\/loscharm-d.jpg 1600w\" sizes=\"auto, (max-width: 300px) 100vw, 300px\" \/>L\u00f6scharm<\/a><\/h4>\n<p>[\/vc_column_text][\/vc_column_inner][vc_column_inner width=&#8220;1\/4&#8243;][vc_column_text]<\/p>\n<h4 style=\"text-align: center;\"><a href=\"https:\/\/klaas.com\/produkt\/alufiver\/\"><img loading=\"lazy\" decoding=\"async\" class=\"aligncenter wp-image-28120 size-medium\" src=\"https:\/\/klaas.com\/wp-content\/uploads\/alufiver-d-300x188.jpg\" alt=\"\" width=\"300\" height=\"188\" srcset=\"https:\/\/klaas.com\/wp-content\/uploads\/alufiver-d-300x188.jpg 300w, https:\/\/klaas.com\/wp-content\/uploads\/alufiver-d-768x480.jpg 768w, https:\/\/klaas.com\/wp-content\/uploads\/alufiver-d-1024x640.jpg 1024w, https:\/\/klaas.com\/wp-content\/uploads\/alufiver-d.jpg 1600w\" sizes=\"auto, (max-width: 300px) 100vw, 300px\" \/>Alufiver<\/a><\/h4>\n<p>[\/vc_column_text][\/vc_column_inner][vc_column_inner width=&#8220;1\/4&#8243;][vc_column_text]<\/p>\n<h4 style=\"text-align: center;\"><a href=\"https:\/\/klaas.com\/produkt\/multistar\/\"><img loading=\"lazy\" decoding=\"async\" class=\"size-medium wp-image-28167 aligncenter\" src=\"https:\/\/klaas.com\/wp-content\/uploads\/multistar-d-300x188.jpg\" alt=\"\" width=\"300\" height=\"188\" srcset=\"https:\/\/klaas.com\/wp-content\/uploads\/multistar-d-300x188.jpg 300w, https:\/\/klaas.com\/wp-content\/uploads\/multistar-d-768x480.jpg 768w, https:\/\/klaas.com\/wp-content\/uploads\/multistar-d-1024x640.jpg 1024w, https:\/\/klaas.com\/wp-content\/uploads\/multistar-d.jpg 1600w\" sizes=\"auto, (max-width: 300px) 100vw, 300px\" \/>Multistar<\/a><\/h4>\n<p>[\/vc_column_text][\/vc_column_inner][\/vc_row_inner][js_mood_text pos_container=&#8220;ptopright&#8220; image=&#8220;11538&#8243; background_color=&#8220;lightgray&#8220;]<\/p>\n<h2>Flexibel f\u00fcr jede Herausforderung<\/h2>\n<p>Aufgrund seiner langj\u00e4hrigen Erfahrung mit der Konstruktion von Aluminiumauslegern wagte Klaas im Jahre 2000 den ersten Schritt in Richtung Feuerwehrtechnik. Zun\u00e4chst in Zusammenarbeit mit der Firma Iveco Magirus, die einen Partner f\u00fcr die Entwicklung einer neuen H\u00f6hnrettungs- und L\u00f6scheinheit f\u00fcr Feuerwehrautos suchte, sp\u00e4ter dann mit der Konstruktion eines eigenen Multifunktionsfahrzeuges. Der Alufiver wird mittlerweile weltweit zur schnellen Brandbek\u00e4mpfung und sicheren Menschenrettung eingesetzt. Mit dem Theo20 FW kam 2020 eine Hubrettungsb\u00fchne zur Brandbek\u00e4mpfung und Personenrettung hinzu.[\/js_mood_text][vc_row_inner][vc_column_inner][vc_column_text]<img loading=\"lazy\" decoding=\"async\" class=\"aligncenter wp-image-11630 size-full\" src=\"https:\/\/klaas.com\/wp-content\/uploads\/fahrzeuge-feuerwehr.jpg\" alt=\"\" width=\"2180\" height=\"642\" \/>[\/vc_column_text][\/vc_column_inner][\/vc_row_inner][\/vc_column][\/vc_row]<\/p>\n<\/div>","protected":false},"excerpt":{"rendered":"<p>[vc_row][vc_column][vc_row_inner][vc_column_inner width=&#8220;1\/4&#8243;][vc_column_text] Theo20 FW [\/vc_column_text][\/vc_column_inner][vc_column_inner width=&#8220;1\/4&#8243;][vc_column_text] L\u00f6scharm [\/vc_column_text][\/vc_column_inner][vc_column_inner width=&#8220;1\/4&#8243;][vc_column_text] Alufiver [\/vc_column_text][\/vc_column_inner][vc_column_inner width=&#8220;1\/4&#8243;][vc_column_text] Multistar [\/vc_column_text][\/vc_column_inner][\/vc_row_inner][js_mood_text pos_container=&#8220;ptopright&#8220; image=&#8220;11538&#8243; background_color=&#8220;lightgray&#8220;] Flexibel f\u00fcr jede Herausforderung Aufgrund seiner langj\u00e4hrigen Erfahrung mit der Konstruktion von Aluminiumauslegern wagte Klaas im Jahre 2000 den ersten Schritt in Richtung Feuerwehrtechnik. Zun\u00e4chst in Zusammenarbeit mit der Firma Iveco Magirus, die einen Partner f\u00fcr die Entwicklung&#8230;  <a class=\"excerpt-read-more\" href=\"https:\/\/klaas.com\/de\/produkte\/feuerwehr\/\" title=\"Read Feuerwehr\">Weiter &raquo;<\/a><\/p>\n","protected":false},"author":6,"featured_media":0,"parent":17,"menu_order":26,"comment_status":"closed","ping_status":"closed","template":"","meta":{"_acf_changed":false,"inline_featured_image":false,"footnotes":""},"class_list":["post-29","page","type-page","status-publish","hentry"],"acf":[],"_links":{"self":[{"href":"https:\/\/klaas.com\/de\/wp-json\/wp\/v2\/pages\/29","targetHints":{"allow":["GET"]}}],"collection":[{"href":"https:\/\/klaas.com\/de\/wp-json\/wp\/v2\/pages"}],"about":[{"href":"https:\/\/klaas.com\/de\/wp-json\/wp\/v2\/types\/page"}],"author":[{"embeddable":true,"href":"https:\/\/klaas.com\/de\/wp-json\/wp\/v2\/users\/6"}],"replies":[{"embeddable":true,"href":"https:\/\/klaas.com\/de\/wp-json\/wp\/v2\/comments?post=29"}],"version-history":[{"count":9,"href":"https:\/\/klaas.com\/de\/wp-json\/wp\/v2\/pages\/29\/revisions"}],"predecessor-version":[{"id":68958,"href":"https:\/\/klaas.com\/de\/wp-json\/wp\/v2\/pages\/29\/revisions\/68958"}],"up":[{"embeddable":true,"href":"https:\/\/klaas.com\/de\/wp-json\/wp\/v2\/pages\/17"}],"wp:attachment":[{"href":"https:\/\/klaas.com\/de\/wp-json\/wp\/v2\/media?parent=29"}],"curies":[{"name":"wp","href":"https:\/\/api.w.org\/{rel}","templated":true}]}}