



{"id":31,"date":"2017-06-12T11:05:21","date_gmt":"2017-06-12T09:05:21","guid":{"rendered":"https:\/\/klaas.com\/?page_id=31"},"modified":"2022-01-20T11:04:04","modified_gmt":"2022-01-20T10:04:04","slug":"zubehoer","status":"publish","type":"page","link":"https:\/\/klaas.com\/de\/produkte\/zubehoer\/","title":{"rendered":"Zubeh\u00f6r"},"content":{"rendered":"<div class=\"wpb-content-wrapper\"><p>[vc_row][vc_column][vc_row_inner][vc_column_inner width=&#8220;1\/2&#8243;][vc_column_text]<\/p>\n<h1><em>Die ideale Erg\u00e4nzung \u2013<\/em><br \/>\ndas Klaas Zubeh\u00f6r<\/h1>\n<p>[\/vc_column_text][\/vc_column_inner][vc_column_inner width=&#8220;1\/2&#8243;][vc_column_text]Damit ihr Kran zum multifunktionalen Helfer am Bau wird, bietet Klaas ein umfangreiches Zubeh\u00f6rprogramm an. Ob Arbeitsb\u00fchnen, Dachziegelzangen, Palettengabeln oder Kippmulden: Wir liefern ma\u00dfgeschneiderte L\u00f6sungen f\u00fcr den sicheren und z\u00fcgigen Transport von Baustoffen. Dank hochwertiger Materialien, einer erstklassigen Verarbeitung und ausgefeilter Technik erwartet Sie auch hier die bew\u00e4hrte Klaas Qualit\u00e4t &#8222;Made in Ascheberg&#8220;.[\/vc_column_text][\/vc_column_inner][\/vc_row_inner][vc_separator][vc_row_inner][vc_column_inner][vc_column_text]<\/p>\n<h1>Zubeh\u00f6r Krane<\/h1>\n<p>[\/vc_column_text][js_accessorytypes productartselect=&#8220;156&#8243;][\/vc_column_inner][\/vc_row_inner][vc_separator][vc_row_inner][vc_column_inner][vc_column_text]<\/p>\n<h1><em>Sicher verstaut \u2013<\/em><br \/>\ndas Zubeh\u00f6r Fix-System<\/h1>\n<p>[\/vc_column_text][\/vc_column_inner][\/vc_row_inner][vc_row_inner][vc_column_inner width=&#8220;1\/2&#8243;][vc_column_text]Mit dem Zubeh\u00f6r-Fix-System von Klaas k\u00f6nnen Sie Ihr Zubeh\u00f6r praktisch und verkehrssicher verstauen. Je nach individuellen W\u00fcnschen r\u00fcsten wir Ihren Kran mit den entsprechenden Halterungen aus. So lassen sich die Zubeh\u00f6rteile ohne l\u00e4stiges Verzurren schnell und sicher verstauen.[\/vc_column_text][vc_btn title=&#8220;Mehr Infos&#8220; color=&#8220;white&#8220; link=&#8220;url:https%3A%2F%2Fklaas.com%2Fde%2Fprodukt%2Fzubehoer-fix-system%2F|||&#8220;][\/vc_column_inner][vc_column_inner width=&#8220;1\/2&#8243;][vc_column_text]<img loading=\"lazy\" decoding=\"async\" class=\"alignnone wp-image-73195 size-large\" src=\"https:\/\/klaas.com\/wp-content\/uploads\/zubehoer-fix-system-k950-1024x662.jpg\" alt=\"\" width=\"680\" height=\"440\" srcset=\"https:\/\/klaas.com\/wp-content\/uploads\/zubehoer-fix-system-k950-1024x662.jpg 1024w, https:\/\/klaas.com\/wp-content\/uploads\/zubehoer-fix-system-k950-300x194.jpg 300w, https:\/\/klaas.com\/wp-content\/uploads\/zubehoer-fix-system-k950-768x497.jpg 768w, https:\/\/klaas.com\/wp-content\/uploads\/zubehoer-fix-system-k950-1536x994.jpg 1536w, https:\/\/klaas.com\/wp-content\/uploads\/zubehoer-fix-system-k950-600x388.jpg 600w, https:\/\/klaas.com\/wp-content\/uploads\/zubehoer-fix-system-k950.jpg 1600w\" sizes=\"auto, (max-width: 680px) 100vw, 680px\" \/>[\/vc_column_text][\/vc_column_inner][\/vc_row_inner][vc_separator][vc_row_inner][vc_column_inner][vc_column_text]<\/p>\n<h1>Zubeh\u00f6r Schr\u00e4gaufz\u00fcge<\/h1>\n<p>[\/vc_column_text][js_accessorytypes productartselect=&#8220;155&#8243;][\/vc_column_inner][\/vc_row_inner][\/vc_column][\/vc_row]<\/p>\n<\/div>","protected":false},"excerpt":{"rendered":"<p>[vc_row][vc_column][vc_row_inner][vc_column_inner width=&#8220;1\/2&#8243;][vc_column_text] Die ideale Erg\u00e4nzung \u2013 das Klaas Zubeh\u00f6r [\/vc_column_text][\/vc_column_inner][vc_column_inner width=&#8220;1\/2&#8243;][vc_column_text]Damit ihr Kran zum multifunktionalen Helfer am Bau wird, bietet Klaas ein umfangreiches Zubeh\u00f6rprogramm an. Ob Arbeitsb\u00fchnen, Dachziegelzangen, Palettengabeln oder Kippmulden: Wir liefern ma\u00dfgeschneiderte L\u00f6sungen f\u00fcr den sicheren und z\u00fcgigen Transport von Baustoffen. Dank hochwertiger Materialien, einer erstklassigen Verarbeitung und ausgefeilter Technik erwartet Sie auch&#8230;  <a class=\"excerpt-read-more\" href=\"https:\/\/klaas.com\/de\/produkte\/zubehoer\/\" title=\"Read Zubeh\u00f6r\">Weiter &raquo;<\/a><\/p>\n","protected":false},"author":6,"featured_media":0,"parent":17,"menu_order":29,"comment_status":"closed","ping_status":"closed","template":"","meta":{"_acf_changed":false,"inline_featured_image":false,"footnotes":""},"class_list":["post-31","page","type-page","status-publish","hentry"],"acf":[],"_links":{"self":[{"href":"https:\/\/klaas.com\/de\/wp-json\/wp\/v2\/pages\/31","targetHints":{"allow":["GET"]}}],"collection":[{"href":"https:\/\/klaas.com\/de\/wp-json\/wp\/v2\/pages"}],"about":[{"href":"https:\/\/klaas.com\/de\/wp-json\/wp\/v2\/types\/page"}],"author":[{"embeddable":true,"href":"https:\/\/klaas.com\/de\/wp-json\/wp\/v2\/users\/6"}],"replies":[{"embeddable":true,"href":"https:\/\/klaas.com\/de\/wp-json\/wp\/v2\/comments?post=31"}],"version-history":[{"count":2,"href":"https:\/\/klaas.com\/de\/wp-json\/wp\/v2\/pages\/31\/revisions"}],"predecessor-version":[{"id":73238,"href":"https:\/\/klaas.com\/de\/wp-json\/wp\/v2\/pages\/31\/revisions\/73238"}],"up":[{"embeddable":true,"href":"https:\/\/klaas.com\/de\/wp-json\/wp\/v2\/pages\/17"}],"wp:attachment":[{"href":"https:\/\/klaas.com\/de\/wp-json\/wp\/v2\/media?parent=31"}],"curies":[{"name":"wp","href":"https:\/\/api.w.org\/{rel}","templated":true}]}}