



{"id":37,"date":"2017-06-12T11:06:05","date_gmt":"2017-06-12T09:06:05","guid":{"rendered":"https:\/\/klaas.com\/?page_id=37"},"modified":"2022-05-23T12:15:16","modified_gmt":"2022-05-23T10:15:16","slug":"reparatur","status":"publish","type":"page","link":"https:\/\/klaas.com\/de\/service\/reparatur\/","title":{"rendered":"Reparatur"},"content":{"rendered":"<div class=\"wpb-content-wrapper\"><p>[vc_row][vc_column][vc_row_inner][vc_column_inner width=&#8220;1\/2&#8243;][vc_column_text]<\/p>\n<h1><em>Unser Service<br \/>\n<\/em><em>f\u00fcr Ihre Investition<\/em><\/h1>\n<p>[\/vc_column_text][\/vc_column_inner][vc_column_inner width=&#8220;1\/2&#8243;][vc_column_text]Auch nach Abholung und Inbetriebnahme Ihres Klaas Ger\u00e4ts k\u00f6nnen Sie auf uns z\u00e4hlen: In Ascheberg sowie in neun weiteren Niederlassungen in ganz Deutschland bieten wir einen kompletten Rundumservice von Wartung und Reparatur bis hin zur regelm\u00e4\u00dfigen UVV-Abnahme an.<\/p>\n<p>Selbstverst\u00e4ndlich kommen unsere Mitarbeiter auch auf Ihre Baustelle, um kleinere Reparaturen vor Ort durchzuf\u00fchren. In unserem Ascheberger Werk stehen Kransachverst\u00e4ndige zur Pr\u00fcfung der Ger\u00e4te jederzeit zur Verf\u00fcgung.[\/vc_column_text][js_contenttemplates contenttemplate=&#8220;74409&#8243; useaspopup=&#8220;true&#8220;][\/vc_column_inner][\/vc_row_inner][\/vc_column][\/vc_row][vc_row css=&#8220;.vc_custom_1506579854062{background-image: url(https:\/\/klaas.com\/wp-content\/uploads\/alu-fond-loop.jpg?id=3775) !important;}&#8220; el_class=&#8220;fullwidthsp&#8220;][vc_column width=&#8220;1\/2&#8243;][vc_column_text el_class=&#8220;regionsmap&#8220;]<img loading=\"lazy\" decoding=\"async\" class=\"alignleft size-full wp-image-2962\" src=\"https:\/\/klaas.com\/wp-content\/uploads\/service-karte-de-de.png\" alt=\"\" width=\"1565\" height=\"2124\" \/>[\/vc_column_text][\/vc_column][vc_column width=&#8220;1\/2&#8243;][vc_column_text]<\/p>\n<h2>Klaas Servicestationen in Deutschland<\/h2>\n<p>[\/vc_column_text][js_contactslist sortby=&#8220;single&#8220; zustaendigkeitcontact=&#8220;91&#8243;][vc_column_text css=&#8220;.vc_custom_1653300903518{padding-top: 15px !important;}&#8220;]Sollte sich in Ihrer N\u00e4he keine Klaas Servicestation befinden, k\u00f6nnen Sie sich auch gerne an unsere\u00a0<a href=\"#popup-74409\">Servicepartner<\/a> wenden.[\/vc_column_text][\/vc_column][\/vc_row][vc_row][vc_column][vc_row_inner][vc_column_inner][vc_column_text]<\/p>\n<h1><em>Unser Service f\u00fcr Sie &#8211;<\/em><br \/>\nWerkstattersatzwagen f\u00fcr den Heimweg<\/h1>\n<p>[\/vc_column_text][\/vc_column_inner][\/vc_row_inner][vc_row_inner][vc_column_inner width=&#8220;1\/2&#8243;][vc_column_text]<img loading=\"lazy\" decoding=\"async\" class=\"alignnone wp-image-2829 size-large\" src=\"https:\/\/klaas.com\/wp-content\/uploads\/werkstattersatzwagen-1024x368.jpg\" alt=\"\" width=\"680\" height=\"244\" srcset=\"https:\/\/klaas.com\/wp-content\/uploads\/werkstattersatzwagen-1024x368.jpg 1024w, https:\/\/klaas.com\/wp-content\/uploads\/werkstattersatzwagen-300x108.jpg 300w, https:\/\/klaas.com\/wp-content\/uploads\/werkstattersatzwagen-768x276.jpg 768w, https:\/\/klaas.com\/wp-content\/uploads\/werkstattersatzwagen.jpg 1060w\" sizes=\"auto, (max-width: 680px) 100vw, 680px\" \/>[\/vc_column_text][\/vc_column_inner][vc_column_inner width=&#8220;1\/2&#8243;][vc_column_text]Ein weiterer Pluspunkt f\u00fcr unseren Service: Wir stellen unseren Kunden, die ihren Kran zur Wartung oder Reparatur ins Ascheberger Werk bringen, f\u00fcr kleines Geld einen VW Up! als Werkstattersatzwagen zur Verf\u00fcgung. Mit diesem k\u00f6nnen sie nach Hause und am Tag der Kranabholung wieder zur\u00fcck nach Ascheberg fahren, ohne dass ein zweiter Mitarbeiter mitkommen muss. Das spart wertvolle Arbeitszeit und Kosten.[\/vc_column_text][\/vc_column_inner][\/vc_row_inner][\/vc_column][\/vc_row]<\/p>\n<\/div>","protected":false},"excerpt":{"rendered":"<p>[vc_row][vc_column][vc_row_inner][vc_column_inner width=&#8220;1\/2&#8243;][vc_column_text] Unser Service f\u00fcr Ihre Investition [\/vc_column_text][\/vc_column_inner][vc_column_inner width=&#8220;1\/2&#8243;][vc_column_text]Auch nach Abholung und Inbetriebnahme Ihres Klaas Ger\u00e4ts k\u00f6nnen Sie auf uns z\u00e4hlen: In Ascheberg sowie in neun weiteren Niederlassungen in ganz Deutschland bieten wir einen kompletten Rundumservice von Wartung und Reparatur bis hin zur regelm\u00e4\u00dfigen UVV-Abnahme an. Selbstverst\u00e4ndlich kommen unsere Mitarbeiter auch auf Ihre Baustelle, um&#8230;  <a class=\"excerpt-read-more\" href=\"https:\/\/klaas.com\/de\/service\/reparatur\/\" title=\"Read Reparatur\">Weiter &raquo;<\/a><\/p>\n","protected":false},"author":6,"featured_media":0,"parent":35,"menu_order":56,"comment_status":"closed","ping_status":"closed","template":"","meta":{"_acf_changed":false,"inline_featured_image":false,"footnotes":""},"class_list":["post-37","page","type-page","status-publish","hentry"],"acf":[],"_links":{"self":[{"href":"https:\/\/klaas.com\/de\/wp-json\/wp\/v2\/pages\/37","targetHints":{"allow":["GET"]}}],"collection":[{"href":"https:\/\/klaas.com\/de\/wp-json\/wp\/v2\/pages"}],"about":[{"href":"https:\/\/klaas.com\/de\/wp-json\/wp\/v2\/types\/page"}],"author":[{"embeddable":true,"href":"https:\/\/klaas.com\/de\/wp-json\/wp\/v2\/users\/6"}],"replies":[{"embeddable":true,"href":"https:\/\/klaas.com\/de\/wp-json\/wp\/v2\/comments?post=37"}],"version-history":[{"count":14,"href":"https:\/\/klaas.com\/de\/wp-json\/wp\/v2\/pages\/37\/revisions"}],"predecessor-version":[{"id":74423,"href":"https:\/\/klaas.com\/de\/wp-json\/wp\/v2\/pages\/37\/revisions\/74423"}],"up":[{"embeddable":true,"href":"https:\/\/klaas.com\/de\/wp-json\/wp\/v2\/pages\/35"}],"wp:attachment":[{"href":"https:\/\/klaas.com\/de\/wp-json\/wp\/v2\/media?parent=37"}],"curies":[{"name":"wp","href":"https:\/\/api.w.org\/{rel}","templated":true}]}}