



{"id":39,"date":"2017-06-12T11:06:16","date_gmt":"2017-06-12T09:06:16","guid":{"rendered":"https:\/\/klaas.com\/?page_id=39"},"modified":"2017-09-07T08:51:45","modified_gmt":"2017-09-07T06:51:45","slug":"ersatzteile","status":"publish","type":"page","link":"https:\/\/klaas.com\/de\/service\/ersatzteile\/","title":{"rendered":"Ersatzteile"},"content":{"rendered":"<div class=\"wpb-content-wrapper\"><p>[vc_row][vc_column][vc_row_inner][vc_column_inner][vc_column_text]<\/p>\n<h1><em>Originalersatzteile garantieren<br \/>\nlange Lebensdauer<\/em><\/h1>\n<p>[\/vc_column_text][\/vc_column_inner][\/vc_row_inner][vc_row_inner][vc_column_inner width=&#8220;1\/2&#8243;][vc_column_text]<img loading=\"lazy\" decoding=\"async\" class=\"aligncenter wp-image-2832 size-large\" src=\"https:\/\/klaas.com\/wp-content\/uploads\/ersatzteile-1024x330.jpg\" alt=\"\" width=\"680\" height=\"219\" srcset=\"https:\/\/klaas.com\/wp-content\/uploads\/ersatzteile-1024x330.jpg 1024w, https:\/\/klaas.com\/wp-content\/uploads\/ersatzteile-300x97.jpg 300w, https:\/\/klaas.com\/wp-content\/uploads\/ersatzteile-768x248.jpg 768w, https:\/\/klaas.com\/wp-content\/uploads\/ersatzteile.jpg 1060w\" sizes=\"auto, (max-width: 680px) 100vw, 680px\" \/>[\/vc_column_text][\/vc_column_inner][vc_column_inner width=&#8220;1\/2&#8243;][vc_column_text]Nur Original-Klaas-Ersatzteile bieten Ihnen die Sicherheit, den Wert Ihres Krans auf Dauer zu erhalten und Stillstandszeiten so gering wie m\u00f6glich zu halten. Daher halten wir im Lager unseres Ascheberger Werks stets eine gro\u00dfe Anzahl diverser Ersatzteile f\u00fcr Ihr Klaas Ger\u00e4t bereit. Unsere kompetenten Ansprechpartner helfen Ihnen bei der Suche des richtigen Ersatzteils gerne weiter. Ist dies gefunden, sorgt ein z\u00fcgiger Versand daf\u00fcr, dass es schnellstm\u00f6glich bei Ihnen eintrifft und Ihr Kran oder Schr\u00e4gaufzug in k\u00fcrzester Zeit wieder einsatzf\u00e4hig ist.[\/vc_column_text][\/vc_column_inner][\/vc_row_inner][\/vc_column][\/vc_row][vc_row][vc_column][vc_separator][\/vc_column][\/vc_row][vc_row][vc_column][vc_row_inner][vc_column_inner][vc_column_text]<\/p>\n<h1><em>Ersatzteilservice<\/em><\/h1>\n<p>[\/vc_column_text][\/vc_column_inner][\/vc_row_inner][vc_row_inner][vc_column_inner width=&#8220;1\/2&#8243;][js_contacts zustaendigkeitcontact=&#8220;138&#8243;][\/vc_column_inner][vc_column_inner width=&#8220;1\/2&#8243;][\/vc_column_inner][\/vc_row_inner][vc_separator][\/vc_column][\/vc_row]<\/p>\n<\/div>","protected":false},"excerpt":{"rendered":"<p>[vc_row][vc_column][vc_row_inner][vc_column_inner][vc_column_text] Originalersatzteile garantieren lange Lebensdauer [\/vc_column_text][\/vc_column_inner][\/vc_row_inner][vc_row_inner][vc_column_inner width=&#8220;1\/2&#8243;][vc_column_text][\/vc_column_text][\/vc_column_inner][vc_column_inner width=&#8220;1\/2&#8243;][vc_column_text]Nur Original-Klaas-Ersatzteile bieten Ihnen die Sicherheit, den Wert Ihres Krans auf Dauer zu erhalten und Stillstandszeiten so gering wie m\u00f6glich zu halten. Daher halten wir im Lager unseres Ascheberger Werks stets eine gro\u00dfe Anzahl diverser Ersatzteile f\u00fcr Ihr Klaas Ger\u00e4t bereit. Unsere kompetenten Ansprechpartner helfen Ihnen bei der&#8230;  <a class=\"excerpt-read-more\" href=\"https:\/\/klaas.com\/de\/service\/ersatzteile\/\" title=\"Read Ersatzteile\">Weiter &raquo;<\/a><\/p>\n","protected":false},"author":6,"featured_media":0,"parent":35,"menu_order":55,"comment_status":"closed","ping_status":"closed","template":"","meta":{"_acf_changed":false,"inline_featured_image":false,"footnotes":""},"class_list":["post-39","page","type-page","status-publish","hentry"],"acf":[],"_links":{"self":[{"href":"https:\/\/klaas.com\/de\/wp-json\/wp\/v2\/pages\/39","targetHints":{"allow":["GET"]}}],"collection":[{"href":"https:\/\/klaas.com\/de\/wp-json\/wp\/v2\/pages"}],"about":[{"href":"https:\/\/klaas.com\/de\/wp-json\/wp\/v2\/types\/page"}],"author":[{"embeddable":true,"href":"https:\/\/klaas.com\/de\/wp-json\/wp\/v2\/users\/6"}],"replies":[{"embeddable":true,"href":"https:\/\/klaas.com\/de\/wp-json\/wp\/v2\/comments?post=39"}],"version-history":[{"count":0,"href":"https:\/\/klaas.com\/de\/wp-json\/wp\/v2\/pages\/39\/revisions"}],"up":[{"embeddable":true,"href":"https:\/\/klaas.com\/de\/wp-json\/wp\/v2\/pages\/35"}],"wp:attachment":[{"href":"https:\/\/klaas.com\/de\/wp-json\/wp\/v2\/media?parent=39"}],"curies":[{"name":"wp","href":"https:\/\/api.w.org\/{rel}","templated":true}]}}