



{"id":41,"date":"2017-06-12T11:06:27","date_gmt":"2017-06-12T09:06:27","guid":{"rendered":"https:\/\/klaas.com\/?page_id=41"},"modified":"2025-06-26T09:55:12","modified_gmt":"2025-06-26T07:55:12","slug":"vermietung","status":"publish","type":"page","link":"https:\/\/klaas.com\/de\/service\/vermietung\/","title":{"rendered":"Vermietung"},"content":{"rendered":"<div class=\"wpb-content-wrapper\"><p>[vc_row][vc_column][vc_row_inner][vc_column_inner width=&#8220;1\/2&#8243;][vc_column_text]<\/p>\n<h1><em>Mietger\u00e4te f\u00fcr<br \/>\nvielf\u00e4ltige Aufgaben<\/em><\/h1>\n<p>[\/vc_column_text][\/vc_column_inner][vc_column_inner width=&#8220;1\/2&#8243;][vc_column_text css=&#8220;&#8220;]Sie ben\u00f6tigen f\u00fcr einen kurzen oder l\u00e4ngeren Baustelleneinsatz einen Kran oder Aufzug? Kein Problem: In Ascheberg und unseren Niederlassungen steht eine Vielzahl von Mietger\u00e4ten und umfangreiches Zubeh\u00f6r zur Verf\u00fcgung:<\/p>\n<ul>\n<li>M\u00f6belaufz\u00fcge (Tragkraft von 200 bis 400 kg)<\/li>\n<li>Bauaufz\u00fcge (Tragkraft bis 250 kg)<\/li>\n<li>Anh\u00e4ngerkrane (Tragkraft von 800 bis 1.600 kg und einer Hakenh\u00f6he von 25,5 bis 34,3 m)<\/li>\n<li>Autokrane bis 7,5 t (Tragkraft von 1.600 bis 2.000 kg und einer Hakenh\u00f6he von 34,5 bis 37,5 m)<\/li>\n<li>Autokrane ab 7,5 t (Tragkraft von 3.000 bis 9.000 kg und einer Hakenh\u00f6he von 39 bis 60 m)<\/li>\n<\/ul>\n<p>Wir beraten Sie gern, welches Ger\u00e4t f\u00fcr Ihren Einsatz am besten infrage kommt. Bei Abholung erfolgt eine umfassende Einweisung, so dass Sie auf der Baustelle direkt loslegen k\u00f6nnen.[\/vc_column_text][\/vc_column_inner][\/vc_row_inner][\/vc_column][\/vc_row][vc_row css=&#8220;.vc_custom_1506580020860{background-image: url(https:\/\/klaas.com\/wp-content\/uploads\/alu-fond-loop.jpg?id=3775) !important;background-position: 0 0 !important;background-repeat: repeat !important;}&#8220;][vc_column][vc_row_inner][vc_column_inner width=&#8220;1\/2&#8243;][vc_column_text el_class=&#8220;regionsmap&#8220;]<img loading=\"lazy\" decoding=\"async\" class=\"alignleft size-full wp-image-2962\" src=\"https:\/\/klaas.com\/wp-content\/uploads\/service-karte-de-de.png\" alt=\"\" width=\"1565\" height=\"2124\" \/>[\/vc_column_text][\/vc_column_inner][vc_column_inner width=&#8220;1\/2&#8243;][vc_column_text]<\/p>\n<h2>Klaas Vermietstationen in Deutschland<\/h2>\n<p>[\/vc_column_text][js_contactslist sortby=&#8220;single&#8220; zustaendigkeitcontact=&#8220;123&#8243;][\/vc_column_inner][\/vc_row_inner][\/vc_column][\/vc_row][vc_row][vc_column][vc_row_inner][vc_column_inner][vc_column_text]<\/p>\n<h1><em>Mietanfrage<\/em><\/h1>\n<p>[\/vc_column_text]\n<div class=\"wpcf7 no-js\" id=\"wpcf7-f3612-o1\" lang=\"de-DE\" dir=\"ltr\" data-wpcf7-id=\"3612\">\n<div class=\"screen-reader-response\"><p role=\"status\" aria-live=\"polite\" aria-atomic=\"true\"><\/p> <ul><\/ul><\/div>\n<form action=\"\/de\/wp-json\/wp\/v2\/pages\/41#wpcf7-f3612-o1\" method=\"post\" class=\"wpcf7-form init\" aria-label=\"Kontaktformular\" novalidate=\"novalidate\" data-status=\"init\">\n<fieldset class=\"hidden-fields-container\"><input type=\"hidden\" name=\"_wpcf7\" value=\"3612\" \/><input type=\"hidden\" name=\"_wpcf7_version\" value=\"6.1.5\" \/><input type=\"hidden\" name=\"_wpcf7_locale\" value=\"de_DE\" \/><input type=\"hidden\" name=\"_wpcf7_unit_tag\" value=\"wpcf7-f3612-o1\" \/><input type=\"hidden\" name=\"_wpcf7_container_post\" value=\"0\" \/><input type=\"hidden\" name=\"_wpcf7_posted_data_hash\" value=\"\" \/><input type=\"hidden\" name=\"_wpcf7cf_hidden_group_fields\" value=\"[]\" \/><input type=\"hidden\" name=\"_wpcf7cf_hidden_groups\" value=\"[]\" \/><input type=\"hidden\" name=\"_wpcf7cf_visible_groups\" value=\"[]\" \/><input type=\"hidden\" name=\"_wpcf7cf_repeaters\" value=\"[]\" \/><input type=\"hidden\" name=\"_wpcf7cf_steps\" value=\"{}\" \/><input type=\"hidden\" name=\"_wpcf7cf_options\" value=\"{&quot;form_id&quot;:3612,&quot;conditions&quot;:[],&quot;settings&quot;:{&quot;animation&quot;:&quot;yes&quot;,&quot;animation_intime&quot;:200,&quot;animation_outtime&quot;:200,&quot;conditions_ui&quot;:&quot;normal&quot;,&quot;notice_dismissed&quot;:false,&quot;notice_dismissed_rollback-cf7-5.4.1&quot;:true,&quot;notice_dismissed_rollback-cf7-5.5.6&quot;:true,&quot;notice_dismissed_update-cf7-5.7.3&quot;:true,&quot;notice_dismissed_update-cf7-5.7.6&quot;:true,&quot;notice_dismissed_update-cf7-5.7.7&quot;:true,&quot;notice_dismissed_update-cf7-5.8.1&quot;:true,&quot;notice_dismissed_rollback-cf7-5.8.2&quot;:true,&quot;notice_dismissed_rollback-cf7-5.8.3&quot;:true,&quot;notice_dismissed_rollback-cf7-6.0.4&quot;:true,&quot;notice_dismissed_rollback-cf7-6.1.4&quot;:true}}\" \/><input type=\"hidden\" name=\"upload_dir\" value=\"1838058551\" \/><input type=\"hidden\" name=\"generate_name\" value=\"04-03-26-69d0329f781e3\" \/><input type=\"hidden\" name=\"_wpcf7_recaptcha_response\" value=\"\" \/>\n<\/fieldset>\n<div class=\"sectionheader subheader\"><h3 class=\"sectionheadline\">Ger\u00e4tebeschreibung<\/h3><hr class=\"sectionline\"><\/div>\n<div class=\"row cf\">\n\n<span class=\"col1\"><label class=\"mietlabel produktart active\"> Ger\u00e4tetyp\n\t\t\t\t<span class=\"wpcf7-form-control-wrap produktart\">\n\t\t\t\t\t<select aria-required=\"true\" name=\"produktart\" class=\"wpcf7-select wpcf7-validates-as-required produktart\">\n\t\t\t\t\t\t\t\t\t\t\t\t\t\t\t<option value=\"\" selected=\"selected\">Beliebig<\/option>\n\t\t\t\t\t\t\t\t\t\t\t\t\t\t\t\t\t<option value=\"anhaengerkran\">Anh\u00e4ngerkran<\/option>\n\t\t\t\t\t\t\t\t\t\t\t\t\t\t\t\t\t<option value=\"autokran\">Autokran<\/option>\n\t\t\t\t\t\t\t\t\t\t\t\t\t\t\t\t\t<option value=\"schraegaufzug\">Schr\u00e4gaufzug<\/option>\n\t\t\t\t\t\t\t\t\t\t\t\t\t\t\t\t\t<option value=\"hubarbeitsbuehne\">Hubarbeitsb\u00fchne<\/option>\n\t\t\t\t\t\t\t\t\t\t\t\t\t\t\t\t\t<option value=\"zubehoer\">Zubeh\u00f6r<\/option>\n\t\t\t\t\t\t\t\t\t\t\t\t\t<\/select>\n\t\t\t\t\t\t\t\t\t<\/span>\n\t\t\t<\/label><\/span>\n<span class=\"col1\"><label class=\"mietlabel\"> Tragkraft\n<span class=\"wpcf7-form-control-wrap\" data-name=\"tragkraft\"><select class=\"wpcf7-form-control wpcf7-select tragkraft anhaengerkran autokran schraegaufzug\" id=\"tragkraft\" aria-invalid=\"false\" name=\"tragkraft\"><option value=\"\">&#8211; Bitte ausw\u00e4hlen &#8211;<\/option><option value=\"&lt; 500 kg\">&lt; 500 kg<\/option><option value=\"&lt; 1.000 kg\">&lt; 1.000 kg<\/option><option value=\"&lt; 1.500 kg\">&lt; 1.500 kg<\/option><option value=\"&lt; 2.000 kg\">&lt; 2.000 kg<\/option><option value=\"&lt; 3.000 kg\">&lt; 3.000 kg<\/option><\/select><\/span><\/label><\/span>\n<span class=\"col1\"><label class=\"mietlabel\"> Korb-Traglast\n<span class=\"wpcf7-form-control-wrap\" data-name=\"korb-traglast\"><select class=\"wpcf7-form-control wpcf7-select korb-traglast hubarbeitsbuehne\" id=\"korb-traglast\" aria-invalid=\"false\" name=\"korb-traglast\"><option value=\"\">&#8211; Bitte ausw\u00e4hlen &#8211;<\/option><option value=\"&lt; 250 kg\">&lt; 250 kg<\/option><option value=\"&gt; 250 kg\">&gt; 250 kg<\/option><\/select><\/span><\/label><\/span>\n<span class=\"col1\"><label class=\"mietlabel\"> Erforderliche Arbeitsh\u00f6he\n<span class=\"wpcf7-form-control-wrap\" data-name=\"hakenhohe\"><select class=\"wpcf7-form-control wpcf7-select hakenhohe anhaengerkran autokran schraegaufzug hubarbeitsbuehne\" id=\"hakenhohe\" aria-invalid=\"false\" name=\"hakenhohe\"><option value=\"\">&#8211; Bitte ausw\u00e4hlen &#8211;<\/option><option value=\"5 m\">5 m<\/option><option value=\"7,5 m\">7,5 m<\/option><option value=\"10 m\">10 m<\/option><option value=\"15 m\">15 m<\/option><option value=\"20 m\">20 m<\/option><option value=\"25 m\">25 m<\/option><\/select><\/span><\/label><\/span>\n<span class=\"col1\"><label class=\"mietlabel\"> Einsatzbedingungen\n<span class=\"wpcf7-form-control-wrap\" data-name=\"einsatzbedingungen\"><select class=\"wpcf7-form-control wpcf7-select einsatzbedingungen anhaengerkran autokran schraegaufzug hubarbeitsbuehne\" id=\"einsatzbedingungen\" aria-invalid=\"false\" name=\"einsatzbedingungen\"><option value=\"\">&#8211; Bitte ausw\u00e4hlen &#8211;<\/option><option value=\"innen\">innen<\/option><option value=\"au\u00dfen \u2013 fester Untergrund\">au\u00dfen \u2013 fester Untergrund<\/option><option value=\"au\u00dfen \u2013 weicher Untergrund\">au\u00dfen \u2013 weicher Untergrund<\/option><\/select><\/span><\/label><\/span>\n<span class=\"col1\"><label class=\"mietlabel\"> Zul. Gesamtgewicht\n<span class=\"wpcf7-form-control-wrap\" data-name=\"gesamtgewicht\"><select class=\"wpcf7-form-control wpcf7-select gesamtgewicht anhaengerkran autokran schraegaufzug hubarbeitsbuehne\" id=\"gesamtgewicht\" aria-invalid=\"false\" name=\"gesamtgewicht\"><option value=\"\">&#8211; Bitte ausw\u00e4hlen &#8211;<\/option><option value=\"3,5 t\">3,5 t<\/option><option value=\"7,5 t\">7,5 t<\/option><option value=\"13,5 t\">13,5 t<\/option><option value=\"15 t\">15 t<\/option><option value=\"18 t\">18 t<\/option><\/select><\/span><\/label><\/span>\n<span class=\"col1\"><label class=\"mietlabel\"> Erforderliche seitl. Reichweite\n<span class=\"wpcf7-form-control-wrap\" data-name=\"seitlreichweite\"><select class=\"wpcf7-form-control wpcf7-select seitlreichweite anhaengerkran autokran\" id=\"seitlreichweite\" aria-invalid=\"false\" name=\"seitlreichweite\"><option value=\"\">&#8211; Bitte ausw\u00e4hlen &#8211;<\/option><option value=\"3 m\">3 m<\/option><option value=\"5 m\">5 m<\/option><option value=\"7 m\">7 m<\/option><option value=\"10 m\">10 m<\/option><\/select><\/span><\/label><\/span>\n<\/div>\n<div class=\"sectionheader subheader\"><h3 class=\"sectionheadline\">Einsatzdetails<\/h3><hr class=\"sectionline\"><\/div>\n<div class=\"row cf\">\n<span class=\"col1 zeitraum\">\n<span class=\"col2\">\n<label> Gew\u00fcnschter Mietzeitraum von<\/label>\n<span class=\"col zeitraum\">\n\t\t\t\t<span class=\"wpcf7-form-control-wrap miettagbeginn\">\n\t\t\t\t\t<select name=\"miettagbeginn\" class=\"wpcf7-select miettag miettagbeginn anhaengerkran autokran schraegaufzug hubarbeitsbuehne\">\n\t\t\t\t\t\t\t\t\t\t\t\t\t\t\t<option value=\"1\">01<\/option>\n\t\t\t\t\t\t\t\t\t\t\t\t\t\t\t\t\t<option value=\"2\">02<\/option>\n\t\t\t\t\t\t\t\t\t\t\t\t\t\t\t\t\t<option value=\"3\">03<\/option>\n\t\t\t\t\t\t\t\t\t\t\t\t\t\t\t\t\t<option value=\"4\">04<\/option>\n\t\t\t\t\t\t\t\t\t\t\t\t\t\t\t\t\t<option value=\"5\">05<\/option>\n\t\t\t\t\t\t\t\t\t\t\t\t\t\t\t\t\t<option value=\"6\">06<\/option>\n\t\t\t\t\t\t\t\t\t\t\t\t\t\t\t\t\t<option value=\"7\">07<\/option>\n\t\t\t\t\t\t\t\t\t\t\t\t\t\t\t\t\t<option value=\"8\">08<\/option>\n\t\t\t\t\t\t\t\t\t\t\t\t\t\t\t\t\t<option value=\"9\">09<\/option>\n\t\t\t\t\t\t\t\t\t\t\t\t\t\t\t\t\t<option value=\"10\">10<\/option>\n\t\t\t\t\t\t\t\t\t\t\t\t\t\t\t\t\t<option value=\"11\">11<\/option>\n\t\t\t\t\t\t\t\t\t\t\t\t\t\t\t\t\t<option value=\"12\">12<\/option>\n\t\t\t\t\t\t\t\t\t\t\t\t\t\t\t\t\t<option value=\"13\">13<\/option>\n\t\t\t\t\t\t\t\t\t\t\t\t\t\t\t\t\t<option value=\"14\">14<\/option>\n\t\t\t\t\t\t\t\t\t\t\t\t\t\t\t\t\t<option value=\"15\">15<\/option>\n\t\t\t\t\t\t\t\t\t\t\t\t\t\t\t\t\t<option value=\"16\">16<\/option>\n\t\t\t\t\t\t\t\t\t\t\t\t\t\t\t\t\t<option value=\"17\">17<\/option>\n\t\t\t\t\t\t\t\t\t\t\t\t\t\t\t\t\t<option value=\"18\">18<\/option>\n\t\t\t\t\t\t\t\t\t\t\t\t\t\t\t\t\t<option value=\"19\">19<\/option>\n\t\t\t\t\t\t\t\t\t\t\t\t\t\t\t\t\t<option value=\"20\">20<\/option>\n\t\t\t\t\t\t\t\t\t\t\t\t\t\t\t\t\t<option value=\"21\">21<\/option>\n\t\t\t\t\t\t\t\t\t\t\t\t\t\t\t\t\t<option value=\"22\">22<\/option>\n\t\t\t\t\t\t\t\t\t\t\t\t\t\t\t\t\t<option value=\"23\">23<\/option>\n\t\t\t\t\t\t\t\t\t\t\t\t\t\t\t\t\t<option value=\"24\">24<\/option>\n\t\t\t\t\t\t\t\t\t\t\t\t\t\t\t\t\t<option value=\"25\">25<\/option>\n\t\t\t\t\t\t\t\t\t\t\t\t\t\t\t\t\t<option value=\"26\">26<\/option>\n\t\t\t\t\t\t\t\t\t\t\t\t\t\t\t\t\t<option value=\"27\">27<\/option>\n\t\t\t\t\t\t\t\t\t\t\t\t\t\t\t\t\t<option value=\"28\">28<\/option>\n\t\t\t\t\t\t\t\t\t\t\t\t\t\t\t\t\t<option value=\"29\">29<\/option>\n\t\t\t\t\t\t\t\t\t\t\t\t\t\t\t\t\t<option value=\"30\">30<\/option>\n\t\t\t\t\t\t\t\t\t\t\t\t\t\t\t\t\t<option value=\"31\">31<\/option>\n\t\t\t\t\t\t\t\t\t\t\t\t\t<\/select>\n\t\t\t\t\t\t\t\t\t<\/span>\n\t\t\t\t\t\t\t<span class=\"wpcf7-form-control-wrap mietmonatbeginn\">\n\t\t\t\t\t<select name=\"mietmonatbeginn\" class=\"wpcf7-select mietmonat mietmonatbeginn anhaengerkran autokran schraegaufzug hubarbeitsbuehne\">\n\t\t\t\t\t\t\t\t\t\t\t\t\t\t\t<option value=\"1\">01<\/option>\n\t\t\t\t\t\t\t\t\t\t\t\t\t\t\t\t\t<option value=\"2\">02<\/option>\n\t\t\t\t\t\t\t\t\t\t\t\t\t\t\t\t\t<option value=\"3\">03<\/option>\n\t\t\t\t\t\t\t\t\t\t\t\t\t\t\t\t\t<option value=\"4\">04<\/option>\n\t\t\t\t\t\t\t\t\t\t\t\t\t\t\t\t\t<option value=\"5\">05<\/option>\n\t\t\t\t\t\t\t\t\t\t\t\t\t\t\t\t\t<option value=\"6\">06<\/option>\n\t\t\t\t\t\t\t\t\t\t\t\t\t\t\t\t\t<option value=\"7\">07<\/option>\n\t\t\t\t\t\t\t\t\t\t\t\t\t\t\t\t\t<option value=\"8\">08<\/option>\n\t\t\t\t\t\t\t\t\t\t\t\t\t\t\t\t\t<option value=\"9\">09<\/option>\n\t\t\t\t\t\t\t\t\t\t\t\t\t\t\t\t\t<option value=\"10\">10<\/option>\n\t\t\t\t\t\t\t\t\t\t\t\t\t\t\t\t\t<option value=\"11\">11<\/option>\n\t\t\t\t\t\t\t\t\t\t\t\t\t\t\t\t\t<option value=\"12\">12<\/option>\n\t\t\t\t\t\t\t\t\t\t\t\t\t<\/select>\n\t\t\t\t\t\t\t\t\t<\/span>\n\t\t\t\t\t\t\t<span class=\"wpcf7-form-control-wrap mietjahrbeginn\">\n\t\t\t\t\t<select name=\"mietjahrbeginn\" class=\"wpcf7-select mietjahr mietjahrbeginn anhaengerkran autokran schraegaufzug hubarbeitsbuehne\">\n\t\t\t\t\t\t\t\t\t\t\t\t\t\t\t<option value=\"2026\">2026<\/option>\n\t\t\t\t\t\t\t\t\t\t\t\t\t\t\t\t\t<option value=\"2027\">2027<\/option>\n\t\t\t\t\t\t\t\t\t\t\t\t\t\t\t\t\t<option value=\"2028\">2028<\/option>\n\t\t\t\t\t\t\t\t\t\t\t\t\t<\/select>\n\t\t\t\t\t\t\t\t\t<\/span>\n\t\t\t\n<\/span><\/span>\n<span class=\"col2\">\n<label> bis<\/label>\n<span class=\"col zeitraum\">\n\t\t\t\t<span class=\"wpcf7-form-control-wrap miettagende\">\n\t\t\t\t\t<select name=\"miettagende\" class=\"wpcf7-select miettag miettagende anhaengerkran autokran schraegaufzug hubarbeitsbuehne\">\n\t\t\t\t\t\t\t\t\t\t\t\t\t\t\t<option value=\"1\">01<\/option>\n\t\t\t\t\t\t\t\t\t\t\t\t\t\t\t\t\t<option value=\"2\">02<\/option>\n\t\t\t\t\t\t\t\t\t\t\t\t\t\t\t\t\t<option value=\"3\">03<\/option>\n\t\t\t\t\t\t\t\t\t\t\t\t\t\t\t\t\t<option value=\"4\">04<\/option>\n\t\t\t\t\t\t\t\t\t\t\t\t\t\t\t\t\t<option value=\"5\">05<\/option>\n\t\t\t\t\t\t\t\t\t\t\t\t\t\t\t\t\t<option value=\"6\">06<\/option>\n\t\t\t\t\t\t\t\t\t\t\t\t\t\t\t\t\t<option value=\"7\">07<\/option>\n\t\t\t\t\t\t\t\t\t\t\t\t\t\t\t\t\t<option value=\"8\">08<\/option>\n\t\t\t\t\t\t\t\t\t\t\t\t\t\t\t\t\t<option value=\"9\">09<\/option>\n\t\t\t\t\t\t\t\t\t\t\t\t\t\t\t\t\t<option value=\"10\">10<\/option>\n\t\t\t\t\t\t\t\t\t\t\t\t\t\t\t\t\t<option value=\"11\">11<\/option>\n\t\t\t\t\t\t\t\t\t\t\t\t\t\t\t\t\t<option value=\"12\">12<\/option>\n\t\t\t\t\t\t\t\t\t\t\t\t\t\t\t\t\t<option value=\"13\">13<\/option>\n\t\t\t\t\t\t\t\t\t\t\t\t\t\t\t\t\t<option value=\"14\">14<\/option>\n\t\t\t\t\t\t\t\t\t\t\t\t\t\t\t\t\t<option value=\"15\">15<\/option>\n\t\t\t\t\t\t\t\t\t\t\t\t\t\t\t\t\t<option value=\"16\">16<\/option>\n\t\t\t\t\t\t\t\t\t\t\t\t\t\t\t\t\t<option value=\"17\">17<\/option>\n\t\t\t\t\t\t\t\t\t\t\t\t\t\t\t\t\t<option value=\"18\">18<\/option>\n\t\t\t\t\t\t\t\t\t\t\t\t\t\t\t\t\t<option value=\"19\">19<\/option>\n\t\t\t\t\t\t\t\t\t\t\t\t\t\t\t\t\t<option value=\"20\">20<\/option>\n\t\t\t\t\t\t\t\t\t\t\t\t\t\t\t\t\t<option value=\"21\">21<\/option>\n\t\t\t\t\t\t\t\t\t\t\t\t\t\t\t\t\t<option value=\"22\">22<\/option>\n\t\t\t\t\t\t\t\t\t\t\t\t\t\t\t\t\t<option value=\"23\">23<\/option>\n\t\t\t\t\t\t\t\t\t\t\t\t\t\t\t\t\t<option value=\"24\">24<\/option>\n\t\t\t\t\t\t\t\t\t\t\t\t\t\t\t\t\t<option value=\"25\">25<\/option>\n\t\t\t\t\t\t\t\t\t\t\t\t\t\t\t\t\t<option value=\"26\">26<\/option>\n\t\t\t\t\t\t\t\t\t\t\t\t\t\t\t\t\t<option value=\"27\">27<\/option>\n\t\t\t\t\t\t\t\t\t\t\t\t\t\t\t\t\t<option value=\"28\">28<\/option>\n\t\t\t\t\t\t\t\t\t\t\t\t\t\t\t\t\t<option value=\"29\">29<\/option>\n\t\t\t\t\t\t\t\t\t\t\t\t\t\t\t\t\t<option value=\"30\">30<\/option>\n\t\t\t\t\t\t\t\t\t\t\t\t\t\t\t\t\t<option value=\"31\">31<\/option>\n\t\t\t\t\t\t\t\t\t\t\t\t\t<\/select>\n\t\t\t\t\t\t\t\t\t<\/span>\n\t\t\t\t\t\t\t<span class=\"wpcf7-form-control-wrap mietmonatende\">\n\t\t\t\t\t<select name=\"mietmonatende\" class=\"wpcf7-select mietmonat mietmonatende anhaengerkran autokran schraegaufzug hubarbeitsbuehne\">\n\t\t\t\t\t\t\t\t\t\t\t\t\t\t\t<option value=\"1\">01<\/option>\n\t\t\t\t\t\t\t\t\t\t\t\t\t\t\t\t\t<option value=\"2\">02<\/option>\n\t\t\t\t\t\t\t\t\t\t\t\t\t\t\t\t\t<option value=\"3\">03<\/option>\n\t\t\t\t\t\t\t\t\t\t\t\t\t\t\t\t\t<option value=\"4\">04<\/option>\n\t\t\t\t\t\t\t\t\t\t\t\t\t\t\t\t\t<option value=\"5\">05<\/option>\n\t\t\t\t\t\t\t\t\t\t\t\t\t\t\t\t\t<option value=\"6\">06<\/option>\n\t\t\t\t\t\t\t\t\t\t\t\t\t\t\t\t\t<option value=\"7\">07<\/option>\n\t\t\t\t\t\t\t\t\t\t\t\t\t\t\t\t\t<option value=\"8\">08<\/option>\n\t\t\t\t\t\t\t\t\t\t\t\t\t\t\t\t\t<option value=\"9\">09<\/option>\n\t\t\t\t\t\t\t\t\t\t\t\t\t\t\t\t\t<option value=\"10\">10<\/option>\n\t\t\t\t\t\t\t\t\t\t\t\t\t\t\t\t\t<option value=\"11\">11<\/option>\n\t\t\t\t\t\t\t\t\t\t\t\t\t\t\t\t\t<option value=\"12\">12<\/option>\n\t\t\t\t\t\t\t\t\t\t\t\t\t<\/select>\n\t\t\t\t\t\t\t\t\t<\/span>\n\t\t\t\t\t\t\t<span class=\"wpcf7-form-control-wrap mietjahrende\">\n\t\t\t\t\t<select name=\"mietjahrende\" class=\"wpcf7-select mietjahr mietjahrende anhaengerkran autokran schraegaufzug hubarbeitsbuehne\">\n\t\t\t\t\t\t\t\t\t\t\t\t\t\t\t<option value=\"2026\">2026<\/option>\n\t\t\t\t\t\t\t\t\t\t\t\t\t\t\t\t\t<option value=\"2027\">2027<\/option>\n\t\t\t\t\t\t\t\t\t\t\t\t\t\t\t\t\t<option value=\"2028\">2028<\/option>\n\t\t\t\t\t\t\t\t\t\t\t\t\t<\/select>\n\t\t\t\t\t\t\t\t\t<\/span>\n\t\t\t\n<\/span><\/span><\/span>\n<span class=\"col2\"><label> Einsatzort (PLZ & Ort)\n    <span class=\"wpcf7-form-control-wrap\" data-name=\"einsatzort\"><input size=\"40\" maxlength=\"400\" class=\"wpcf7-form-control wpcf7-text wpcf7-validates-as-required einsatzort\" aria-required=\"true\" aria-invalid=\"false\" value=\"\" type=\"text\" name=\"einsatzort\" \/><\/span><\/label><label> Sonstige Informationen\n    <span class=\"wpcf7-form-control-wrap\" data-name=\"informationen\"><textarea cols=\"40\" rows=\"10\" maxlength=\"2000\" class=\"wpcf7-form-control wpcf7-textarea informationen\" aria-invalid=\"false\" name=\"informationen\"><\/textarea><\/span><\/label><\/span>\n<\/div>\n<div class=\"sectionheader subheader\"><h3 class=\"sectionheadline\">Kontaktdaten<\/h3><hr class=\"sectionline\"><\/div>\n<div class=\"row cf\">\n<span class=\"col1\">\n<label> Firma\n    <span class=\"wpcf7-form-control-wrap\" data-name=\"firma\"><input size=\"40\" maxlength=\"400\" class=\"wpcf7-form-control wpcf7-text\" aria-invalid=\"false\" value=\"\" type=\"text\" name=\"firma\" \/><\/span> <\/label>\n<label> Ansprechpartner\n    <span class=\"wpcf7-form-control-wrap\" data-name=\"ansprechpartner\"><input size=\"40\" maxlength=\"400\" class=\"wpcf7-form-control wpcf7-text wpcf7-validates-as-required\" aria-required=\"true\" aria-invalid=\"false\" value=\"\" type=\"text\" name=\"ansprechpartner\" \/><\/span> <\/label>\n<\/span>\n<span class=\"col1\">\n<label> Stra\u00dfe, Hausnummer\n    <span class=\"wpcf7-form-control-wrap\" data-name=\"strasse\"><input size=\"40\" maxlength=\"400\" class=\"wpcf7-form-control wpcf7-text\" aria-invalid=\"false\" value=\"\" type=\"text\" name=\"strasse\" \/><\/span> <\/label>\n<label> PLZ\n    <span class=\"wpcf7-form-control-wrap\" data-name=\"plz\"><input size=\"40\" maxlength=\"400\" class=\"wpcf7-form-control wpcf7-text\" aria-invalid=\"false\" value=\"\" type=\"text\" name=\"plz\" \/><\/span> <\/label>\n<label> Ort\n    <span class=\"wpcf7-form-control-wrap\" data-name=\"ort\"><input size=\"40\" maxlength=\"400\" class=\"wpcf7-form-control wpcf7-text\" aria-invalid=\"false\" value=\"\" type=\"text\" name=\"ort\" \/><\/span> <\/label>\n<\/span>\n\n<span class=\"col1\">\n<label> Telefon\n    <span class=\"wpcf7-form-control-wrap\" data-name=\"telefon\"><input size=\"40\" maxlength=\"400\" class=\"wpcf7-form-control wpcf7-text\" aria-invalid=\"false\" value=\"\" type=\"text\" name=\"telefon\" \/><\/span> <\/label>\n<label> Mobil\n    <span class=\"wpcf7-form-control-wrap\" data-name=\"mobil\"><input size=\"40\" maxlength=\"400\" class=\"wpcf7-form-control wpcf7-text\" aria-invalid=\"false\" value=\"\" type=\"text\" name=\"mobil\" \/><\/span> <\/label>\n<label> E-Mail\n    <span class=\"wpcf7-form-control-wrap\" data-name=\"email\"><input size=\"40\" maxlength=\"400\" class=\"wpcf7-form-control wpcf7-email wpcf7-validates-as-required wpcf7-text wpcf7-validates-as-email\" aria-required=\"true\" aria-invalid=\"false\" value=\"\" type=\"email\" name=\"email\" \/><\/span> <\/label>\n<\/span>\n\n<span id=\"wpcf7-69d0329f791c2-wrapper\" class=\"wpcf7-form-control-wrap fax-wrap\" style=\"display:none !important; visibility:hidden !important;\"><label for=\"fax\" class=\"hp-message\">Bitte lasse dieses Feld leer.<\/label><input id=\"fax\"  class=\"wpcf7-form-control wpcf7-text fax\" type=\"text\" name=\"fax\" value=\"\" size=\"40\" tabindex=\"-1\" autocomplete=\"new-password\" \/><\/span>\n<\/div>\n<span class=\"wpcf7-form-control-wrap\" data-name=\"datenschutz\"><span class=\"wpcf7-form-control wpcf7-acceptance\"><span class=\"wpcf7-list-item\"><label><input type=\"checkbox\" name=\"datenschutz\" value=\"1\" aria-invalid=\"false\" \/><span class=\"wpcf7-list-item-label\">Ich habe die <a href=\"\/de\/datenschutzerklaerung\/\" target=\"_blank\">Erkl\u00e4rung zum Datenschutz<\/a> gelesen und erkenne diese an<span class=\"required\">*<\/span><\/span><\/label><\/span><\/span><\/span>\n<input class=\"wpcf7-form-control wpcf7-submit has-spinner\" type=\"submit\" value=\"Senden\" \/><div class=\"wpcf7-response-output\" aria-hidden=\"true\"><\/div>\n<\/form>\n<\/div>\n[\/vc_column_inner][\/vc_row_inner][\/vc_column][\/vc_row]<\/p>\n<\/div>","protected":false},"excerpt":{"rendered":"<p>[vc_row][vc_column][vc_row_inner][vc_column_inner width=&#8220;1\/2&#8243;][vc_column_text] Mietger\u00e4te f\u00fcr vielf\u00e4ltige Aufgaben [\/vc_column_text][\/vc_column_inner][vc_column_inner width=&#8220;1\/2&#8243;][vc_column_text css=&#8220;&#8220;]Sie ben\u00f6tigen f\u00fcr einen kurzen oder l\u00e4ngeren Baustelleneinsatz einen Kran oder Aufzug? Kein Problem: In Ascheberg und unseren Niederlassungen steht eine Vielzahl von Mietger\u00e4ten und umfangreiches Zubeh\u00f6r zur Verf\u00fcgung: M\u00f6belaufz\u00fcge (Tragkraft von 200 bis 400 kg) Bauaufz\u00fcge (Tragkraft bis 250 kg) Anh\u00e4ngerkrane (Tragkraft von 800 bis 1.600&#8230;  <a class=\"excerpt-read-more\" href=\"https:\/\/klaas.com\/de\/service\/vermietung\/\" title=\"Read Vermietung\">Weiter &raquo;<\/a><\/p>\n","protected":false},"author":6,"featured_media":0,"parent":35,"menu_order":58,"comment_status":"closed","ping_status":"closed","template":"","meta":{"_acf_changed":false,"inline_featured_image":false,"footnotes":""},"class_list":["post-41","page","type-page","status-publish","hentry"],"acf":[],"_links":{"self":[{"href":"https:\/\/klaas.com\/de\/wp-json\/wp\/v2\/pages\/41","targetHints":{"allow":["GET"]}}],"collection":[{"href":"https:\/\/klaas.com\/de\/wp-json\/wp\/v2\/pages"}],"about":[{"href":"https:\/\/klaas.com\/de\/wp-json\/wp\/v2\/types\/page"}],"author":[{"embeddable":true,"href":"https:\/\/klaas.com\/de\/wp-json\/wp\/v2\/users\/6"}],"replies":[{"embeddable":true,"href":"https:\/\/klaas.com\/de\/wp-json\/wp\/v2\/comments?post=41"}],"version-history":[{"count":12,"href":"https:\/\/klaas.com\/de\/wp-json\/wp\/v2\/pages\/41\/revisions"}],"predecessor-version":[{"id":87014,"href":"https:\/\/klaas.com\/de\/wp-json\/wp\/v2\/pages\/41\/revisions\/87014"}],"up":[{"embeddable":true,"href":"https:\/\/klaas.com\/de\/wp-json\/wp\/v2\/pages\/35"}],"wp:attachment":[{"href":"https:\/\/klaas.com\/de\/wp-json\/wp\/v2\/media?parent=41"}],"curies":[{"name":"wp","href":"https:\/\/api.w.org\/{rel}","templated":true}]}}