



{"id":43,"date":"2017-06-12T11:06:39","date_gmt":"2017-06-12T09:06:39","guid":{"rendered":"https:\/\/klaas.com\/?page_id=43"},"modified":"2023-11-30T11:35:19","modified_gmt":"2023-11-30T10:35:19","slug":"schulung","status":"publish","type":"page","link":"https:\/\/klaas.com\/de\/schulung\/","title":{"rendered":"Schulungen"},"content":{"rendered":"<div class=\"wpb-content-wrapper\"><p>[vc_row][vc_column][vc_row_inner][vc_column_inner][vc_column_text]<\/p>\n<h1><em>Exklusiv f\u00fcr Sie<\/em><br \/>\nUnser Schulungsangebot<\/h1>\n<p>[\/vc_column_text][\/vc_column_inner][\/vc_row_inner][vc_row_inner][vc_column_inner width=&#8220;1\/2&#8243;][vc_column_text]<img loading=\"lazy\" decoding=\"async\" class=\"alignleft wp-image-1502\" src=\"https:\/\/klaas.com\/wp-content\/uploads\/klaas-academy-logo-1024x266.png\" alt=\"\" width=\"438\" height=\"114\" srcset=\"https:\/\/klaas.com\/wp-content\/uploads\/klaas-academy-logo-1024x266.png 1024w, https:\/\/klaas.com\/wp-content\/uploads\/klaas-academy-logo-300x78.png 300w, https:\/\/klaas.com\/wp-content\/uploads\/klaas-academy-logo-768x200.png 768w, https:\/\/klaas.com\/wp-content\/uploads\/klaas-academy-logo.png 1208w\" sizes=\"auto, (max-width: 438px) 100vw, 438px\" \/>[\/vc_column_text][\/vc_column_inner][vc_column_inner width=&#8220;1\/2&#8243;][vc_column_text]Laut Unfallverh\u00fctungsvorschrift der deutschen Berufsgenossenschaften darf jeder Unternehmer nur Kranfahrer einsetzen, die ihm \u201eihre Bef\u00e4higung hierzu nachgewiesen haben\u201c (\u00a7 29 Abs. 1(3) BGV D6). Der Kranf\u00fchrerschein ist daher der sicherste Weg f\u00fcr Firmeninhaber, sich gegen m\u00f6gliche Schadensf\u00e4lle abzusichern. In Kooperation mit einer qualifizierten Fahrschule bietet die Klaas Academy verschiedene Schulungen zum Erwerb des LKW- bzw. Kranf\u00fchrerscheins an. Seit 2012 sind die Kombi-Lehrg\u00e4nge (LKW- und Kranf\u00fchrerschein) zertifiziert, so dass Sie die M\u00f6glichkeit haben, F\u00f6rdergelder f\u00fcr die Schulung Ihrer Mitarbeiter bei der Agentur f\u00fcr Arbeit zu beantragen. Sprechen Sie uns an, wir sind Ihnen gerne dabei behilflich![\/vc_column_text][\/vc_column_inner][\/vc_row_inner][vc_separator][vc_row_inner][vc_column_inner][vc_column_text]<\/p>\n<h1>Schulungen<\/h1>\n<p>[\/vc_column_text][js__trainingslist][\/vc_column_inner][\/vc_row_inner][vc_separator][vc_row_inner][vc_column_inner width=&#8220;1\/2&#8243;][vc_column_text]Haben Sie Interesse an unseren Schulungsangeboten oder w\u00fcnschen Sie weitere Informationen? <strong>Dann melden Sie sich einfach bei uns!<\/strong>[\/vc_column_text][\/vc_column_inner][vc_column_inner width=&#8220;1\/2&#8243;][js_contacts zustaendigkeitcontact=&#8220;80&#8243;][\/vc_column_inner][\/vc_row_inner][\/vc_column][\/vc_row]<\/p>\n<\/div>","protected":false},"excerpt":{"rendered":"<p>[vc_row][vc_column][vc_row_inner][vc_column_inner][vc_column_text] Exklusiv f\u00fcr Sie Unser Schulungsangebot [\/vc_column_text][\/vc_column_inner][\/vc_row_inner][vc_row_inner][vc_column_inner width=&#8220;1\/2&#8243;][vc_column_text][\/vc_column_text][\/vc_column_inner][vc_column_inner width=&#8220;1\/2&#8243;][vc_column_text]Laut Unfallverh\u00fctungsvorschrift der deutschen Berufsgenossenschaften darf jeder Unternehmer nur Kranfahrer einsetzen, die ihm \u201eihre Bef\u00e4higung hierzu nachgewiesen haben\u201c (\u00a7 29 Abs. 1(3) BGV D6). Der Kranf\u00fchrerschein ist daher der sicherste Weg f\u00fcr Firmeninhaber, sich gegen m\u00f6gliche Schadensf\u00e4lle abzusichern. In Kooperation mit einer qualifizierten Fahrschule bietet die Klaas&#8230;  <a class=\"excerpt-read-more\" href=\"https:\/\/klaas.com\/de\/schulung\/\" title=\"Read Schulungen\">Weiter &raquo;<\/a><\/p>\n","protected":false},"author":6,"featured_media":0,"parent":0,"menu_order":40,"comment_status":"closed","ping_status":"closed","template":"","meta":{"_acf_changed":false,"inline_featured_image":false,"footnotes":""},"class_list":["post-43","page","type-page","status-publish","hentry"],"acf":[],"_links":{"self":[{"href":"https:\/\/klaas.com\/de\/wp-json\/wp\/v2\/pages\/43","targetHints":{"allow":["GET"]}}],"collection":[{"href":"https:\/\/klaas.com\/de\/wp-json\/wp\/v2\/pages"}],"about":[{"href":"https:\/\/klaas.com\/de\/wp-json\/wp\/v2\/types\/page"}],"author":[{"embeddable":true,"href":"https:\/\/klaas.com\/de\/wp-json\/wp\/v2\/users\/6"}],"replies":[{"embeddable":true,"href":"https:\/\/klaas.com\/de\/wp-json\/wp\/v2\/comments?post=43"}],"version-history":[{"count":4,"href":"https:\/\/klaas.com\/de\/wp-json\/wp\/v2\/pages\/43\/revisions"}],"predecessor-version":[{"id":80293,"href":"https:\/\/klaas.com\/de\/wp-json\/wp\/v2\/pages\/43\/revisions\/80293"}],"wp:attachment":[{"href":"https:\/\/klaas.com\/de\/wp-json\/wp\/v2\/media?parent=43"}],"curies":[{"name":"wp","href":"https:\/\/api.w.org\/{rel}","templated":true}]}}