



{"id":53,"date":"2017-06-12T11:07:47","date_gmt":"2017-06-12T09:07:47","guid":{"rendered":"https:\/\/klaas.com\/?page_id=53"},"modified":"2021-01-22T08:46:25","modified_gmt":"2021-01-22T07:46:25","slug":"haendler","status":"publish","type":"page","link":"https:\/\/klaas.com\/de\/unternehmen\/haendler\/","title":{"rendered":"H\u00e4ndler"},"content":{"rendered":"<div class=\"wpb-content-wrapper\"><p>[vc_row][vc_column][vc_row_inner][vc_column_inner width=&#8220;1\/2&#8243;][vc_column_text]<\/p>\n<h1><em>Unser Vertrieb<\/em><br \/>\n<em>in Europa und weltweit<\/em><\/h1>\n<p>[\/vc_column_text][\/vc_column_inner][vc_column_inner width=&#8220;1\/2&#8243;][vc_column_text]Hier finden Sie die Ansprechpartner f\u00fcr den Vertrieb von Klaas Autokranen, Schr\u00e4gaufz\u00fcgen und Hubarbeitsb\u00fchnen in Europa und weltweit. Innerhalb Deutschlands vertreiben wir unsere Ger\u00e4te direkt als Hersteller \u2013 \u00fcberall sonst haben wir die Vermarktung unabh\u00e4ngigen Vertriebspartnern \u00fcbertragen.[\/vc_column_text][\/vc_column_inner][\/vc_row_inner][vc_empty_space height=&#8220;150px&#8220; el_class=&#8220;hideresponsive&#8220;][\/vc_column][\/vc_row][vc_row css=&#8220;.vc_custom_1506498289469{background-image: url(https:\/\/klaas.com\/wp-content\/uploads\/alu-fond-loop.jpg?id=3775) !important;}&#8220; el_class=&#8220;fullwidthsp&#8220;][vc_column][vc_row_inner][vc_column_inner width=&#8220;1\/2&#8243;][vc_column_text el_class=&#8220;regionsglobe&#8220;]<img loading=\"lazy\" decoding=\"async\" class=\"alignleft size-full wp-image-52255\" src=\"https:\/\/klaas.com\/wp-content\/uploads\/world-globe.png\" alt=\"\" width=\"1378\" height=\"1378\" srcset=\"https:\/\/klaas.com\/wp-content\/uploads\/world-globe.png 1378w, https:\/\/klaas.com\/wp-content\/uploads\/world-globe-150x150.png 150w, https:\/\/klaas.com\/wp-content\/uploads\/world-globe-300x300.png 300w, https:\/\/klaas.com\/wp-content\/uploads\/world-globe-768x768.png 768w, https:\/\/klaas.com\/wp-content\/uploads\/world-globe-1024x1024.png 1024w, https:\/\/klaas.com\/wp-content\/uploads\/world-globe-125x125.png 125w\" sizes=\"auto, (max-width: 1378px) 100vw, 1378px\" \/>[\/vc_column_text][\/vc_column_inner][vc_column_inner width=&#8220;1\/2&#8243;][vc_column_text]<\/p>\n<h2>H\u00e4ndler international<\/h2>\n<p>[\/vc_column_text][js_contactslist sortby=&#8220;salescountry&#8220;][\/vc_column_inner][\/vc_row_inner][\/vc_column][\/vc_row]<\/p>\n<\/div>","protected":false},"excerpt":{"rendered":"<p>[vc_row][vc_column][vc_row_inner][vc_column_inner width=&#8220;1\/2&#8243;][vc_column_text] Unser Vertrieb in Europa und weltweit [\/vc_column_text][\/vc_column_inner][vc_column_inner width=&#8220;1\/2&#8243;][vc_column_text]Hier finden Sie die Ansprechpartner f\u00fcr den Vertrieb von Klaas Autokranen, Schr\u00e4gaufz\u00fcgen und Hubarbeitsb\u00fchnen in Europa und weltweit. Innerhalb Deutschlands vertreiben wir unsere Ger\u00e4te direkt als Hersteller \u2013 \u00fcberall sonst haben wir die Vermarktung unabh\u00e4ngigen Vertriebspartnern \u00fcbertragen.[\/vc_column_text][\/vc_column_inner][\/vc_row_inner][vc_empty_space height=&#8220;150px&#8220; el_class=&#8220;hideresponsive&#8220;][\/vc_column][\/vc_row][vc_row css=&#8220;.vc_custom_1506498289469{background-image: url(https:\/\/klaas.com\/wp-content\/uploads\/alu-fond-loop.jpg?id=3775) !important;}&#8220; el_class=&#8220;fullwidthsp&#8220;][vc_column][vc_row_inner][vc_column_inner width=&#8220;1\/2&#8243;][vc_column_text el_class=&#8220;regionsglobe&#8220;][\/vc_column_text][\/vc_column_inner][vc_column_inner width=&#8220;1\/2&#8243;][vc_column_text]&#8230;  <a class=\"excerpt-read-more\" href=\"https:\/\/klaas.com\/de\/unternehmen\/haendler\/\" title=\"Read H\u00e4ndler\">Weiter &raquo;<\/a><\/p>\n","protected":false},"author":6,"featured_media":0,"parent":6,"menu_order":63,"comment_status":"closed","ping_status":"closed","template":"","meta":{"_acf_changed":false,"inline_featured_image":false,"footnotes":""},"class_list":["post-53","page","type-page","status-publish","hentry"],"acf":[],"_links":{"self":[{"href":"https:\/\/klaas.com\/de\/wp-json\/wp\/v2\/pages\/53","targetHints":{"allow":["GET"]}}],"collection":[{"href":"https:\/\/klaas.com\/de\/wp-json\/wp\/v2\/pages"}],"about":[{"href":"https:\/\/klaas.com\/de\/wp-json\/wp\/v2\/types\/page"}],"author":[{"embeddable":true,"href":"https:\/\/klaas.com\/de\/wp-json\/wp\/v2\/users\/6"}],"replies":[{"embeddable":true,"href":"https:\/\/klaas.com\/de\/wp-json\/wp\/v2\/comments?post=53"}],"version-history":[{"count":6,"href":"https:\/\/klaas.com\/de\/wp-json\/wp\/v2\/pages\/53\/revisions"}],"predecessor-version":[{"id":89709,"href":"https:\/\/klaas.com\/de\/wp-json\/wp\/v2\/pages\/53\/revisions\/89709"}],"up":[{"embeddable":true,"href":"https:\/\/klaas.com\/de\/wp-json\/wp\/v2\/pages\/6"}],"wp:attachment":[{"href":"https:\/\/klaas.com\/de\/wp-json\/wp\/v2\/media?parent=53"}],"curies":[{"name":"wp","href":"https:\/\/api.w.org\/{rel}","templated":true}]}}