



{"id":69986,"date":"2021-05-04T09:31:49","date_gmt":"2021-05-04T07:31:49","guid":{"rendered":"https:\/\/klaas.com\/?page_id=69986"},"modified":"2021-08-24T09:45:26","modified_gmt":"2021-08-24T07:45:26","slug":"fanshop-agbs","status":"publish","type":"page","link":"https:\/\/klaas.com\/de\/shop\/fanshop-agbs\/","title":{"rendered":"Klaas Shop AGBs"},"content":{"rendered":"<div class=\"wpb-content-wrapper\"><p>[vc_row][vc_column][vc_column_text]<\/p>\n<h3><strong>I) Allgemeine Gesch\u00e4ftsbedingungen<\/strong><\/h3>\n<p><strong>\u00a7 1 Grundlegende Bestimmungen<\/strong><\/p>\n<p>1. Die nachstehenden Gesch\u00e4ftsbedingungen gelten f\u00fcr alle Vertr\u00e4ge, die Sie mit uns als Anbieter (EUROF\u00dcLL &#8211; Inh. J\u00fcrgen Grundmann &#8211; Nordwest-Str.3 59387 Ascheberg &#8211; NRW &#8211; Deutschland) \u00fcber den Klaas Online-Shop schlie\u00dfen. Soweit nicht anders vereinbart, wird der Einbeziehung gegebenenfalls von Ihnen verwendeter eigener Bedingungen widersprochen.<\/p>\n<p>2. Verbraucher im Sinne der nachstehenden Regelungen ist jede nat\u00fcrliche Person, die ein Rechtsgesch\u00e4ft zu Zwecken abschlie\u00dft, die \u00fcberwiegend weder ihrer gewerblichen noch ihrer selbst\u00e4ndigen beruflichen T\u00e4tigkeit zugerechnet werden kann. Unternehmer ist jede nat\u00fcrliche oder juristische Person oder eine rechtsf\u00e4hige Personengesellschaft, die bei Abschluss eines Rechtsgesch\u00e4fts in Aus\u00fcbung ihrer selbst\u00e4ndigen beruflichen oder gewerblichen T\u00e4tigkeit handelt.<\/p>\n<p><strong>\u00a7 2 Zustandekommen des Vertrages<\/strong><\/p>\n<p>1. Gegenstand des Vertrages ist der Verkauf von Waren.<\/p>\n<p>2. Bereits mit dem Einstellen des jeweiligen Produkts auf unserer Internetseite unterbreiten wir Ihnen ein verbindliches Angebot zum Abschluss eines Vertrages zu den auf der jeweiligen Artikelseite angegebenen Bedingungen.<\/p>\n<p>3. Der Vertrag kommt \u00fcber das Online-Warenkorbsystem wie folgt zustande:<\/p>\n<p>Die zum Kauf beabsichtigten Waren werden im &#8222;Warenkorb&#8220; abgelegt. Sofern das Produkt \u00fcber spezifische Angaben wie Farbe, Gr\u00f6\u00dfe oder dem Wunsch nach einer individuellen Gestaltung (Produktveredelung) verlangt, w\u00e4hlen Sie Ihre gew\u00fcnschte Produktvariation aus. Erst danach wird die Ware im &#8222;Warenkorb&#8220; abgelegt. \u00dcber die entsprechende Schaltfl\u00e4che in der Navigationsleiste k\u00f6nnen Sie den &#8222;Warenkorb&#8220; aufrufen und dort jederzeit \u00c4nderungen vornehmen.<\/p>\n<p>Nach Aufrufen der Seite &#8222;Kasse&#8220; \u00fcber den Button &#8222;Kasse&#8220; und der darauf folgende Eingabe der pers\u00f6nlichen Daten sowie der Zahlungs- und Versandbedingungen werden abschlie\u00dfend nochmals alle Bestelldaten auf der Bestell\u00fcbersichtsseite angezeigt.<\/p>\n<p>Vor Absenden der Bestellung haben Sie die M\u00f6glichkeit, hier s\u00e4mtliche Angaben nochmals zu \u00fcberpr\u00fcfen, zu \u00e4ndern (auch \u00fcber die Funktion \u201ezur\u00fcck&#8220; des Internetbrowsers) bzw. den Kauf abzubrechen.<\/p>\n<p>Mit dem Absenden der Bestellung \u00fcber die Schaltfl\u00e4che &#8222;Jetzt kaufen&#8220; erkl\u00e4ren Sie rechtsverbindlich die Annahme des Angebotes, wodurch der Vertrag zustande kommt.<\/p>\n<p>Bei einer Auswahl &#8222;Individuelle Gestaltung&#8220; auf der Artikelseite werden wir uns nach erfolgtem Bestelleingang schnellstm\u00f6glich bei Ihnen melden, bez\u00fcglich Platzierung, Gr\u00f6\u00dfe und Preisgestaltung der Produktveredelung.<\/p>\n<p>4. Ihre Anfragen zur Erstellung eines Angebotes sind f\u00fcr Sie unverbindlich. Wir unterbreiten Ihnen hierzu ein verbindliches Angebot in Textform (z.B. per E-Mail), welches Sie innerhalb von 5 Tagen annehmen k\u00f6nnen.<\/p>\n<p>5. Vor verbindlicher Abgabe der Bestellung \u00fcber das Online-Bestellformular des Verk\u00e4ufers kann der Kunde m\u00f6gliche Eingabefehler durch aufmerksames Lesen der auf dem Bildschirm dargestellten Informationen erkennen. Ein wirksames technisches Mittel zur besseren Erkennung von Eingabefehlern kann dabei die Vergr\u00f6\u00dferungsfunktion des Browsers sein, mit deren Hilfe die Darstellung auf dem Bildschirm vergr\u00f6\u00dfert wird. Seine Eingaben kann der Kunde im Rahmen des elektronischen Bestellprozesses so lange \u00fcber die \u00fcblichen Tastatur- und Mausfunktionen korrigieren, bis er den Bestellvorgang abschlie\u00dfenden Button anklickt.<\/p>\n<p>6. Die Abwicklung der Bestellung und \u00dcbermittlung aller im Zusammenhang mit dem Vertragsschluss erforderlichen Informationen erfolgt per E-Mail zum Teil automatisiert. Sie haben deshalb sicherzustellen, dass die von Ihnen bei uns hinterlegte E-Mail-Adresse zutreffend ist, der Empfang der E-Mails technisch sichergestellt und insbesondere nicht durch SPAM-Filter verhindert wird.<\/p>\n<p>&nbsp;<\/p>\n<p><strong>\u00a7 3 Widerrufsrecht<\/strong><\/p>\n<p>1. Verbrauchern steht grunds\u00e4tzlich ein Widerrufsrecht zu.<\/p>\n<p>2. N\u00e4here Informationen zum Widerrufsrecht ergeben sich aus der Widerrufsbelehrung des Verk\u00e4ufers.<\/p>\n<p>&nbsp;<\/p>\n<p><strong>\u00a7 4 Preise und Zahlungsmodalit\u00e4ten<\/strong><\/p>\n<p>1. Die in den jeweiligen Angeboten angef\u00fchrten Preise sowie die Versandkosten stellen Gesamtpreise dar. Sie beinhalten alle Preisbestandteile einschlie\u00dflich aller anfallenden Steuern.<\/p>\n<p>2. Die anfallenden Versandkosten sind nicht im Kaufpreis enthalten. Sie sind \u00fcber eine entsprechend bezeichnete Schaltfl\u00e4che auf unserer Internetpr\u00e4senz oder im jeweiligen Angebot aufrufbar, werden im Laufe des Bestellvorganges gesondert ausgewiesen und sind von Ihnen zus\u00e4tzlich zu tragen, soweit nicht die versandkostenfreie Lieferung zugesagt ist.<\/p>\n<p>3. Erfolgt die Lieferung in L\u00e4nder au\u00dferhalb der Europ\u00e4ischen Union k\u00f6nnen von uns nicht zu vertretende weitere Kosten anfallen, wie z.B. Z\u00f6lle, Steuern oder Geld\u00fcbermittlungsgeb\u00fchren (\u00dcberweisungs- oder Wechselkursgeb\u00fchren der Kreditinstitute), die von Ihnen zu tragen sind. Entstandene Kosten der Geld\u00fcbermittlung sind von Ihnen auch in den F\u00e4llen zu tragen, in denen die Lieferung in einen EU-Mitgliedsstaat erfolgt, die Zahlung aber au\u00dferhalb der Europ\u00e4ischen Union veranlasst wurde.<\/p>\n<p>4. Betr\u00e4gt die vereinbarte Lieferfrist l\u00e4nger als einen Monat ab Vertragsabschluss, sind wir berechtigt, die Preise nach unserer am Tag der Lieferung geltenden Preisliste zu berechnen.<\/p>\n<p>5. Bei Rechnungsstellung werden die Preise je Packeinheit auf volle Cent gerundet (dritte Dezimalstelle gr\u00f6\u00dfer 4 wird auf-, sonst abgerundet) und mit der Bestellmenge multipliziert.<\/p>\n<p>6. Die Ihnen zur Verf\u00fcgung stehenden Zahlungsarten sind unter einer entsprechend bezeichneten Schaltfl\u00e4che auf unserer Internetpr\u00e4senz oder im jeweiligen Angebot ausgewiesen.<\/p>\n<p>7.\u00a0 Bei Zahlung mittels einer von PayPal angebotenen Zahlungsart erfolgt die Zahlungsabwicklung \u00fcber den Zahlungsdienstleister PayPal (Europe) S.\u00e0 r.l. et Cie, S.C.A., 22-24 Boulevard Royal, L-2449 Luxembourg (im Folgenden: &#8222;PayPal&#8220;), unter Geltung der PayPal-Nutzungsbedingungen, einsehbar unter https:\/\/www.paypal.com\/de\/webapps\/mpp\/ua\/useragreement-full oder \u2013 falls der Kunde nicht \u00fcber ein PayPal-Konto verf\u00fcgt \u2013 unter Geltung der Bedingungen f\u00fcr Zahlungen ohne PayPal-Konto, einsehbar unter https:\/\/www.paypal.com\/de\/webapps\/mpp\/ua\/privacywax-full.<\/p>\n<p>8. Bei Auswahl der Zahlungsart \u201ePayPal Rechnung\u201c tritt der Verk\u00e4ufer seine Zahlungsforderung an PayPal ab. Vor Annahme der Abtretungserkl\u00e4rung des Verk\u00e4ufers f\u00fchrt PayPal unter Verwendung der \u00fcbermittelten Kundendaten eine Bonit\u00e4tspr\u00fcfung durch. Der Verk\u00e4ufer beh\u00e4lt sich vor, dem Kunden die Zahlungsart \u201ePayPal Rechnung\u201c im Falle eines negativen Pr\u00fcfungsergebnisses zu verweigern. Wird die Zahlungsart \u201ePayPal Rechnung\u201c von PayPal zugelassen, hat der Kunde den Rechnungsbetrag innerhalb von 30 Tagen ab Erhalt der Ware an PayPal zu bezahlen, sofern ihm von PayPal kein anderes Zahlungsziel vorgegeben wird. Er kann in diesem Fall nur an PayPal mit schuldbefreiender Wirkung leisten. Der Verk\u00e4ufer bleibt jedoch auch im Falle der Forderungsabtretung zust\u00e4ndig f\u00fcr allgemeine Kundenanfragen z. B. zur Ware, Lieferzeit, Versendung, Retouren, Reklamationen, Widerrufserkl\u00e4rungen und -zusendungen oder Gutschriften. Erg\u00e4nzend gelten die Allgemeinen Nutzungsbedingungen f\u00fcr die Nutzung des Rechnungskaufs von PayPal, einsehbar unter https:\/\/www.paypal.com\/de\/webapps\/mpp\/ua\/pui-terms.<\/p>\n<p>9. Bei Auswahl der Zahlungsart \u201ePayPal Lastschrift\u201c zieht PayPal den Rechnungsbetrag nach Erteilung eines SEPA-Lastschriftmandats, nicht jedoch vor Ablauf der Frist f\u00fcr die Vorabinformation im Auftrag des Verk\u00e4ufers vom Bankkonto des Kunden ein. Vorabinformation (&#8222;Pre-Notification&#8220;) ist jede Mitteilung (z.B. Rechnung, Police, Vertrag) an den Kunden, die eine Belastung mittels SEPA-Lastschrift ank\u00fcndigt. Wird die Lastschrift mangels ausreichender Kontodeckung oder aufgrund der Angabe einer falschen Bankverbindung nicht eingel\u00f6st oder widerspricht der Kunde der Abbuchung, obwohl er hierzu nicht berechtigt ist, hat der Kunde die durch die R\u00fcckbuchung des jeweiligen Kreditinstituts entstehenden Geb\u00fchren zu tragen, wenn er dies zu vertreten hat.<\/p>\n<p>10. Soweit bei den einzelnen Zahlungsarten nicht anders angegeben, sind die Zahlungsanspr\u00fcche aus dem geschlossenen Vertrag sofort zur Zahlung f\u00e4llig.<\/p>\n<p>&nbsp;<\/p>\n<p><strong>\u00a7 5 Individuell gestaltete Waren (Produktveredelung)<\/strong><\/p>\n<p>1. Sie stellen uns die f\u00fcr die individuelle Gestaltung der Waren (Produktveredelung) erforderlichen geeigneten Informationen, Texte oder Dateien zur Verf\u00fcgung. Unsere etwaigen Vorgaben zu Dateiformaten und Dateigr\u00f6\u00dfen sind zu beachten.<\/p>\n<p>2. Sie verpflichten sich, keine Daten zu \u00fcbermitteln, deren Inhalt Rechte Dritter (insbesondere Urheberrechte, Namensrechte, Markenrechte) verletzen oder gegen bestehende Gesetze versto\u00dfen. Sie stellen uns ausdr\u00fccklich von s\u00e4mtlichen in diesem Zusammenhang geltend gemachten Anspr\u00fcchen Dritter frei. Das betrifft auch die Kosten der in diesem Zusammenhang erforderlichen rechtlichen Vertretung.<\/p>\n<p>3. Wir nehmen keine Pr\u00fcfung der \u00fcbermittelten Daten auf inhaltliche Richtigkeit vor und \u00fcbernehmen insoweit keine Haftung f\u00fcr Fehler.<\/p>\n<p>4. Soweit wir im Rahmen der individuellen Gestaltung f\u00fcr Sie Texte, Bilder, Grafiken und Designs erstellen, unterliegen diese dem Urheberrecht. Ohne unsere ausdr\u00fcckliche Zustimmung ist eine Verwendung, Reproduktion oder Ver\u00e4nderung einzelner Teile oder kompletter Inhalte nicht zul\u00e4ssig. Soweit nicht anders vereinbart, \u00fcbertragen wir Ihnen ein zeitlich unbegrenztes Nutzungsrecht an den f\u00fcr Sie erstellten urheberrechtlich gesch\u00fctzten Werken. Es ist Ihnen ausdr\u00fccklich untersagt, die gesch\u00fctzten Werke oder Teile davon in irgendeiner Weise Dritten privat oder kommerziell zur Verf\u00fcgung zu stellen. Die \u00dcbertragung des Nutzungsrechts steht unter der aufschiebenden Bedingung der vollst\u00e4ndigen Zahlung des vereinbarten Kaufpreises.<\/p>\n<p>&nbsp;<\/p>\n<p><strong>\u00a7 6 Lieferbedingungen<\/strong><\/p>\n<p>1. Die Lieferbedingungen, der Liefertermin sowie gegebenenfalls bestehende Lieferbeschr\u00e4nkungen finden sich unter einer entsprechend bezeichneten Schaltfl\u00e4che auf unserer Internetpr\u00e4senz oder im jeweiligen Angebot.<\/p>\n<p>2. Soweit Sie Verbraucher sind ist gesetzlich geregelt, dass die Gefahr des zuf\u00e4lligen Untergangs und der zuf\u00e4lligen Verschlechterung der verkauften Sache w\u00e4hrend der Versendung erst mit der \u00dcbergabe der Ware an Sie \u00fcbergeht, unabh\u00e4ngig davon, ob die Versendung versichert oder unversichert erfolgt. Dies gilt nicht, wenn Sie eigenst\u00e4ndig ein nicht vom Unternehmer benanntes Transportunternehmen oder eine sonst zur Ausf\u00fchrung der Versendung bestimmte Person beauftragt haben.<\/p>\n<p>3. Wir sind zu zumutbaren Teillieferungen berechtigt.<\/p>\n<p>4. Verz\u00f6gert sich die Versendung der bestellten Liefergegenst\u00e4nde aus Gr\u00fcnden, die der Besteller zu vertreten hat, so geht die Gefahr mit dem Zugang der Anzeige der Versandbereitschaft auf den Besteller \u00fcber.<\/p>\n<p>5. Die zuverl\u00e4ssige Versendung der bestellten Ware wird durch von uns beauftrage Frachtf\u00fchrer sichergestellt. Die Parteien sind sich dar\u00fcber einig, dass es im Streitfall dem Besteller obliegt, den Nichtzugang einer Lieferung zu beweisen.<\/p>\n<p>6. Die Frist f\u00fcr die Lieferung beginnt bei Zahlung per Vorkasse am Tag nach Erteilung des Zahlungsauftrags an das \u00fcberweisende Kreditinstitut bzw. bei anderen Zahlungsarten am Tag nach Vertragsschluss zu laufen und endet mit dem Ablauf des letzten Tages der Frist. F\u00e4llt der letzte Tag der Frist auf einen Samstag, Sonntag oder einen am Lieferort staatlich anerkannten allgemeinen Feiertag, so tritt an die Stelle eines solchen Tages der n\u00e4chste Werktag.<\/p>\n<p>7. Vereinbarte Lieferfristen verl\u00e4ngern sich angemessen beim Eintritt unvorhergesehener Hindernisse, die au\u00dferhalb unserer Einflussm\u00f6glichkeiten liegen, wie beispielsweise Streik, Aussperrung, Betriebsst\u00f6rungen, Verz\u00f6gerungen in der Anlieferung von Vormaterial, und zwar gleichg\u00fcltig, ob diese Hindernisse bei uns oder bei unserem Zulieferanten eintreten. Derartige Umst\u00e4nde sind auch dann nicht von uns zu vertreten, wenn wir bereits im Verzug sind. Treten sie ein, sind beide Parteien berechtigt, vom Vertrag zur\u00fcckzutreten.<\/p>\n<p>8. Im Falle einer Warenr\u00fccknahme aus Kulanz sind wir berechtigt, eine Wiedereinlagerungsgeb\u00fchr in H\u00f6he von 15% des zur\u00fcckgenommenen Warenwertes, mindestens 15,00 Euro, h\u00f6chstens 250,00 Euro, zu berechnen. Sind Sie Unternehmer, erfolgt die Lieferung und Versendung auf Ihre Gefahr.<\/p>\n<p>&nbsp;<\/p>\n<p><strong>\u00a7 7 Zur\u00fcckbehaltungsrecht, Eigentumsvorbehalt<\/strong><\/p>\n<p>1. Ein Zur\u00fcckbehaltungsrecht k\u00f6nnen Sie nur aus\u00fcben, soweit es sich um Forderungen aus demselben Vertragsverh\u00e4ltnis handelt.<\/p>\n<p>2.\u00a0 Die Ware bleibt bis zur vollst\u00e4ndigen Zahlung des Kaufpreises unser Eigentum.<\/p>\n<p>3. Sind Sie Unternehmer, gilt erg\u00e4nzend Folgendes:<\/p>\n<p>a) Wir behalten uns das Eigentum an der Ware bis zum vollst\u00e4ndigen Ausgleich aller Forderungen aus der laufenden Gesch\u00e4ftsbeziehung vor. Vor \u00dcbergang des Eigentums an der Vorbehaltsware ist eine Verpf\u00e4ndung oder Sicherheits\u00fcbereignung nicht zul\u00e4ssig.<\/p>\n<p>b) Sie k\u00f6nnen die Ware im ordentlichen Gesch\u00e4ftsgang weiterverkaufen. F\u00fcr diesen Fall treten Sie bereits jetzt alle Forderungen in H\u00f6he des Rechnungsbetrages, die Ihnen aus dem Weiterverkauf erwachsen, an uns ab, wir nehmen die Abtretung an. Sie sind weiter zur Einziehung der Forderung erm\u00e4chtigt. Soweit Sie Ihren Zahlungsverpflichtungen nicht ordnungsgem\u00e4\u00df nachkommen, behalten wir uns allerdings vor, die Forderung selbst einzuziehen.<\/p>\n<p>c) Bei Verbindung und Vermischung der Vorbehaltsware erwerben wir Miteigentum an der neuen Sache im Verh\u00e4ltnis des Rechnungswertes der Vorbehaltsware zu den anderen verarbeiteten Gegenst\u00e4nden zum Zeitpunkt der Verarbeitung.<\/p>\n<p>d) Wir verpflichten uns, die uns zustehenden Sicherheiten auf Ihr Verlangen insoweit freizugeben, als der realisierbare Wert unserer Sicherheiten die zu sichernde Forderung um mehr als 10% \u00fcbersteigt. Die Auswahl der freizugebenden Sicherheiten obliegt uns.<\/p>\n<p>&nbsp;<\/p>\n<p><strong>\u00a7 8 Gew\u00e4hrleistung<\/strong><\/p>\n<p>1. Es bestehen die gesetzlichen M\u00e4ngelhaftungsrechte.<\/p>\n<p>2. Als Verbraucher werden Sie gebeten, die Sache bei Lieferung umgehend auf Vollst\u00e4ndigkeit, offensichtliche M\u00e4ngel und Transportsch\u00e4den zu \u00fcberpr\u00fcfen und uns sowie dem Spediteur Beanstandungen schnellstm\u00f6glich mitzuteilen. Kommen Sie dem nicht nach, hat dies keine Auswirkung auf Ihre gesetzlichen Gew\u00e4hrleistungsanspr\u00fcche.<\/p>\n<p>3.\u00a0 Offensichtliche M\u00e4ngel m\u00fcssen innerhalb von 10 Tagen nach Erhalt der Ware schriftlich und spezifiziert ger\u00fcgt werden.<\/p>\n<p>4. Soweit Sie Unternehmer sind, gilt abweichend von den vorstehenden Gew\u00e4hrleistungsregelungen:<\/p>\n<p>a) Als Beschaffenheit der Sache gelten nur unsere eigenen Angaben und die Produktbeschreibung des Herstellers als vereinbart, nicht jedoch sonstige Werbung, \u00f6ffentliche Anpreisungen und \u00c4u\u00dferungen des Herstellers.<\/p>\n<p>b) Bei M\u00e4ngeln leisten wir nach unserer Wahl Gew\u00e4hr durch Nachbesserung oder Nachlieferung. Schl\u00e4gt die Mangelbeseitigung fehl, k\u00f6nnen Sie nach Ihrer Wahl Minderung verlangen oder vom Vertrag zur\u00fccktreten. Die M\u00e4ngelbeseitigung gilt nach erfolglosem zweiten Versuch als fehlgeschlagen, wenn sich nicht insbesondere aus der Art der Sache oder des Mangels oder den sonstigen Umst\u00e4nden etwas anderes ergibt. Im Falle der Nachbesserung m\u00fcssen wir nicht die erh\u00f6hten Kosten tragen, die durch die Verbringung der Ware an einen anderen Ort als den Erf\u00fcllungsort entstehen, sofern die Verbringung nicht dem bestimmungsgem\u00e4\u00dfen Gebrauch der Ware entspricht.<\/p>\n<p>c) Die Gew\u00e4hrleistungsfrist betr\u00e4gt ein Jahr ab Ablieferung der Ware. Die Fristverk\u00fcrzung gilt nicht:<\/p>\n<p>f\u00fcr uns zurechenbare schuldhaft verursachte Sch\u00e4den aus der Verletzung des Lebens, des K\u00f6rpers oder der Gesundheit und bei vors\u00e4tzlich oder grob fahrl\u00e4ssig verursachten sonstigen Sch\u00e4den;<\/p>\n<p>soweit wir den Mangel arglistig verschwiegen oder eine Garantie f\u00fcr die Beschaffenheit der Sache \u00fcbernommen haben;<\/p>\n<p>bei Sachen, die entsprechend ihrer \u00fcblichen Verwendungsweise f\u00fcr ein Bauwerk verwendet worden sind und dessen Mangelhaftigkeit verursacht haben;<\/p>\n<p>bei gesetzlichen R\u00fcckgriffsanspr\u00fcchen, die Sie im Zusammenhang mit M\u00e4ngelrechten gegen uns haben.<\/p>\n<p>&nbsp;<\/p>\n<p><strong>\u00a7 9 Ausschluss von Schadensersatzanspr\u00fcchen<\/strong><\/p>\n<p>1. F\u00fcr Sch\u00e4den, die infolge unterlassener oder fehlerhafter Ausf\u00fchrung von vor oder nach Vertragsschluss erfolgten Vorschl\u00e4gen oder Beratungen oder durch die Verletzung anderer vertraglicher Nebenpflichten \u2013 insbesondere Anleitung zur Bedienung und Wartung des Liefergegenstandes &#8211; , die nicht am Liefergegenstand selbst entstanden sind, haften wir \u2013 aus welchen Rechtsgr\u00fcnden auch immer \u2013 nur<\/p>\n<p>bei Vorsatz<\/p>\n<p>bei grober Fahrl\u00e4ssigkeit unserer Organe oder unserer leitenden Angestellten<\/p>\n<p>bei schuldhafter Verletzung von Leben, K\u00f6rper und Gesundheit,<\/p>\n<p>bei M\u00e4ngeln, die wir arglistig verschwiegen oder deren Abwesenheit wir garantiert haben<\/p>\n<p>bei M\u00e4ngeln des Liefergegenstandes, soweit nach Produkthaftungsgesetz f\u00fcr Personen \u2013 oder Sachsch\u00e4den an privat genutzten Gegenst\u00e4nden gehaftet wird.<\/p>\n<p>2. Bei schuldhafter Verletzung wesentlicher Vertragspflichten haften wir auch bei grober Fahrl\u00e4ssigkeit nicht leitender Angestellter und bei leichter Fahrl\u00e4ssigkeit, in letzterem Fall aber begrenzt auf den vertragstypischen, vern\u00fcnftigerweise vorhersehbaren Schaden. Weitere Schadenersatzanspr\u00fcche sind ausgeschlossen.<\/p>\n<p>3. Bei Sch\u00e4den wegen versp\u00e4teter Lieferung von Express-Auftr\u00e4gen (\u201eLieferung im Laufe des n\u00e4chsten Werktages\u201c) haften wir bis zu einer H\u00f6he von h\u00f6chstens 250,- EUR je Auftrag. Die Geltendmachung weitergehender Verzugssch\u00e4den ist ausgeschlossen.<\/p>\n<p>&nbsp;<\/p>\n<p><strong>\u00a7 10 Rechtswahl und Erf\u00fcllungsort<\/strong><\/p>\n<p>1. Es gilt deutsches Recht. Bei Verbrauchern gilt diese Rechtswahl nur, soweit hierdurch der durch zwingende Bestimmungen des Rechts des Staates des gew\u00f6hnlichen Aufenthaltes des Verbrauchers gew\u00e4hrte Schutz nicht entzogen wird (G\u00fcnstigkeitsprinzip).<\/p>\n<p>2. Im Ausnahmefall gilt dar\u00fcber hinaus UN-Kaufrecht.<\/p>\n<p>3. Erf\u00fcllungsort ist Ascheberg.<\/p>\n<p>4. Gerichtsstand f\u00fcr alle Streitigkeiten aus unserer Rechtsbeziehung zum Besteller ist Ascheberg. Wir sind jedoch berechtigt, auch am Hauptsitz des Bestellers Klage zu erheben.<\/p>\n<p>&nbsp;<\/p>\n<h3><strong>II) Kundeninformationen<\/strong><\/h3>\n<p>1. Identit\u00e4t des Verk\u00e4ufers<\/p>\n<p>EUROF\u00dcLL<\/p>\n<p>Inhaber: J\u00fcrgen Grundmann<\/p>\n<p>Nordwest-Str. 3<\/p>\n<p>59387 Ascheberg<\/p>\n<p>NRW, Deutschland<\/p>\n<p>Tel.: 02593 \/ 95 88 717<\/p>\n<p>E-Mail: info@eurofuell.de<\/p>\n<p>&nbsp;<\/p>\n<p>Alternative Streitbeilegung:<\/p>\n<p>Die Europ\u00e4ische Kommission stellt eine Plattform f\u00fcr die au\u00dfergerichtliche Online-Streitbeilegung (OS-Plattform) bereit, aufrufbar unter https:\/\/ec.europa.eu\/odr.<\/p>\n<p>&nbsp;<\/p>\n<p>2. Informationen zum Zustandekommen des Vertrages<\/p>\n<p>Die technischen Schritte zum Vertragsschluss, der Vertragsschluss selbst und die Korrekturm\u00f6glichkeiten erfolgen nach Ma\u00dfgabe der Regelungen &#8222;Zustandekommen des Vertrages&#8220; unserer Allgemeinen Gesch\u00e4ftsbedingungen (Teil I.).<\/p>\n<p>&nbsp;<\/p>\n<p>3. Vertragssprache, Vertragstextspeicherung<\/p>\n<p>3.1. Vertragssprache ist deutsch.<\/p>\n<p>3.2. Der vollst\u00e4ndige Vertragstext wird von uns nicht gespeichert. Vor Absenden der Bestellung \u00fcber das Online-Warenkorbsystem k\u00f6nnen die Vertragsdaten \u00fcber die Druckfunktion des Browsers ausgedruckt oder elektronisch gesichert werden. Nach Zugang der Bestellung bei uns werden die Bestelldaten und die Allgemeinen Gesch\u00e4ftsbedingungen nochmals per E-Mail an Sie \u00fcbersandt.<\/p>\n<p>3.3. Bei Angebotsanfragen au\u00dferhalb des Online-Warenkorbsystems erhalten Sie alle Vertragsdaten im Rahmen eines verbindlichen Angebotes in Textform \u00fcbersandt, z.B. per E-Mail, welche Sie ausdrucken oder elektronisch sichern k\u00f6nnen.<\/p>\n<p>&nbsp;<\/p>\n<p>4. Wesentliche Merkmale der Ware oder Dienstleistung<\/p>\n<p>Die wesentlichen Merkmale der Ware und\/oder Dienstleistung finden sich im jeweiligen Angebot.<\/p>\n<p>&nbsp;<\/p>\n<p>5. Beschaffenheitsmerkmale<\/p>\n<p>Die in Prospekten, Katalogen, Anzeigen und Preislisten oder in den zu einem Angebot geh\u00f6rigen Unterlagen enthaltenen Angaben, Zeichnungen, Abbildungen, Muster, Prospekte, technischen Angaben und Kataloge und sonstige technische Daten, Verwendungsempfehlungen sind unverbindlich, sie befreien den Besteller nicht von der Pr\u00fcfung der Ware auf ihre Eignung f\u00fcr die beabsichtigten Zwecke, Verfahren und Einsatzf\u00e4lle. Sie werden erst Vertragsbestandteil, wenn und soweit sie von uns ausdr\u00fccklich als verbindlich best\u00e4tigt sind. Beschaffenheitsgarantien sind nur diejenigen, die in der Auftragsbest\u00e4tigung als solche ausdr\u00fccklich bezeichnet sind. Anwendung, Verwendung und Verarbeitung der bezogenen Ware liegen ausschlie\u00dflich im Verantwortungsbereich des Bestellers. An Abbildungen, Zeichnungen und sonstigen Unterlagen behalten wir uns Eigentums- und Urheberrechte vor. Sie d\u00fcrfen ohne unsere Zustimmung nur f\u00fcr den vertraglich vorgesehenen Zweck verwendet und Dritten nicht zug\u00e4nglich gemacht werden.<\/p>\n<p>&nbsp;<\/p>\n<p>6. Gesetzliches M\u00e4ngelhaftungsrecht<\/p>\n<p>Die M\u00e4ngelhaftung richtet sich nach der Regelung &#8222;Gew\u00e4hrleistung&#8220; in unseren Allgemeinen Gesch\u00e4ftsbedingungen (Teil I).<\/p>\n<p>&nbsp;<\/p>\n<p>Letzte Aktualisierung unserer AGB: M\u00e4rz 2019[\/vc_column_text][\/vc_column][\/vc_row]<\/p>\n<\/div>","protected":false},"excerpt":{"rendered":"<p>[vc_row][vc_column][vc_column_text] I) Allgemeine Gesch\u00e4ftsbedingungen \u00a7 1 Grundlegende Bestimmungen 1. Die nachstehenden Gesch\u00e4ftsbedingungen gelten f\u00fcr alle Vertr\u00e4ge, die Sie mit uns als Anbieter (EUROF\u00dcLL &#8211; Inh. J\u00fcrgen Grundmann &#8211; Nordwest-Str.3 59387 Ascheberg &#8211; NRW &#8211; Deutschland) \u00fcber den Klaas Online-Shop schlie\u00dfen. Soweit nicht anders vereinbart, wird der Einbeziehung gegebenenfalls von Ihnen verwendeter eigener Bedingungen widersprochen. 2&#8230;.  <a class=\"excerpt-read-more\" href=\"https:\/\/klaas.com\/de\/shop\/fanshop-agbs\/\" title=\"Read Klaas Shop AGBs\">Weiter &raquo;<\/a><\/p>\n","protected":false},"author":6,"featured_media":0,"parent":69916,"menu_order":43,"comment_status":"closed","ping_status":"closed","template":"","meta":{"_acf_changed":false,"inline_featured_image":false,"footnotes":""},"class_list":["post-69986","page","type-page","status-publish","hentry"],"acf":[],"_links":{"self":[{"href":"https:\/\/klaas.com\/de\/wp-json\/wp\/v2\/pages\/69986","targetHints":{"allow":["GET"]}}],"collection":[{"href":"https:\/\/klaas.com\/de\/wp-json\/wp\/v2\/pages"}],"about":[{"href":"https:\/\/klaas.com\/de\/wp-json\/wp\/v2\/types\/page"}],"author":[{"embeddable":true,"href":"https:\/\/klaas.com\/de\/wp-json\/wp\/v2\/users\/6"}],"replies":[{"embeddable":true,"href":"https:\/\/klaas.com\/de\/wp-json\/wp\/v2\/comments?post=69986"}],"version-history":[{"count":17,"href":"https:\/\/klaas.com\/de\/wp-json\/wp\/v2\/pages\/69986\/revisions"}],"predecessor-version":[{"id":71457,"href":"https:\/\/klaas.com\/de\/wp-json\/wp\/v2\/pages\/69986\/revisions\/71457"}],"up":[{"embeddable":true,"href":"https:\/\/klaas.com\/de\/wp-json\/wp\/v2\/pages\/69916"}],"wp:attachment":[{"href":"https:\/\/klaas.com\/de\/wp-json\/wp\/v2\/media?parent=69986"}],"curies":[{"name":"wp","href":"https:\/\/api.w.org\/{rel}","templated":true}]}}