



{"id":70765,"date":"2021-06-10T14:10:39","date_gmt":"2021-06-10T12:10:39","guid":{"rendered":"https:\/\/klaas.com\/?page_id=70765"},"modified":"2021-08-23T10:25:35","modified_gmt":"2021-08-23T08:25:35","slug":"impressum-2","status":"publish","type":"page","link":"https:\/\/klaas.com\/de\/shop\/impressum-2\/","title":{"rendered":"Klaas Shop Impressum"},"content":{"rendered":"<div class=\"wpb-content-wrapper\"><p>[vc_row][vc_column][vc_row_inner][vc_column_inner][vc_column_text]Der Klaas Shop wird betrieben von der Firma SILAPRINT, einer Marke der Firma<\/p>\n<p class=\"mb-25\">EUROF\u00dcLL<br \/>\nNordweststra\u00dfe 3<br \/>\n59387 Ascheberg<\/p>\n<h3>Inhaber:<\/h3>\n<p>J\u00fcrgen Grundmann<\/p>\n<h3>Kontakt:<\/h3>\n<p>Tel.: +49(0)2593 \/ 95 88 71 32<br \/>\nE-Mail: info@silaprint.de<\/p>\n<h3>Umsatzsteuer-ID:<\/h3>\n<p>DE 190 743 663<\/p>\n<h3>Steuer-Nr.:<\/h3>\n<p>333\/5760\/0398<\/p>\n<h3>Umsetzung<\/h3>\n<p>Holger Klopmeyer \u2013 Kommunikation<br \/>\nWoyblick 11a, 46509 Xanten<br \/>\nTelefon <a href=\"tel:+49 2801 9867181\">+49 (0)2801 9867181<\/a><br \/>\nE-Mail: <a href=\"mailto:info@klopmeyer.de\"><span id=\"eeb-22520\"><span class=\"wpml-rtl\">info@klopmeyer.de<\/span><\/span><\/a><br \/>\nInternet:\u00a0<a href=\"http:\/\/klopmeyer.de\" target=\"_blank\" rel=\"noopener noreferrer\">klopmeyer.de<\/a><span id=\"eeb-795592\"><a class=\"mailto-link mail-link\" data-enc-email=\"ubytre[at]xybczrlre.qr\" data-wpel-link=\"ignore\"><br \/>\n<\/a><\/span><\/p>\n<h3>Hinweis<\/h3>\n<p>\u00c4nderungen und Irrt\u00fcmer vorbehalten. F\u00fcr technische und sicherheitstechnische Informationen fordern Sie bitte unsere Technischen und Sicherheitsdatenbl\u00e4tter an. Die hier enthaltenen Daten wurden nach besten Wissen erstellt und dienen lediglich Informationszwecken. Wir empfehlen, alle hier aufgef\u00fchrten Produkte und Methoden daraufhin zu pr\u00fcfen, ob sie den vom Anwender gew\u00fcnschten Zweck erf\u00fcllen. Vor Anwendung sollten eingehende Versuche durchgef\u00fchrt werden. Jedoch kann f\u00fcr die Daten sowie f\u00fcr Resultate, die der Anwender erzielt, keine Haftung \u00fcbernommen werden. Die Verantwortung f\u00fcr eventuelle Ma\u00dfnahmen zum Schutz von Eigentum und Personen tr\u00e4gt der Anwender.<\/p>\n<h3>Internetplattform zur Online-Streitbeilegung<\/h3>\n<p>Die EU-Kommission hat im ersten Quartal 2016 eine Internetplattform zur Online-\u00a0Beilegung von Streitigkeiten (sog. \u201eOS-Plattform\u201c) bereitgestellt. Die OS-Plattform soll als Anlaufstelle zur\u00a0au\u00dfergerichtlichen Beilegung von Streitigkeiten betreffend vertragliche Verpflichtungen, die aus Online-Kaufvertr\u00e4gen\u00a0erwachsen, dienen. Die OS-Plattform ist unter folgendem Link erreichbar:\u00a0<a href=\"http:\/\/ec.europa.eu\/consumers\/odr\" target=\"_blank\" rel=\"noopener\">http:\/\/ec.europa.eu\/consumers\/odr<\/a><\/p>\n<h3>Haftungshinweis<\/h3>\n<p>F\u00fcr die Inhalte externer Links \u00fcbernehmen wir trotz sorgf\u00e4ltiger inhaltlicher Kontrolle keine Haftung. F\u00fcr den Inhalt der verlinkten Seiten sind ausschliesslich deren Betreiber verantwortlich.[\/vc_column_text][\/vc_column_inner][\/vc_row_inner][\/vc_column][\/vc_row]<\/p>\n<\/div>","protected":false},"excerpt":{"rendered":"<p>[vc_row][vc_column][vc_row_inner][vc_column_inner][vc_column_text]Der Klaas Shop wird betrieben von der Firma SILAPRINT, einer Marke der Firma EUROF\u00dcLL Nordweststra\u00dfe 3 59387 Ascheberg Inhaber: J\u00fcrgen Grundmann Kontakt: Tel.: +49(0)2593 \/ 95 88 71 32 E-Mail: info@silaprint.de Umsatzsteuer-ID: DE 190 743 663 Steuer-Nr.: 333\/5760\/0398 Umsetzung Holger Klopmeyer \u2013 Kommunikation Woyblick 11a, 46509 Xanten Telefon +49 (0)2801 9867181 E-Mail: info@klopmeyer.de Internet:\u00a0klopmeyer.de Hinweis&#8230;  <a class=\"excerpt-read-more\" href=\"https:\/\/klaas.com\/de\/shop\/impressum-2\/\" title=\"Read Klaas Shop Impressum\">Weiter &raquo;<\/a><\/p>\n","protected":false},"author":6,"featured_media":0,"parent":69916,"menu_order":45,"comment_status":"closed","ping_status":"closed","template":"","meta":{"_acf_changed":false,"inline_featured_image":false,"footnotes":""},"class_list":["post-70765","page","type-page","status-publish","hentry"],"acf":[],"_links":{"self":[{"href":"https:\/\/klaas.com\/de\/wp-json\/wp\/v2\/pages\/70765","targetHints":{"allow":["GET"]}}],"collection":[{"href":"https:\/\/klaas.com\/de\/wp-json\/wp\/v2\/pages"}],"about":[{"href":"https:\/\/klaas.com\/de\/wp-json\/wp\/v2\/types\/page"}],"author":[{"embeddable":true,"href":"https:\/\/klaas.com\/de\/wp-json\/wp\/v2\/users\/6"}],"replies":[{"embeddable":true,"href":"https:\/\/klaas.com\/de\/wp-json\/wp\/v2\/comments?post=70765"}],"version-history":[{"count":9,"href":"https:\/\/klaas.com\/de\/wp-json\/wp\/v2\/pages\/70765\/revisions"}],"predecessor-version":[{"id":71447,"href":"https:\/\/klaas.com\/de\/wp-json\/wp\/v2\/pages\/70765\/revisions\/71447"}],"up":[{"embeddable":true,"href":"https:\/\/klaas.com\/de\/wp-json\/wp\/v2\/pages\/69916"}],"wp:attachment":[{"href":"https:\/\/klaas.com\/de\/wp-json\/wp\/v2\/media?parent=70765"}],"curies":[{"name":"wp","href":"https:\/\/api.w.org\/{rel}","templated":true}]}}