



{"id":71048,"date":"2021-07-01T10:27:12","date_gmt":"2021-07-01T08:27:12","guid":{"rendered":"https:\/\/klaas.com\/?page_id=71048"},"modified":"2021-08-23T10:21:29","modified_gmt":"2021-08-23T08:21:29","slug":"fanshop-zahlung-versand","status":"publish","type":"page","link":"https:\/\/klaas.com\/de\/shop\/fanshop-zahlung-versand\/","title":{"rendered":"Klaas Shop Zahlung und Versand"},"content":{"rendered":"<p>Der Klaas Shop wird \u00fcber die Firma <strong>SILAPRINT<\/strong>, eine Marke der Firma <strong>EUROF\u00dcLL, Nordweststr. 3, 59387 Ascheberg<\/strong> abgewickelt. Eingehende Bestellungen werden von dort versandt, die Bezahlung erfolgt auf das unten genannte Konto der Firma Silaprint.<\/p>\n<p>Bei Fragen zur Individualisierung der Produkte, Lieferung, Bezahlung oder R\u00fccksendung wenden Sie sich bitte an info@silaprint.de.<\/p>\n<p>&nbsp;<\/p>\n<h1 class=\"itkanzlei_first_headline\">Lieferung &amp; Versand<\/h1>\n<p>Ihre Bestellung werden schnellstm\u00f6glich gepr\u00fcft und bearbeitet. Die gew\u00fcnschten Produkte versenden wir mit Hilfe unseres Versandpartners dpd. <a href=\"https:\/\/www.dpd.com\/de\/de\/empfangen\/sendungsverfolgung-und-live-tracking\/\" target=\"_blank\" rel=\"noopener\">Hier<\/a> gelangen Sie auf die Seite f\u00fcr Sendungsverfolgungen. Dort geben Sie Ihre Paketscheinnummer ein und sehen dann, wo sich Ihre Lieferung aktuell befindet.<\/p>\n<p>Wir versenden nur innerhalb Deutschlands, die Versandkosten betragen 4,95 Euro. Ab einem Warenwert von 100 Euro versenden wir kostenlos. Der R\u00fcckversand an uns muss vom K\u00e4ufer getragen werden.<\/p>\n<p>&nbsp;<\/p>\n<h1><strong>Zahlung<\/strong><\/h1>\n<p>Die Zahlung kann erfolgen per<\/p>\n<p><strong>PayPal<\/strong>: Nach Best\u00e4tigung unserer AGB und der Widerrufsbelehrung durch einen Klick auf \u201eVerbindlich kaufen\u201c werden Sie direkt zur Login-Seite von PayPal weitergeleitet. Dort m\u00fcssen Sie sich mit Ihren Zugangsdaten anmelden und die Zahlung genehmigen, um den Kauf abzuschlie\u00dfen.<\/p>\n<p>Sie k\u00f6nnen \u00fcber Ihr PayPal-Konto zahlen, per Lastschrift oder Kreditkarte. F\u00fcr die Zahlungsarten Lastschrift und Kreditkarte ben\u00f6tigen Sie kein PayPal-Konto.<\/p>\n<p><strong>Vorkasse<\/strong>: Bei Zahlung per Vorkasse erhalten Sie nach Eingang Ihrer Bestellung eine Auftragsbest\u00e4tigung. Diese enth\u00e4lt die f\u00fcr die \u00dcberweisung notwendigen Daten einschlie\u00dflich der Bestellnummer, damit wir Ihre Zahlung auch Ihrer Bestellung zuordnen k\u00f6nnen.<\/p>\n<p>Unsere Bankverbindung:<\/p>\n<p>SILAPRINT<br \/>\nSparkasse an der Lippe<br \/>\nIBAN: DE 05 4415 2370 0001 0024 19<br \/>\nBIC: WELADED1LUN<\/p>\n<p>Die Frist f\u00fcr die Lieferung beginnt bei Zahlung per \u00dcberweisung am Tag nach Erteilung des\u00a0Zahlungsauftrags an das \u00fcberweisende Kreditinstitut bzw. bei anderen Zahlungsarten am\u00a0Tag nach Vertragsschluss zu laufen und endet mit dem Ablauf des letzten Tages\u00a0der Frist. F\u00e4llt der letzte Tag der Frist auf einen Sonntag oder einen am Lieferort staatlich\u00a0anerkannten allgemeinen Feiertag, so tritt an die Stelle eines solchen Tages der n\u00e4chste\u00a0Werktag.<\/p>\n<p>&nbsp;<\/p>\n","protected":false},"excerpt":{"rendered":"<p>Der Klaas Shop wird \u00fcber die Firma SILAPRINT, eine Marke der Firma EUROF\u00dcLL, Nordweststr. 3, 59387 Ascheberg abgewickelt. Eingehende Bestellungen werden von dort versandt, die Bezahlung erfolgt auf das unten genannte Konto der Firma Silaprint. Bei Fragen zur Individualisierung der Produkte, Lieferung, Bezahlung oder R\u00fccksendung wenden Sie sich bitte an info@silaprint.de. &nbsp; Lieferung &amp; Versand&#8230;  <a class=\"excerpt-read-more\" href=\"https:\/\/klaas.com\/de\/shop\/fanshop-zahlung-versand\/\" title=\"Read Klaas Shop Zahlung und Versand\">Weiter &raquo;<\/a><\/p>\n","protected":false},"author":3,"featured_media":0,"parent":69916,"menu_order":47,"comment_status":"closed","ping_status":"closed","template":"","meta":{"_acf_changed":false,"inline_featured_image":false,"footnotes":""},"class_list":["post-71048","page","type-page","status-publish","hentry"],"acf":[],"_links":{"self":[{"href":"https:\/\/klaas.com\/de\/wp-json\/wp\/v2\/pages\/71048","targetHints":{"allow":["GET"]}}],"collection":[{"href":"https:\/\/klaas.com\/de\/wp-json\/wp\/v2\/pages"}],"about":[{"href":"https:\/\/klaas.com\/de\/wp-json\/wp\/v2\/types\/page"}],"author":[{"embeddable":true,"href":"https:\/\/klaas.com\/de\/wp-json\/wp\/v2\/users\/3"}],"replies":[{"embeddable":true,"href":"https:\/\/klaas.com\/de\/wp-json\/wp\/v2\/comments?post=71048"}],"version-history":[{"count":8,"href":"https:\/\/klaas.com\/de\/wp-json\/wp\/v2\/pages\/71048\/revisions"}],"predecessor-version":[{"id":71445,"href":"https:\/\/klaas.com\/de\/wp-json\/wp\/v2\/pages\/71048\/revisions\/71445"}],"up":[{"embeddable":true,"href":"https:\/\/klaas.com\/de\/wp-json\/wp\/v2\/pages\/69916"}],"wp:attachment":[{"href":"https:\/\/klaas.com\/de\/wp-json\/wp\/v2\/media?parent=71048"}],"curies":[{"name":"wp","href":"https:\/\/api.w.org\/{rel}","templated":true}]}}