



{"id":74,"date":"2017-06-12T11:11:31","date_gmt":"2017-06-12T09:11:31","guid":{"rendered":"https:\/\/klaas.com\/?page_id=74"},"modified":"2017-11-07T08:49:27","modified_gmt":"2017-11-07T07:49:27","slug":"kontakt","status":"publish","type":"page","link":"https:\/\/klaas.com\/de\/kontakt\/","title":{"rendered":"Kontakt"},"content":{"rendered":"<div class=\"wpb-content-wrapper\"><p>[vc_row][vc_column][vc_row_inner][vc_column_inner width=&#8220;1\/2&#8243;][vc_column_text]<\/p>\n<h1><em>Rufen Sie uns an!<\/em><\/h1>\n<p>[\/vc_column_text][\/vc_column_inner][vc_column_inner width=&#8220;1\/2&#8243;][vc_column_text]Hier finden Sie Ihre Ansprechpartner f\u00fcr den Vertrieb von Alukranen und Schr\u00e4gaufz\u00fcgen in Europa und weltweit. Au\u00dferhalb Deutschlands haben wir die Vermarktung unserer Produkte unabh\u00e4ngigen Vertriebspartnern \u00fcbertragen.[\/vc_column_text][\/vc_column_inner][\/vc_row_inner][vc_separator][vc_row_inner][vc_column_inner width=&#8220;1\/2&#8243;][vc_column_text]<img loading=\"lazy\" decoding=\"async\" class=\"alignnone wp-image-2787 size-large\" src=\"https:\/\/klaas.com\/wp-content\/uploads\/ascheberg-1024x628.jpg\" alt=\"\" width=\"680\" height=\"417\" srcset=\"https:\/\/klaas.com\/wp-content\/uploads\/ascheberg-1024x628.jpg 1024w, https:\/\/klaas.com\/wp-content\/uploads\/ascheberg-300x184.jpg 300w, https:\/\/klaas.com\/wp-content\/uploads\/ascheberg-768x471.jpg 768w, https:\/\/klaas.com\/wp-content\/uploads\/ascheberg.jpg 1060w\" sizes=\"auto, (max-width: 680px) 100vw, 680px\" \/>[\/vc_column_text][\/vc_column_inner][vc_column_inner width=&#8220;1\/2&#8243;][js_contacts type_of_address=&#8220;ansprechpartner&#8220; ansprechpartnercontact=&#8220;1667&#8243; show_headline=&#8220;&#8220;][\/vc_column_inner][\/vc_row_inner][\/vc_column][\/vc_row][vc_row css=&#8220;.vc_custom_1506498437936{background: #d8d8d8 url(https:\/\/klaas.com\/wp-content\/uploads\/alu-fond-loop.jpg?id=3775) !important;}&#8220;][vc_column][vc_row_inner][vc_column_inner][vc_column_text]<\/p>\n<h2>Der richtige Ansprechpartner<\/h2>\n<p>[\/vc_column_text][\/vc_column_inner][\/vc_row_inner][js_contactsearch][\/vc_column][\/vc_row][vc_row][vc_column][vc_row_inner][vc_column_inner width=&#8220;1\/2&#8243;][vc_column_text]<\/p>\n<h1><em>Schreiben Sie uns!<\/em><\/h1>\n<p>[\/vc_column_text][\/vc_column_inner][vc_column_inner width=&#8220;1\/2&#8243;][vc_column_text]Gerne k\u00f6nnen Sie Kontakt zu uns aufnehmen. F\u00fcllen Sie dazu einfach das nachstehende Formular aus und w\u00e4hlen Sie einen Unternehmensbereich, f\u00fcr den Ihre Nachricht bestimmt ist.[\/vc_column_text][\/vc_column_inner][\/vc_row_inner][vc_separator][vc_row_inner][vc_column_inner]\n<div class=\"wpcf7 no-js\" id=\"wpcf7-f1714-o1\" lang=\"de-DE\" dir=\"ltr\" data-wpcf7-id=\"1714\">\n<div class=\"screen-reader-response\"><p role=\"status\" aria-live=\"polite\" aria-atomic=\"true\"><\/p> <ul><\/ul><\/div>\n<form action=\"\/de\/wp-json\/wp\/v2\/pages\/74#wpcf7-f1714-o1\" method=\"post\" class=\"wpcf7-form init\" aria-label=\"Kontaktformular\" novalidate=\"novalidate\" data-status=\"init\">\n<fieldset class=\"hidden-fields-container\"><input type=\"hidden\" name=\"_wpcf7\" value=\"1714\" \/><input type=\"hidden\" name=\"_wpcf7_version\" value=\"6.1.5\" \/><input type=\"hidden\" name=\"_wpcf7_locale\" value=\"de_DE\" \/><input type=\"hidden\" name=\"_wpcf7_unit_tag\" value=\"wpcf7-f1714-o1\" \/><input type=\"hidden\" name=\"_wpcf7_container_post\" value=\"0\" \/><input type=\"hidden\" name=\"_wpcf7_posted_data_hash\" value=\"\" \/><input type=\"hidden\" name=\"_wpcf7cf_hidden_group_fields\" value=\"[]\" \/><input type=\"hidden\" name=\"_wpcf7cf_hidden_groups\" value=\"[]\" \/><input type=\"hidden\" name=\"_wpcf7cf_visible_groups\" value=\"[]\" \/><input type=\"hidden\" name=\"_wpcf7cf_repeaters\" value=\"[]\" \/><input type=\"hidden\" name=\"_wpcf7cf_steps\" value=\"{}\" \/><input type=\"hidden\" name=\"_wpcf7cf_options\" value=\"{&quot;form_id&quot;:1714,&quot;conditions&quot;:[],&quot;settings&quot;:{&quot;animation&quot;:&quot;yes&quot;,&quot;animation_intime&quot;:200,&quot;animation_outtime&quot;:200,&quot;conditions_ui&quot;:&quot;normal&quot;,&quot;notice_dismissed&quot;:false,&quot;notice_dismissed_rollback-cf7-5.4.1&quot;:true,&quot;notice_dismissed_rollback-cf7-5.5.6&quot;:true,&quot;notice_dismissed_update-cf7-5.7.3&quot;:true,&quot;notice_dismissed_update-cf7-5.7.6&quot;:true,&quot;notice_dismissed_update-cf7-5.7.7&quot;:true,&quot;notice_dismissed_update-cf7-5.8.1&quot;:true,&quot;notice_dismissed_rollback-cf7-5.8.2&quot;:true,&quot;notice_dismissed_rollback-cf7-5.8.3&quot;:true,&quot;notice_dismissed_rollback-cf7-6.0.4&quot;:true,&quot;notice_dismissed_rollback-cf7-6.1.4&quot;:true}}\" \/><input type=\"hidden\" name=\"upload_dir\" value=\"1127149901\" \/><input type=\"hidden\" name=\"generate_name\" value=\"04-05-26-69d26ca223c1c\" \/><input type=\"hidden\" name=\"_wpcf7_recaptcha_response\" value=\"\" \/>\n<\/fieldset>\n<div class=\"row cf\">\n<span class=\"col1\"><label class=\"topicdrop\">Unternehmensbereich*\n<span class=\"wpcf7-form-control-wrap\" data-name=\"topicdrop\"><select class=\"wpcf7-form-control wpcf7-select wpcf7-validates-as-required topicdrop\" aria-required=\"true\" aria-invalid=\"false\" name=\"topicdrop\"><option value=\"Vertrieb\">Vertrieb<\/option><option value=\"Service\">Service<\/option><option value=\"Personal\">Personal<\/option><option value=\"Klaas Academy\">Klaas Academy<\/option><\/select><\/span><\/label>\n<\/span><span class=\"col2\"><label class=\"trainingdrop\"> Ihre Nachricht*\n<span class=\"wpcf7-form-control-wrap\" data-name=\"subject\"><textarea cols=\"40\" rows=\"10\" maxlength=\"2000\" class=\"wpcf7-form-control wpcf7-textarea wpcf7-validates-as-required subject\" aria-required=\"true\" aria-invalid=\"false\" name=\"subject\"><\/textarea><\/span><\/label><\/span>\n<\/div>\n<div class=\"row cf\"><span class=\"col3\"><span class=\"sectionheadline\">Kontaktdaten Firma<\/span><\/div>\n<div class=\"row cf\">\n<span class=\"col1\"><label> Firma*\n    <span class=\"wpcf7-form-control-wrap\" data-name=\"firma\"><input size=\"40\" maxlength=\"400\" class=\"wpcf7-form-control wpcf7-text wpcf7-validates-as-required\" aria-required=\"true\" aria-invalid=\"false\" value=\"\" type=\"text\" name=\"firma\" \/><\/span> <\/label>\n<label> Ansprechpartner*\n    <span class=\"wpcf7-form-control-wrap\" data-name=\"ansprechpartner\"><input size=\"40\" maxlength=\"400\" class=\"wpcf7-form-control wpcf7-text wpcf7-validates-as-required\" aria-required=\"true\" aria-invalid=\"false\" value=\"\" type=\"text\" name=\"ansprechpartner\" \/><\/span> <\/label><\/span><span class=\"col1\"><label> Stra\u00dfe, Hausnummer*\n    <span class=\"wpcf7-form-control-wrap\" data-name=\"strasse\"><input size=\"40\" maxlength=\"400\" class=\"wpcf7-form-control wpcf7-text wpcf7-validates-as-required\" aria-required=\"true\" aria-invalid=\"false\" value=\"\" type=\"text\" name=\"strasse\" \/><\/span> <\/label>\n<label> PLZ*\n    <span class=\"wpcf7-form-control-wrap\" data-name=\"plz\"><input size=\"40\" maxlength=\"400\" class=\"wpcf7-form-control wpcf7-text wpcf7-validates-as-required\" aria-required=\"true\" aria-invalid=\"false\" value=\"\" type=\"text\" name=\"plz\" \/><\/span> <\/label>\n<label> Ort*\n    <span class=\"wpcf7-form-control-wrap\" data-name=\"ort\"><input size=\"40\" maxlength=\"400\" class=\"wpcf7-form-control wpcf7-text wpcf7-validates-as-required\" aria-required=\"true\" aria-invalid=\"false\" value=\"\" type=\"text\" name=\"ort\" \/><\/span> <\/label><\/span><span class=\"col1\"><label> Telefon\n    <span class=\"wpcf7-form-control-wrap\" data-name=\"telefon\"><input size=\"40\" maxlength=\"400\" class=\"wpcf7-form-control wpcf7-text\" aria-invalid=\"false\" value=\"\" type=\"text\" name=\"telefon\" \/><\/span> <\/label>\n<label> Mobil\n    <span class=\"wpcf7-form-control-wrap\" data-name=\"mobil\"><input size=\"40\" maxlength=\"400\" class=\"wpcf7-form-control wpcf7-text\" aria-invalid=\"false\" value=\"\" type=\"text\" name=\"mobil\" \/><\/span> <\/label>\n<label> E-Mail*\n    <span class=\"wpcf7-form-control-wrap\" data-name=\"email\"><input size=\"40\" maxlength=\"400\" class=\"wpcf7-form-control wpcf7-email wpcf7-validates-as-required wpcf7-text wpcf7-validates-as-email\" aria-required=\"true\" aria-invalid=\"false\" value=\"\" type=\"email\" name=\"email\" \/><\/span> <\/label><\/span>\n\n<\/div>\n\n<span id=\"wpcf7-69d26ca2246cd-wrapper\" class=\"wpcf7-form-control-wrap fax-wrap\" style=\"display:none !important; visibility:hidden !important;\"><label for=\"fax\" class=\"hp-message\">Bitte lasse dieses Feld leer.<\/label><input id=\"fax\"  class=\"wpcf7-form-control wpcf7-text fax\" type=\"text\" name=\"fax\" value=\"\" size=\"40\" tabindex=\"-1\" autocomplete=\"new-password\" \/><\/span>\n\n<div class=\"row cf\"><span class=\"col2\">\n<span class=\"wpcf7-form-control-wrap\" data-name=\"datenschutz\"><span class=\"wpcf7-form-control wpcf7-acceptance\"><span class=\"wpcf7-list-item\"><label><input type=\"checkbox\" name=\"datenschutz\" value=\"1\" aria-invalid=\"false\" \/><span class=\"wpcf7-list-item-label\">Ich habe die <a href=\"\/de\/datenschutzerklaerung\/\" target=\"_blank\">Erkl\u00e4rung zum Datenschutz<\/a> gelesen und erkenne diese an<span class=\"required\">*<\/span><\/span><\/label><\/span><\/span><\/span>\n<input class=\"wpcf7-form-control wpcf7-submit has-spinner\" type=\"submit\" value=\"Senden\" \/>\n<\/span><\/div><div class=\"wpcf7-response-output\" aria-hidden=\"true\"><\/div>\n<\/form>\n<\/div>\n[\/vc_column_inner][\/vc_row_inner][\/vc_column][\/vc_row]<\/p>\n<\/div>","protected":false},"excerpt":{"rendered":"<p>[vc_row][vc_column][vc_row_inner][vc_column_inner width=&#8220;1\/2&#8243;][vc_column_text] Rufen Sie uns an! [\/vc_column_text][\/vc_column_inner][vc_column_inner width=&#8220;1\/2&#8243;][vc_column_text]Hier finden Sie Ihre Ansprechpartner f\u00fcr den Vertrieb von Alukranen und Schr\u00e4gaufz\u00fcgen in Europa und weltweit. Au\u00dferhalb Deutschlands haben wir die Vermarktung unserer Produkte unabh\u00e4ngigen Vertriebspartnern \u00fcbertragen.[\/vc_column_text][\/vc_column_inner][\/vc_row_inner][vc_separator][vc_row_inner][vc_column_inner width=&#8220;1\/2&#8243;][vc_column_text][\/vc_column_text][\/vc_column_inner][vc_column_inner width=&#8220;1\/2&#8243;][js_contacts type_of_address=&#8220;ansprechpartner&#8220; ansprechpartnercontact=&#8220;1667&#8243; show_headline=&#8220;&#8220;][\/vc_column_inner][\/vc_row_inner][\/vc_column][\/vc_row][vc_row css=&#8220;.vc_custom_1506498437936{background: #d8d8d8 url(https:\/\/klaas.com\/wp-content\/uploads\/alu-fond-loop.jpg?id=3775) !important;}&#8220;][vc_column][vc_row_inner][vc_column_inner][vc_column_text] Der richtige Ansprechpartner [\/vc_column_text][\/vc_column_inner][\/vc_row_inner][js_contactsearch][\/vc_column][\/vc_row][vc_row][vc_column][vc_row_inner][vc_column_inner width=&#8220;1\/2&#8243;][vc_column_text] Schreiben Sie uns! [\/vc_column_text][\/vc_column_inner][vc_column_inner width=&#8220;1\/2&#8243;][vc_column_text]Gerne k\u00f6nnen Sie&#8230;  <a class=\"excerpt-read-more\" href=\"https:\/\/klaas.com\/de\/kontakt\/\" title=\"Read Kontakt\">Weiter &raquo;<\/a><\/p>\n","protected":false},"author":6,"featured_media":0,"parent":0,"menu_order":48,"comment_status":"closed","ping_status":"closed","template":"","meta":{"_acf_changed":false,"inline_featured_image":false,"footnotes":""},"class_list":["post-74","page","type-page","status-publish","hentry"],"acf":[],"_links":{"self":[{"href":"https:\/\/klaas.com\/de\/wp-json\/wp\/v2\/pages\/74","targetHints":{"allow":["GET"]}}],"collection":[{"href":"https:\/\/klaas.com\/de\/wp-json\/wp\/v2\/pages"}],"about":[{"href":"https:\/\/klaas.com\/de\/wp-json\/wp\/v2\/types\/page"}],"author":[{"embeddable":true,"href":"https:\/\/klaas.com\/de\/wp-json\/wp\/v2\/users\/6"}],"replies":[{"embeddable":true,"href":"https:\/\/klaas.com\/de\/wp-json\/wp\/v2\/comments?post=74"}],"version-history":[{"count":1,"href":"https:\/\/klaas.com\/de\/wp-json\/wp\/v2\/pages\/74\/revisions"}],"predecessor-version":[{"id":52819,"href":"https:\/\/klaas.com\/de\/wp-json\/wp\/v2\/pages\/74\/revisions\/52819"}],"wp:attachment":[{"href":"https:\/\/klaas.com\/de\/wp-json\/wp\/v2\/media?parent=74"}],"curies":[{"name":"wp","href":"https:\/\/api.w.org\/{rel}","templated":true}]}}