



{"id":8,"date":"2017-06-12T10:59:34","date_gmt":"2017-06-12T08:59:34","guid":{"rendered":"https:\/\/klaas.com\/?page_id=8"},"modified":"2023-06-27T10:52:59","modified_gmt":"2023-06-27T08:52:59","slug":"profil","status":"publish","type":"page","link":"https:\/\/klaas.com\/de\/unternehmen\/profil\/","title":{"rendered":"Profil"},"content":{"rendered":"<div class=\"wpb-content-wrapper\"><p>[vc_row][vc_column][vc_row_inner][vc_column_inner][vc_column_text]<\/p>\n<h1><em>Mit Weitblick und Kundenn\u00e4he zum Erfolg<\/em><\/h1>\n<p>[\/vc_column_text][\/vc_column_inner][\/vc_row_inner][vc_row_inner][vc_column_inner width=&#8220;1\/2&#8243;][vc_column_text]Bereits 1933 gr\u00fcndete Theodor Klaas das heute mittelst\u00e4ndische Familienunternehmen aus dem westf\u00e4lischen Ascheberg. Zun\u00e4chst als Bauunternehmer t\u00e4tig, entwickelte er mit viel Erfindergeist nach dem Zweiten Weltkrieg den ersten Schr\u00e4gaufzug, der die Arbeit am Bau erheblich vereinfachte.<\/p>\n<p>Sein Sohn Ludger, gelernter Elektriker und Schlossermeister, trat 1969 in die Firma ein. Er erkannte die enormen Vorteile des leichten Werkstoffs Aluminium und konstruierte daraus 1993 den ersten Alukran, der bald auch international den Durchbruch schaffte. Diese Innovation erwies sich als Meilenstein in der Unternehmensgeschichte und als Grundlage f\u00fcr die Entwicklung weiterer Sondermaschinen beispielsweise im Bereich der Feuerwehrtechnik.[\/vc_column_text][\/vc_column_inner][vc_column_inner width=&#8220;1\/2&#8243;][vc_column_text]Bis heute pr\u00e4sentieren wir uns als leistungsstarker Maschinenbauer mit innovativen, hochwertigen Produkten. Die Grundlage f\u00fcr dieses Qualit\u00e4tsversprechen schaffen erfahrene Mitarbeiter, die sich mit viel Know-how und Engagement f\u00fcr das Unternehmen einsetzen, ebenso wie hochmoderne Produktionsst\u00e4tten und Maschinen.<\/p>\n<p>Klaas Ger\u00e4te werden in Deutschland von uns direkt und ohne Zwischenh\u00e4ndler vertrieben. Und so soll es auch bleiben. Denn dieser pers\u00f6nliche Kontakt und eine partnerschaftliche Zusammenarbeit helfen uns, Kundenw\u00fcnsche und Anforderungen zu verstehen und in innovative Produkte umzusetzen.<\/p>\n<p>[\/vc_column_text][js_download_button show_link_download1=&#8220;video&#8220; videourl=&#8220;https:\/\/www.youtube.com\/watch?v=vHcxQ3M0egY&#8220; btntext=&#8220;Willkommen bei Klaas&#8220;][\/vc_column_inner][\/vc_row_inner][vc_row_inner][vc_column_inner][vc_column_text]<img loading=\"lazy\" decoding=\"async\" class=\"aligncenter wp-image-57218 size-full\" src=\"https:\/\/klaas.com\/wp-content\/uploads\/produktpalette01-2.jpg\" alt=\"\" width=\"2540\" height=\"583\" srcset=\"https:\/\/klaas.com\/wp-content\/uploads\/produktpalette01-2.jpg 2540w, https:\/\/klaas.com\/wp-content\/uploads\/produktpalette01-2-300x69.jpg 300w, https:\/\/klaas.com\/wp-content\/uploads\/produktpalette01-2-1024x235.jpg 1024w, https:\/\/klaas.com\/wp-content\/uploads\/produktpalette01-2-768x176.jpg 768w, https:\/\/klaas.com\/wp-content\/uploads\/produktpalette01-2-1536x353.jpg 1536w, https:\/\/klaas.com\/wp-content\/uploads\/produktpalette01-2-2048x470.jpg 2048w\" sizes=\"auto, (max-width: 2540px) 100vw, 2540px\" \/>[\/vc_column_text][\/vc_column_inner][\/vc_row_inner][js_mood_text image=&#8220;2536&#8243; background_color=&#8220;lightgray&#8220;]<\/p>\n<h1><em>Qualit\u00e4t<br \/>\n<\/em>Made in Germany<\/h1>\n<p>Qualit\u00e4t wird bei Klaas seit jeher gro\u00dfgeschrieben. Deshalb produzieren wir die allermeisten Bauteile im Ascheberger Werk selber und kaufen nur einige wenige Materialien dazu. Um unseren hohen Qualit\u00e4tsstandard dauerhaft zu halten und auszubauen, haben wir uns vor einigen Jahren f\u00fcr den Aufbau eines effektiven Qualit\u00e4tsmanagementsystems entschieden, das nach der weltweit anerkannten ISO 9001-Norm zertifiziert wurde.<\/p>\n<p>Diese enorme Fertigungstiefe sorgt nicht nur f\u00fcr qualitativ hochwertige Produkte, sie l\u00e4sst uns auch schnell und flexibel auf die Bed\u00fcrfnisse unsere Kunden und Anforderungen des Marktes reagieren.[\/js_mood_text][\/vc_column][\/vc_row][vc_row][vc_column][vc_row_inner content_placement=&#8220;top&#8220;][vc_column_inner width=&#8220;1\/3&#8243;][vc_column_text]<img loading=\"lazy\" decoding=\"async\" class=\"size-medium wp-image-2532 alignleft\" src=\"https:\/\/klaas.com\/wp-content\/uploads\/entwicklung-300x142.jpg\" alt=\"\" width=\"300\" height=\"142\" srcset=\"https:\/\/klaas.com\/wp-content\/uploads\/entwicklung-300x142.jpg 300w, https:\/\/klaas.com\/wp-content\/uploads\/entwicklung-600x283.jpg 600w, https:\/\/klaas.com\/wp-content\/uploads\/entwicklung.jpg 688w\" sizes=\"auto, (max-width: 300px) 100vw, 300px\" \/>[\/vc_column_text][\/vc_column_inner][vc_column_inner width=&#8220;2\/3&#8243;][vc_column_text]<\/p>\n<h2>Entwicklung<\/h2>\n<p>\u201eAus der Praxis \u2013 f\u00fcr die Praxis\u201c. Nach dieser Maxime setzen unsere Ingenieure, Techniker und technischen Zeichner die Ideen unserer Mitarbeiter und W\u00fcnsche unserer Kunden um. Mit viel Experten-Know-how und jahrelanger Erfahrung werden alle Konstruktionsarbeiten in unserem Hause selber durchgef\u00fchrt. Das Ergebnis: innovative Arbeitsmaschinen f\u00fcr die verschiedensten Einsatzbereiche.[\/vc_column_text][\/vc_column_inner][\/vc_row_inner][vc_row_inner content_placement=&#8220;top&#8220;][vc_column_inner width=&#8220;1\/3&#8243;][vc_column_text]<img loading=\"lazy\" decoding=\"async\" class=\"size-medium wp-image-2530 alignleft\" src=\"https:\/\/klaas.com\/wp-content\/uploads\/elektronik-300x142.jpg\" alt=\"\" width=\"300\" height=\"142\" srcset=\"https:\/\/klaas.com\/wp-content\/uploads\/elektronik-300x142.jpg 300w, https:\/\/klaas.com\/wp-content\/uploads\/elektronik-600x283.jpg 600w, https:\/\/klaas.com\/wp-content\/uploads\/elektronik.jpg 688w\" sizes=\"auto, (max-width: 300px) 100vw, 300px\" \/>[\/vc_column_text][\/vc_column_inner][vc_column_inner width=&#8220;2\/3&#8243;][vc_column_text]<\/p>\n<h2>Elektronik<\/h2>\n<p>Unsere Elektroingenieure konfigurieren alle ben\u00f6tigten Steuersysteme selber: Von der Software-Entwicklung \u00fcber die Zusammenstellung der Hardwarekomponenten bis hin zur Montage wird alles auf die Klaas Ger\u00e4te zugeschnitten. Die N\u00e4he zum Produkt und zum Kunden sorgt f\u00fcr schnelle und flexible L\u00f6sungswege und einen hohen Qualit\u00e4tsstandard.[\/vc_column_text][\/vc_column_inner][\/vc_row_inner][vc_row_inner content_placement=&#8220;top&#8220;][vc_column_inner width=&#8220;1\/3&#8243;][vc_column_text]<img loading=\"lazy\" decoding=\"async\" class=\"size-medium wp-image-2533 alignleft\" src=\"https:\/\/klaas.com\/wp-content\/uploads\/fertigung-300x142.jpg\" alt=\"\" width=\"300\" height=\"142\" srcset=\"https:\/\/klaas.com\/wp-content\/uploads\/fertigung-300x142.jpg 300w, https:\/\/klaas.com\/wp-content\/uploads\/fertigung-600x283.jpg 600w, https:\/\/klaas.com\/wp-content\/uploads\/fertigung.jpg 688w\" sizes=\"auto, (max-width: 300px) 100vw, 300px\" \/>[\/vc_column_text][\/vc_column_inner][vc_column_inner width=&#8220;2\/3&#8243;][vc_column_text]<\/p>\n<h2>Fertigung<\/h2>\n<p>Als Metall- und Maschinenbaubetrieb wird handwerkliches Arbeiten bei Klaas gro\u00dfgeschrieben. Mit Hilfe modernster Maschinen werden fast alle eingesetzten Komponenten im Ascheberger Werk selbst hergestellt. Diese Fertigungstiefe erm\u00f6glicht eine hohe Flexibilit\u00e4t und Unabh\u00e4ngigkeit. Angeleitet wird die Produktion von mehreren Handwerksmeistern, die Qualit\u00e4t wird vom hauseigenen Schwei\u00dffachingenieur st\u00e4ndig \u00fcberpr\u00fcft.[\/vc_column_text][\/vc_column_inner][\/vc_row_inner][vc_row_inner content_placement=&#8220;top&#8220;][vc_column_inner width=&#8220;1\/3&#8243;][vc_column_text]<img loading=\"lazy\" decoding=\"async\" class=\"size-medium wp-image-2531 alignleft\" src=\"https:\/\/klaas.com\/wp-content\/uploads\/endabnahme-300x142.jpg\" alt=\"\" width=\"300\" height=\"140\" \/>[\/vc_column_text][\/vc_column_inner][vc_column_inner width=&#8220;2\/3&#8243;][vc_column_text]<\/p>\n<h2>Endabnahme<\/h2>\n<p>Qualit\u00e4tskontrolle und Sicherheitscheck spielen bei uns eine wichtige Rolle: So wird jedes Klaas Ger\u00e4t vor Auslieferung genauestens getestet und seine Funktionen \u00fcberpr\u00fcft. Dabei ist sich das gesamte Team der Endkontrolle \u2013 vom Mechaniker bis hin zum Kransachverst\u00e4ndigen \u2013 seiner hohen Verantwortung unseren Kunden gegen\u00fcber bewusst.[\/vc_column_text][\/vc_column_inner][\/vc_row_inner][vc_row_inner content_placement=&#8220;top&#8220;][vc_column_inner width=&#8220;1\/3&#8243;][vc_column_text]<img loading=\"lazy\" decoding=\"async\" class=\"size-medium wp-image-2537 alignleft\" src=\"https:\/\/klaas.com\/wp-content\/uploads\/service-300x142.jpg\" alt=\"\" width=\"300\" height=\"142\" srcset=\"https:\/\/klaas.com\/wp-content\/uploads\/service-300x142.jpg 300w, https:\/\/klaas.com\/wp-content\/uploads\/service-600x283.jpg 600w, https:\/\/klaas.com\/wp-content\/uploads\/service.jpg 688w\" sizes=\"auto, (max-width: 300px) 100vw, 300px\" \/>[\/vc_column_text][\/vc_column_inner][vc_column_inner width=&#8220;2\/3&#8243;][vc_column_text]<\/p>\n<h2>Service<\/h2>\n<p>Auch nach Auslieferung und \u00dcbergabe der Produkte k\u00f6nnen die Kunden auf uns z\u00e4hlen: Umfangreiche Einweisungen und Schulungen geh\u00f6ren ebenso zu unserem Leistungsspektrum wie ein zuverl\u00e4ssiger Wartungs- und Reparaturservice. Alle Mitarbeiter in unseren deutschlandweiten Servicestationen sind stets um schnelle und effiziente Probleml\u00f6sungen bem\u00fcht. Selbstverst\u00e4ndlich kommt der Klaas Service bei Bedarf auch zu Ihnen, um Wartungen oder kleinere Reparaturen durchzuf\u00fchren.[\/vc_column_text][\/vc_column_inner][\/vc_row_inner][\/vc_column][\/vc_row]<\/p>\n<\/div>","protected":false},"excerpt":{"rendered":"<p>[vc_row][vc_column][vc_row_inner][vc_column_inner][vc_column_text] Mit Weitblick und Kundenn\u00e4he zum Erfolg [\/vc_column_text][\/vc_column_inner][\/vc_row_inner][vc_row_inner][vc_column_inner width=&#8220;1\/2&#8243;][vc_column_text]Bereits 1933 gr\u00fcndete Theodor Klaas das heute mittelst\u00e4ndische Familienunternehmen aus dem westf\u00e4lischen Ascheberg. Zun\u00e4chst als Bauunternehmer t\u00e4tig, entwickelte er mit viel Erfindergeist nach dem Zweiten Weltkrieg den ersten Schr\u00e4gaufzug, der die Arbeit am Bau erheblich vereinfachte. Sein Sohn Ludger, gelernter Elektriker und Schlossermeister, trat 1969 in die&#8230;  <a class=\"excerpt-read-more\" href=\"https:\/\/klaas.com\/de\/unternehmen\/profil\/\" title=\"Read Profil\">Weiter &raquo;<\/a><\/p>\n","protected":false},"author":6,"featured_media":0,"parent":6,"menu_order":83,"comment_status":"closed","ping_status":"closed","template":"","meta":{"_acf_changed":false,"inline_featured_image":false,"footnotes":""},"class_list":["post-8","page","type-page","status-publish","hentry"],"acf":[],"_links":{"self":[{"href":"https:\/\/klaas.com\/de\/wp-json\/wp\/v2\/pages\/8","targetHints":{"allow":["GET"]}}],"collection":[{"href":"https:\/\/klaas.com\/de\/wp-json\/wp\/v2\/pages"}],"about":[{"href":"https:\/\/klaas.com\/de\/wp-json\/wp\/v2\/types\/page"}],"author":[{"embeddable":true,"href":"https:\/\/klaas.com\/de\/wp-json\/wp\/v2\/users\/6"}],"replies":[{"embeddable":true,"href":"https:\/\/klaas.com\/de\/wp-json\/wp\/v2\/comments?post=8"}],"version-history":[{"count":9,"href":"https:\/\/klaas.com\/de\/wp-json\/wp\/v2\/pages\/8\/revisions"}],"predecessor-version":[{"id":57211,"href":"https:\/\/klaas.com\/de\/wp-json\/wp\/v2\/pages\/8\/revisions\/57211"}],"up":[{"embeddable":true,"href":"https:\/\/klaas.com\/de\/wp-json\/wp\/v2\/pages\/6"}],"wp:attachment":[{"href":"https:\/\/klaas.com\/de\/wp-json\/wp\/v2\/media?parent=8"}],"curies":[{"name":"wp","href":"https:\/\/api.w.org\/{rel}","templated":true}]}}