



{"id":69925,"date":"2021-05-03T17:35:39","date_gmt":"2021-05-03T15:35:39","guid":{"rendered":"https:\/\/klaas.com\/de\/?post_type=product&#038;p=69925"},"modified":"2025-12-05T09:51:00","modified_gmt":"2025-12-05T08:51:00","slug":"softshell-jacke","status":"publish","type":"product","link":"https:\/\/klaas.com\/de\/shopprodukte\/softshell-jacke\/","title":{"rendered":"Softshell-Jacke"},"content":{"rendered":"<ul style=\"list-style-type: disc;\">\n<li>Farbe: royal \/ navy<\/li>\n<li>wind- und wasserabweisend (2.000 mm Wassers\u00e4ule)<\/li>\n<li>atmungsaktiv und wasserdampfdurchl\u00e4ssig (2.000g\/m\u00b2 in 24 h)<\/li>\n<li>Stehkragen innen mit weichem Fleece<\/li>\n<li>abnehmbare verstellbare Kapuze<\/li>\n<li>Schulterbereich verst\u00e4rkt mit Cordura\u00ae<\/li>\n<li>innenliegende w\u00e4rmende \u00c4rmelb\u00fcndchen<\/li>\n<li>durchgehend unterlegter Rei\u00dfverschluss mit Windschutzblende<\/li>\n<li>Seiten-, Brusttasche und Innentasche mit Rei\u00dfverschluss, Brusttasche mit Klappe, Handytasche innen<\/li>\n<li>Reflexelemente (ohne Schutzfunktion) an den \u00c4rmeln und im R\u00fcckenteil<\/li>\n<li>reflektierender Logodruck auf der Brusttasche, zus\u00e4tzlich optional: Name auf der linken Seite (Aufpreis: 1 \u20ac)<\/li>\n<li>reflektierender Logodruck auf dem R\u00fccken<\/li>\n<li>waschbar bei 40\u00b0C<\/li>\n<\/ul>\n<p>Material: 100% Polyester (ca. 335 g\/m<sup>2<\/sup>)<br \/>\nFutter und Wattierung 100% Polyester<\/p>\n","protected":false},"excerpt":{"rendered":"<p>Warme Softshell-Jacke f\u00fcr den Winter<\/p>\n","protected":false},"featured_media":69963,"template":"","meta":{"_acf_changed":false,"inline_featured_image":false},"product_brand":[],"product_cat":[565,524,568],"product_tag":[],"wf_product_folders":[],"class_list":{"0":"post-69925","1":"product","2":"type-product","3":"status-publish","4":"has-post-thumbnail","6":"product_cat-individuelle-bedruckung","7":"product_cat-jacken-und-westen","8":"product_cat-namensaufdruck","10":"first","11":"instock","12":"taxable","13":"shipping-taxable","14":"purchasable","15":"product-type-variable"},"exclude_global_add_ons":false,"addons":[{"name":"Individuelle Bedruckung","type":"checkbox","position":0,"required":false,"title_format":"label","default":"","description_enable":true,"description":"Ich w\u00fcnsche eine zus\u00e4tzliche, individuelle Bedruckung. \r\nDie Firma Silaprint wird mit Ihnen diesbez\u00fcglich Kontakt aufnehmen. Kosten nach Aufwand.","placeholder_enable":false,"placeholder":"","display":"select","restrictions_type":"any_text","adjust_price":false,"price":"","price_type":"flat_fee","restrictions":false,"min":"0","max":"0","options":[{"label":"Individuelle Bedruckung","price":"","price_type":"flat_fee","image":0,"visibility":true}]},{"name":"Namensaufdruck","type":"checkbox","position":0,"required":false,"title_format":"label","default":"","description_enable":true,"description":"Ich w\u00fcnsche eine zus\u00e4tzliche Bedruckung mit meinem Namen (erster Buchstabe des Vornamens + Nachname). Die zus\u00e4tzlichen Kosten belaufen sich hierf\u00fcr auf 1,\u2013 \u20ac pro Produkt.","placeholder_enable":false,"placeholder":"","display":"select","restrictions_type":"any_text","adjust_price":false,"price":"","price_type":"flat_fee","restrictions":false,"min":"0","max":"0","options":[{"label":"Namensaufdruck","price":"1","price_type":"quantity_based","image":0,"visibility":true}],"id":1739440897}],"acf":[],"_links":{"self":[{"href":"https:\/\/klaas.com\/de\/wp-json\/wp\/v2\/product\/69925","targetHints":{"allow":["GET"]}}],"collection":[{"href":"https:\/\/klaas.com\/de\/wp-json\/wp\/v2\/product"}],"about":[{"href":"https:\/\/klaas.com\/de\/wp-json\/wp\/v2\/types\/product"}],"wp:featuredmedia":[{"embeddable":true,"href":"https:\/\/klaas.com\/de\/wp-json\/wp\/v2\/media\/69963"}],"wp:attachment":[{"href":"https:\/\/klaas.com\/de\/wp-json\/wp\/v2\/media?parent=69925"}],"wp:term":[{"taxonomy":"product_brand","embeddable":true,"href":"https:\/\/klaas.com\/de\/wp-json\/wp\/v2\/product_brand?post=69925"},{"taxonomy":"product_cat","embeddable":true,"href":"https:\/\/klaas.com\/de\/wp-json\/wp\/v2\/product_cat?post=69925"},{"taxonomy":"product_tag","embeddable":true,"href":"https:\/\/klaas.com\/de\/wp-json\/wp\/v2\/product_tag?post=69925"},{"taxonomy":"wf_product_folders","embeddable":true,"href":"https:\/\/klaas.com\/de\/wp-json\/wp\/v2\/wf_product_folders?post=69925"}],"curies":[{"name":"wp","href":"https:\/\/api.w.org\/{rel}","templated":true}]}}