



{"id":69994,"date":"2021-05-05T11:18:39","date_gmt":"2021-05-05T09:18:39","guid":{"rendered":"https:\/\/klaas.com\/de\/?post_type=product&#038;p=69994"},"modified":"2025-12-05T09:57:01","modified_gmt":"2025-12-05T08:57:01","slug":"warnschutzjacke","status":"publish","type":"product","link":"https:\/\/klaas.com\/de\/shopprodukte\/warnschutzjacke\/","title":{"rendered":"Warnschutzjacke"},"content":{"rendered":"<ul style=\"list-style-type: disc;\">\n<li>Farbe: fluorescent orange<\/li>\n<li>wasserabweisend (8.000 mm Wassers\u00e4ule), winddicht und atmungsaktiv<\/li>\n<li>Stehkragen, Kapuze im Kragen mit Klettverschluss<\/li>\n<li>Rippstrickb\u00fcndchen innen, verstellbarer Saum<\/li>\n<li>Rei\u00dfverschluss mit Windschutzblende und Druckkn\u00f6pfen<\/li>\n<li>Windschutzleiste innen mit Kinnschutz<\/li>\n<li>drei Au\u00dfentaschen mit Rei\u00dfverschluss, zwei Innentaschen<\/li>\n<li>Innenfutter in Kontrastfarbe (grau)<\/li>\n<li>entspricht der Norm: EN ISO 20471:2013 Klasse 2 (GO\/RT 3279 ISSUE 8:2013 Klasse 2 in orange)<\/li>\n<li>reflektierende Details<\/li>\n<li>reflektierender Logodruck vorne und auf dem R\u00fccken<\/li>\n<\/ul>\n<p>Material: au\u00dfen: 100% Polyester \/ Futterstoff: 100% Polyester \/ Wattierung, Innenfutter: 100% Polyester Microfleece \/ TPU-Membran<\/p>\n<p><strong>Achtung!<\/strong> Ware mit individueller Namensbedruckung ist vom Umtausch ausgeschlossen.<\/p>\n","protected":false},"excerpt":{"rendered":"<p>W\u00e4rmende Softshell-Jacke in Warnfarbe<\/p>\n","protected":false},"featured_media":70222,"template":"","meta":{"_acf_changed":false,"inline_featured_image":false},"product_brand":[],"product_cat":[565,524,568],"product_tag":[],"wf_product_folders":[],"class_list":{"0":"post-69994","1":"product","2":"type-product","3":"status-publish","4":"has-post-thumbnail","6":"product_cat-individuelle-bedruckung","7":"product_cat-jacken-und-westen","8":"product_cat-namensaufdruck","10":"first","11":"instock","12":"taxable","13":"shipping-taxable","14":"purchasable","15":"product-type-variable"},"exclude_global_add_ons":false,"addons":[{"name":"Individuelle Bedruckung","type":"checkbox","position":0,"required":false,"title_format":"label","default":"","description_enable":true,"description":"Ich w\u00fcnsche eine zus\u00e4tzliche, individuelle Bedruckung. \r\nDie Firma Silaprint wird mit Ihnen diesbez\u00fcglich Kontakt aufnehmen. Kosten nach Aufwand.","placeholder_enable":false,"placeholder":"","display":"select","restrictions_type":"any_text","adjust_price":false,"price":"","price_type":"flat_fee","restrictions":false,"min":"0","max":"0","options":[{"label":"Individuelle Bedruckung","price":"","price_type":"flat_fee","image":0,"visibility":true}]},{"name":"Namensaufdruck","type":"checkbox","position":0,"required":false,"title_format":"label","default":"","description_enable":true,"description":"Ich w\u00fcnsche eine zus\u00e4tzliche Bedruckung mit meinem Namen (erster Buchstabe des Vornamens + Nachname). Die zus\u00e4tzlichen Kosten belaufen sich hierf\u00fcr auf 1,\u2013 \u20ac pro Produkt.","placeholder_enable":false,"placeholder":"","display":"select","restrictions_type":"any_text","adjust_price":false,"price":"","price_type":"flat_fee","restrictions":false,"min":"0","max":"0","options":[{"label":"Namensaufdruck","price":"1","price_type":"quantity_based","image":0,"visibility":true}],"id":1739440897}],"acf":[],"_links":{"self":[{"href":"https:\/\/klaas.com\/de\/wp-json\/wp\/v2\/product\/69994","targetHints":{"allow":["GET"]}}],"collection":[{"href":"https:\/\/klaas.com\/de\/wp-json\/wp\/v2\/product"}],"about":[{"href":"https:\/\/klaas.com\/de\/wp-json\/wp\/v2\/types\/product"}],"wp:featuredmedia":[{"embeddable":true,"href":"https:\/\/klaas.com\/de\/wp-json\/wp\/v2\/media\/70222"}],"wp:attachment":[{"href":"https:\/\/klaas.com\/de\/wp-json\/wp\/v2\/media?parent=69994"}],"wp:term":[{"taxonomy":"product_brand","embeddable":true,"href":"https:\/\/klaas.com\/de\/wp-json\/wp\/v2\/product_brand?post=69994"},{"taxonomy":"product_cat","embeddable":true,"href":"https:\/\/klaas.com\/de\/wp-json\/wp\/v2\/product_cat?post=69994"},{"taxonomy":"product_tag","embeddable":true,"href":"https:\/\/klaas.com\/de\/wp-json\/wp\/v2\/product_tag?post=69994"},{"taxonomy":"wf_product_folders","embeddable":true,"href":"https:\/\/klaas.com\/de\/wp-json\/wp\/v2\/wf_product_folders?post=69994"}],"curies":[{"name":"wp","href":"https:\/\/api.w.org\/{rel}","templated":true}]}}