



{"id":70045,"date":"2021-05-10T11:59:19","date_gmt":"2021-05-10T09:59:19","guid":{"rendered":"https:\/\/klaas.com\/de\/?post_type=product&#038;p=70045"},"modified":"2025-12-05T09:54:07","modified_gmt":"2025-12-05T08:54:07","slug":"softshell-weste","status":"publish","type":"product","link":"https:\/\/klaas.com\/de\/shopprodukte\/softshell-weste\/","title":{"rendered":"Softshell-Weste"},"content":{"rendered":"<ul style=\"list-style-type: disc;\">\n<li>Farbe: royal \/ navy<\/li>\n<li>wind- und wasserabweisend (2.000 mm Wassers\u00e4ule)<\/li>\n<li>atmungsaktiv (2.000g\/m\u00b2 in 24 h)<\/li>\n<li>Stehkragen<\/li>\n<li>Schulterbereich verst\u00e4rkt mit Cordura\u00ae<\/li>\n<li>unterlegter Rei\u00dfverschluss mit Windschutzblende<\/li>\n<li>Innentasche, Seiten- und Brusttasche mit Rei\u00dfverschluss<\/li>\n<li>Reflexelemente (ohne Schutzfunktion) an Armausschnitt und R\u00fccken<\/li>\n<li>reflektierender Logodruck auf der Brusttasche, zus\u00e4tzlich optional: Name auf der linken Seite (Aufpreis: 1 \u20ac)<\/li>\n<li>reflektierender Logodruck auf dem R\u00fccken<\/li>\n<\/ul>\n<p>Material: 320g\/m\u00b2, 100% Polyester<\/p>\n<p>&nbsp;<\/p>\n","protected":false},"excerpt":{"rendered":"<p>Praktische Weste mit vielen Extras<\/p>\n","protected":false},"featured_media":70264,"template":"","meta":{"_acf_changed":false,"inline_featured_image":false},"product_brand":[],"product_cat":[565,524,568],"product_tag":[],"wf_product_folders":[],"class_list":{"0":"post-70045","1":"product","2":"type-product","3":"status-publish","4":"has-post-thumbnail","6":"product_cat-individuelle-bedruckung","7":"product_cat-jacken-und-westen","8":"product_cat-namensaufdruck","10":"first","11":"instock","12":"taxable","13":"shipping-taxable","14":"purchasable","15":"product-type-variable"},"exclude_global_add_ons":false,"addons":[{"name":"Individuelle Bedruckung","type":"checkbox","position":0,"required":false,"title_format":"label","default":"","description_enable":true,"description":"Ich w\u00fcnsche eine zus\u00e4tzliche, individuelle Bedruckung. \r\nDie Firma Silaprint wird mit Ihnen diesbez\u00fcglich Kontakt aufnehmen. Kosten nach Aufwand.","placeholder_enable":false,"placeholder":"","display":"select","restrictions_type":"any_text","adjust_price":false,"price":"","price_type":"flat_fee","restrictions":false,"min":"0","max":"0","options":[{"label":"Individuelle Bedruckung","price":"","price_type":"flat_fee","image":0,"visibility":true}]},{"name":"Namensaufdruck","type":"checkbox","position":0,"required":false,"title_format":"label","default":"","description_enable":true,"description":"Ich w\u00fcnsche eine zus\u00e4tzliche Bedruckung mit meinem Namen (erster Buchstabe des Vornamens + Nachname). Die zus\u00e4tzlichen Kosten belaufen sich hierf\u00fcr auf 1,\u2013 \u20ac pro Produkt.","placeholder_enable":false,"placeholder":"","display":"select","restrictions_type":"any_text","adjust_price":false,"price":"","price_type":"flat_fee","restrictions":false,"min":"0","max":"0","options":[{"label":"Namensaufdruck","price":"1","price_type":"quantity_based","image":0,"visibility":true}],"id":1739440897}],"acf":[],"_links":{"self":[{"href":"https:\/\/klaas.com\/de\/wp-json\/wp\/v2\/product\/70045","targetHints":{"allow":["GET"]}}],"collection":[{"href":"https:\/\/klaas.com\/de\/wp-json\/wp\/v2\/product"}],"about":[{"href":"https:\/\/klaas.com\/de\/wp-json\/wp\/v2\/types\/product"}],"wp:featuredmedia":[{"embeddable":true,"href":"https:\/\/klaas.com\/de\/wp-json\/wp\/v2\/media\/70264"}],"wp:attachment":[{"href":"https:\/\/klaas.com\/de\/wp-json\/wp\/v2\/media?parent=70045"}],"wp:term":[{"taxonomy":"product_brand","embeddable":true,"href":"https:\/\/klaas.com\/de\/wp-json\/wp\/v2\/product_brand?post=70045"},{"taxonomy":"product_cat","embeddable":true,"href":"https:\/\/klaas.com\/de\/wp-json\/wp\/v2\/product_cat?post=70045"},{"taxonomy":"product_tag","embeddable":true,"href":"https:\/\/klaas.com\/de\/wp-json\/wp\/v2\/product_tag?post=70045"},{"taxonomy":"wf_product_folders","embeddable":true,"href":"https:\/\/klaas.com\/de\/wp-json\/wp\/v2\/wf_product_folders?post=70045"}],"curies":[{"name":"wp","href":"https:\/\/api.w.org\/{rel}","templated":true}]}}