



{"id":70107,"date":"2021-05-11T12:06:15","date_gmt":"2021-05-11T10:06:15","guid":{"rendered":"https:\/\/klaas.com\/de\/?post_type=product&#038;p=70107"},"modified":"2021-08-30T09:21:34","modified_gmt":"2021-08-30T07:21:34","slug":"strickmuetze","status":"publish","type":"product","link":"https:\/\/klaas.com\/de\/shopprodukte\/strickmuetze\/","title":{"rendered":"Strickm\u00fctze"},"content":{"rendered":"<ul>\n<li>Farbe: black \/ royal<\/li>\n<li>extra breiter Umschlag in Kontrastfarbe<\/li>\n<li>doppelt gestrickt<\/li>\n<li>schnelltrocknend<\/li>\n<li>waschbar bei 40\u00b0<\/li>\n<li>Einheitsgr\u00f6\u00dfe<\/li>\n<li>schwarzer Logostick auf dem Umschlag<\/li>\n<\/ul>\n<p>Material: 340 g\/m\u00b2, 50 % Polyacryl, 50 % recyceltes Polyacryl<\/p>\n<p>&nbsp;<\/p>\n","protected":false},"excerpt":{"rendered":"<p>Warme Winterm\u00fctze mit gro\u00dfz\u00fcgigem Schnitt<\/p>\n","protected":false},"featured_media":70355,"template":"","meta":{"_acf_changed":false,"inline_featured_image":false},"product_brand":[],"product_cat":[555],"product_tag":[],"wf_product_folders":[],"class_list":{"0":"post-70107","1":"product","2":"type-product","3":"status-publish","4":"has-post-thumbnail","6":"product_cat-accessoires","8":"first","9":"instock","10":"taxable","11":"shipping-taxable","12":"purchasable","13":"product-type-simple"},"exclude_global_add_ons":[],"addons":[],"acf":[],"_links":{"self":[{"href":"https:\/\/klaas.com\/de\/wp-json\/wp\/v2\/product\/70107","targetHints":{"allow":["GET"]}}],"collection":[{"href":"https:\/\/klaas.com\/de\/wp-json\/wp\/v2\/product"}],"about":[{"href":"https:\/\/klaas.com\/de\/wp-json\/wp\/v2\/types\/product"}],"wp:featuredmedia":[{"embeddable":true,"href":"https:\/\/klaas.com\/de\/wp-json\/wp\/v2\/media\/70355"}],"wp:attachment":[{"href":"https:\/\/klaas.com\/de\/wp-json\/wp\/v2\/media?parent=70107"}],"wp:term":[{"taxonomy":"product_brand","embeddable":true,"href":"https:\/\/klaas.com\/de\/wp-json\/wp\/v2\/product_brand?post=70107"},{"taxonomy":"product_cat","embeddable":true,"href":"https:\/\/klaas.com\/de\/wp-json\/wp\/v2\/product_cat?post=70107"},{"taxonomy":"product_tag","embeddable":true,"href":"https:\/\/klaas.com\/de\/wp-json\/wp\/v2\/product_tag?post=70107"},{"taxonomy":"wf_product_folders","embeddable":true,"href":"https:\/\/klaas.com\/de\/wp-json\/wp\/v2\/wf_product_folders?post=70107"}],"curies":[{"name":"wp","href":"https:\/\/api.w.org\/{rel}","templated":true}]}}