



{"id":70896,"date":"2021-06-18T12:01:57","date_gmt":"2021-06-18T10:01:57","guid":{"rendered":"https:\/\/klaas.com\/de\/?post_type=product&#038;p=70896"},"modified":"2025-12-05T10:09:38","modified_gmt":"2025-12-05T09:09:38","slug":"polo-shirt-kinder","status":"publish","type":"product","link":"https:\/\/klaas.com\/de\/shopprodukte\/polo-shirt-kinder\/","title":{"rendered":"Kinder Polo-Shirt"},"content":{"rendered":"<ul>\n<li>Farbe: navy<\/li>\n<li>Knopfleiste mit 2 Kn\u00f6pfen<\/li>\n<li>Nackenband<\/li>\n<li>gestrickte \u00c4rmelb\u00fcndchen<\/li>\n<li>Seitenschlitze<\/li>\n<li>waschbar bei 60<sup>0<\/sup>, trocknergeeignet<\/li>\n<li>silber-grauer Logodruck auf \u00c4rmel und Seite<\/li>\n<li>optional: Namensaufdruck vorne links (Aufpreis 1 \u20ac)<\/li>\n<\/ul>\n<p>Material: 195 g\/m\u00b2, 100 % gek\u00e4mmte ringgesponnene Baumwolle<\/p>\n","protected":false},"excerpt":{"rendered":"<p>Kinder Polo-Shirt aus sehr feinem Piqu\u00e9<\/p>\n","protected":false},"featured_media":71095,"template":"","meta":{"_acf_changed":false,"inline_featured_image":false},"product_brand":[],"product_cat":[565,568,554],"product_tag":[],"wf_product_folders":[],"class_list":{"0":"post-70896","1":"product","2":"type-product","3":"status-publish","4":"has-post-thumbnail","6":"product_cat-individuelle-bedruckung","7":"product_cat-namensaufdruck","8":"product_cat-pullover-und-shirts","10":"first","11":"instock","12":"taxable","13":"shipping-taxable","14":"purchasable","15":"product-type-variable"},"exclude_global_add_ons":false,"addons":[{"name":"Individuelle Bedruckung","type":"checkbox","position":0,"required":false,"title_format":"label","default":"","description_enable":true,"description":"Ich w\u00fcnsche eine zus\u00e4tzliche, individuelle Bedruckung. \r\nDie Firma Silaprint wird mit Ihnen diesbez\u00fcglich Kontakt aufnehmen. Kosten nach Aufwand.","placeholder_enable":false,"placeholder":"","display":"select","restrictions_type":"any_text","adjust_price":false,"price":"","price_type":"flat_fee","restrictions":false,"min":"0","max":"0","options":[{"label":"Individuelle Bedruckung","price":"","price_type":"flat_fee","image":0,"visibility":true}]},{"name":"Namensaufdruck","type":"checkbox","position":0,"required":false,"title_format":"label","default":"","description_enable":true,"description":"Ich w\u00fcnsche eine zus\u00e4tzliche Bedruckung mit meinem Namen (erster Buchstabe des Vornamens + Nachname). Die zus\u00e4tzlichen Kosten belaufen sich hierf\u00fcr auf 1,\u2013 \u20ac pro Produkt.","placeholder_enable":false,"placeholder":"","display":"select","restrictions_type":"any_text","adjust_price":false,"price":"","price_type":"flat_fee","restrictions":false,"min":"0","max":"0","options":[{"label":"Namensaufdruck","price":"1","price_type":"quantity_based","image":0,"visibility":true}],"id":1739440897}],"acf":[],"_links":{"self":[{"href":"https:\/\/klaas.com\/de\/wp-json\/wp\/v2\/product\/70896","targetHints":{"allow":["GET"]}}],"collection":[{"href":"https:\/\/klaas.com\/de\/wp-json\/wp\/v2\/product"}],"about":[{"href":"https:\/\/klaas.com\/de\/wp-json\/wp\/v2\/types\/product"}],"wp:featuredmedia":[{"embeddable":true,"href":"https:\/\/klaas.com\/de\/wp-json\/wp\/v2\/media\/71095"}],"wp:attachment":[{"href":"https:\/\/klaas.com\/de\/wp-json\/wp\/v2\/media?parent=70896"}],"wp:term":[{"taxonomy":"product_brand","embeddable":true,"href":"https:\/\/klaas.com\/de\/wp-json\/wp\/v2\/product_brand?post=70896"},{"taxonomy":"product_cat","embeddable":true,"href":"https:\/\/klaas.com\/de\/wp-json\/wp\/v2\/product_cat?post=70896"},{"taxonomy":"product_tag","embeddable":true,"href":"https:\/\/klaas.com\/de\/wp-json\/wp\/v2\/product_tag?post=70896"},{"taxonomy":"wf_product_folders","embeddable":true,"href":"https:\/\/klaas.com\/de\/wp-json\/wp\/v2\/wf_product_folders?post=70896"}],"curies":[{"name":"wp","href":"https:\/\/api.w.org\/{rel}","templated":true}]}}