



{"id":72575,"date":"2021-12-16T09:39:00","date_gmt":"2021-12-16T08:39:00","guid":{"rendered":"https:\/\/klaas.com\/de\/?post_type=product&#038;p=72575"},"modified":"2024-12-17T09:40:17","modified_gmt":"2024-12-17T08:40:17","slug":"damen-strickfleece-jacke","status":"publish","type":"product","link":"https:\/\/klaas.com\/de\/shopprodukte\/damen-strickfleece-jacke\/","title":{"rendered":"Strickfleece-Jacke f\u00fcr Damen"},"content":{"rendered":"<ul style=\"list-style-type: disc;\">\n<li>Farbe: royal melange\/\u200bnavy<\/li>\n<li>w\u00e4rmendes, pflegeleichtes Material in Melange-Optik<\/li>\n<li>leicht tailliert mit Stehkragen<\/li>\n<li>durchgehend unterlegter Rei\u00dfverschluss mit Kinnschutz<\/li>\n<li>elastische Softshell-Eins\u00e4tze an Seiten Schultern und \u00c4rmel<\/li>\n<li>zwei Seitentaschen mit verdecktem Rei\u00dfverschluss<\/li>\n<li>au\u00dfen: Strickoptik, innen: flauschig weich<\/li>\n<li>wei\u00dfer Aufdruck vorne: Logo und Name (optional, Aufpreis 1 \u20ac)<\/li>\n<\/ul>\n<p>Material: 280 g\/m\u00b2, 100% Polyester<\/p>\n<p><strong>Achtung!<\/strong> Ware mit individueller Bedruckung ist vom Umtausch ausgeschlossen.<\/p>\n<p>&nbsp;<\/p>\n","protected":false},"excerpt":{"rendered":"<p>Flauschige Jacke f\u00fcr drinnen und drau\u00dfen<\/p>\n","protected":false},"featured_media":72588,"template":"","meta":{"_acf_changed":false,"inline_featured_image":false},"product_brand":[],"product_cat":[565,524,568],"product_tag":[],"wf_product_folders":[],"class_list":{"0":"post-72575","1":"product","2":"type-product","3":"status-publish","4":"has-post-thumbnail","6":"product_cat-individuelle-bedruckung","7":"product_cat-jacken-und-westen","8":"product_cat-namensaufdruck","10":"first","11":"instock","12":"taxable","13":"shipping-taxable","14":"purchasable","15":"product-type-variable"},"exclude_global_add_ons":false,"addons":[{"name":"Individuelle Bedruckung","type":"checkbox","position":0,"required":false,"title_format":"label","default":"","description_enable":true,"description":"Ich w\u00fcnsche eine zus\u00e4tzliche, individuelle Bedruckung. \r\nDie Firma Silaprint wird mit Ihnen diesbez\u00fcglich Kontakt aufnehmen. Kosten nach Aufwand.","placeholder_enable":false,"placeholder":"","display":"select","restrictions_type":"any_text","adjust_price":false,"price":"","price_type":"flat_fee","restrictions":false,"min":"0","max":"0","options":[{"label":"Individuelle Bedruckung","price":"","price_type":"flat_fee","image":0,"visibility":true}]},{"name":"Namensaufdruck","type":"checkbox","position":0,"required":false,"title_format":"label","default":"","description_enable":true,"description":"Ich w\u00fcnsche eine zus\u00e4tzliche Bedruckung mit meinem Namen (erster Buchstabe des Vornamens + Nachname). Die zus\u00e4tzlichen Kosten belaufen sich hierf\u00fcr auf 1,\u2013 \u20ac pro Produkt.","placeholder_enable":false,"placeholder":"","display":"select","restrictions_type":"any_text","adjust_price":false,"price":"","price_type":"flat_fee","restrictions":false,"min":"0","max":"0","options":[{"label":"Namensaufdruck","price":"1","price_type":"quantity_based","image":0,"visibility":true}],"id":1739440897}],"acf":[],"_links":{"self":[{"href":"https:\/\/klaas.com\/de\/wp-json\/wp\/v2\/product\/72575","targetHints":{"allow":["GET"]}}],"collection":[{"href":"https:\/\/klaas.com\/de\/wp-json\/wp\/v2\/product"}],"about":[{"href":"https:\/\/klaas.com\/de\/wp-json\/wp\/v2\/types\/product"}],"wp:featuredmedia":[{"embeddable":true,"href":"https:\/\/klaas.com\/de\/wp-json\/wp\/v2\/media\/72588"}],"wp:attachment":[{"href":"https:\/\/klaas.com\/de\/wp-json\/wp\/v2\/media?parent=72575"}],"wp:term":[{"taxonomy":"product_brand","embeddable":true,"href":"https:\/\/klaas.com\/de\/wp-json\/wp\/v2\/product_brand?post=72575"},{"taxonomy":"product_cat","embeddable":true,"href":"https:\/\/klaas.com\/de\/wp-json\/wp\/v2\/product_cat?post=72575"},{"taxonomy":"product_tag","embeddable":true,"href":"https:\/\/klaas.com\/de\/wp-json\/wp\/v2\/product_tag?post=72575"},{"taxonomy":"wf_product_folders","embeddable":true,"href":"https:\/\/klaas.com\/de\/wp-json\/wp\/v2\/wf_product_folders?post=72575"}],"curies":[{"name":"wp","href":"https:\/\/api.w.org\/{rel}","templated":true}]}}