



{"id":76572,"date":"2023-01-04T10:06:34","date_gmt":"2023-01-04T09:06:34","guid":{"rendered":"https:\/\/klaas.com\/de\/?post_type=product&#038;p=76572"},"modified":"2025-12-05T10:19:10","modified_gmt":"2025-12-05T09:19:10","slug":"fahrradtasche-cycle","status":"publish","type":"product","link":"https:\/\/klaas.com\/de\/shopprodukte\/fahrradtasche-cycle\/","title":{"rendered":"Fahrradtasche CYCLE"},"content":{"rendered":"<ul>\n<li>Farbe: grau meliert<\/li>\n<li>gro\u00dfe\u00a0Rei\u00dfverschluss-Innentasche<\/li>\n<li>Rolltop-Verschluss<\/li>\n<li>geschwei\u00dfte N\u00e4hte\u00a0f\u00fcr zuverl\u00e4ssigen Schutz vor Regenwasser und N\u00e4sse<\/li>\n<li>Boden- und\u00a0Kantenschutz<\/li>\n<li>individuell einstellbare Halterung zur Befestigung am Fahrrad-Gep\u00e4cktr\u00e4ger<\/li>\n<li>mit Drehriegel zur Sicherung und Klettverschluss auf der unteren Taschenr\u00fcckseite f\u00fcr zus\u00e4tzliche Fixierung<\/li>\n<li>dekorative Reflektorapplikation<\/li>\n<li>Handgriff<\/li>\n<li>Ma\u00dfe: 36 x 29 x 14 cm<\/li>\n<li>Druck: reflektierender Logodruck<\/li>\n<\/ul>\n<p>Material: Polyester<\/p>\n<p>&nbsp;<\/p>\n<p>&nbsp;<\/p>\n","protected":false},"excerpt":{"rendered":"<p>Urbane Fahrradtasche mit ger\u00e4umigem Hauptfach<\/p>\n","protected":false},"featured_media":76796,"template":"","meta":{"_acf_changed":false,"inline_featured_image":false},"product_brand":[],"product_cat":[539],"product_tag":[],"wf_product_folders":[],"class_list":{"0":"post-76572","1":"product","2":"type-product","3":"status-publish","4":"has-post-thumbnail","6":"product_cat-verschiedenes","8":"first","9":"instock","10":"taxable","11":"shipping-taxable","12":"purchasable","13":"product-type-simple"},"exclude_global_add_ons":[],"addons":[],"acf":[],"_links":{"self":[{"href":"https:\/\/klaas.com\/de\/wp-json\/wp\/v2\/product\/76572","targetHints":{"allow":["GET"]}}],"collection":[{"href":"https:\/\/klaas.com\/de\/wp-json\/wp\/v2\/product"}],"about":[{"href":"https:\/\/klaas.com\/de\/wp-json\/wp\/v2\/types\/product"}],"wp:featuredmedia":[{"embeddable":true,"href":"https:\/\/klaas.com\/de\/wp-json\/wp\/v2\/media\/76796"}],"wp:attachment":[{"href":"https:\/\/klaas.com\/de\/wp-json\/wp\/v2\/media?parent=76572"}],"wp:term":[{"taxonomy":"product_brand","embeddable":true,"href":"https:\/\/klaas.com\/de\/wp-json\/wp\/v2\/product_brand?post=76572"},{"taxonomy":"product_cat","embeddable":true,"href":"https:\/\/klaas.com\/de\/wp-json\/wp\/v2\/product_cat?post=76572"},{"taxonomy":"product_tag","embeddable":true,"href":"https:\/\/klaas.com\/de\/wp-json\/wp\/v2\/product_tag?post=76572"},{"taxonomy":"wf_product_folders","embeddable":true,"href":"https:\/\/klaas.com\/de\/wp-json\/wp\/v2\/wf_product_folders?post=76572"}],"curies":[{"name":"wp","href":"https:\/\/api.w.org\/{rel}","templated":true}]}}