



{"id":89302,"date":"2025-11-18T11:28:41","date_gmt":"2025-11-18T10:28:41","guid":{"rendered":"https:\/\/klaas.com\/de\/?post_type=product&#038;p=89302"},"modified":"2026-01-06T11:09:48","modified_gmt":"2026-01-06T10:09:48","slug":"hoodie-herren-schwarz","status":"publish","type":"product","link":"https:\/\/klaas.com\/de\/shopprodukte\/hoodie-herren-schwarz\/","title":{"rendered":"Hoodie Herren, schwarz"},"content":{"rendered":"<ul>\n<li>Farbe: schwarz<\/li>\n<li>zweilagige Kapuze mit Kordel<\/li>\n<li>Bund und \u00c4rmelb\u00fcndchen mit Elasthan f\u00fcr hohe Formbest\u00e4ndigkeit<\/li>\n<li>Doppeln\u00e4hte<\/li>\n<li>feine, weiche Oberfl\u00e4che<\/li>\n<li>innen angeraut<\/li>\n<li>waschbar bei 60<sup>0<\/sup><\/li>\n<li>grauer Aufdruck auf der Vorderseite<\/li>\n<\/ul>\n<p>Material: 310 &#8211; 320 g\/m\u00b2, 70 % gek\u00e4mmte, ringgesponnene Baumwolle, 30 % Polyester, 2-fach gef\u00e4rbt<\/p>\n","protected":false},"excerpt":{"rendered":"<p>Weicher Hoodie mit gro\u00dfer Tasche<\/p>\n","protected":false},"featured_media":89468,"template":"","meta":{"_acf_changed":false,"inline_featured_image":false},"product_brand":[],"product_cat":[554],"product_tag":[],"wf_product_folders":[],"class_list":{"0":"post-89302","1":"product","2":"type-product","3":"status-publish","4":"has-post-thumbnail","6":"product_cat-pullover-und-shirts","8":"first","9":"instock","10":"taxable","11":"shipping-taxable","12":"purchasable","13":"product-type-variable"},"exclude_global_add_ons":[],"addons":[],"acf":[],"_links":{"self":[{"href":"https:\/\/klaas.com\/de\/wp-json\/wp\/v2\/product\/89302","targetHints":{"allow":["GET"]}}],"collection":[{"href":"https:\/\/klaas.com\/de\/wp-json\/wp\/v2\/product"}],"about":[{"href":"https:\/\/klaas.com\/de\/wp-json\/wp\/v2\/types\/product"}],"wp:featuredmedia":[{"embeddable":true,"href":"https:\/\/klaas.com\/de\/wp-json\/wp\/v2\/media\/89468"}],"wp:attachment":[{"href":"https:\/\/klaas.com\/de\/wp-json\/wp\/v2\/media?parent=89302"}],"wp:term":[{"taxonomy":"product_brand","embeddable":true,"href":"https:\/\/klaas.com\/de\/wp-json\/wp\/v2\/product_brand?post=89302"},{"taxonomy":"product_cat","embeddable":true,"href":"https:\/\/klaas.com\/de\/wp-json\/wp\/v2\/product_cat?post=89302"},{"taxonomy":"product_tag","embeddable":true,"href":"https:\/\/klaas.com\/de\/wp-json\/wp\/v2\/product_tag?post=89302"},{"taxonomy":"wf_product_folders","embeddable":true,"href":"https:\/\/klaas.com\/de\/wp-json\/wp\/v2\/wf_product_folders?post=89302"}],"curies":[{"name":"wp","href":"https:\/\/api.w.org\/{rel}","templated":true}]}}