



{"id":89429,"date":"2025-12-01T08:35:24","date_gmt":"2025-12-01T07:35:24","guid":{"rendered":"https:\/\/klaas.com\/de\/?post_type=product&#038;p=89429"},"modified":"2026-01-06T11:21:46","modified_gmt":"2026-01-06T10:21:46","slug":"hoodie-damen-rose","status":"publish","type":"product","link":"https:\/\/klaas.com\/de\/shopprodukte\/hoodie-damen-rose\/","title":{"rendered":"Hoodie Damen, dusk rose"},"content":{"rendered":"<ul>\n<li>Farbe: Dusk rose<\/li>\n<li>leicht taillierter Schnitt<\/li>\n<li>gef\u00fctterte Kapuze mit Teilungsn\u00e4hten und Kordel<\/li>\n<li>Halbmond im Nacken, Nackenband<\/li>\n<li>breite Rippstrickb\u00fcndchen an \u00c4rmel und Saum<\/li>\n<li>K\u00e4ngurutasche<\/li>\n<li>innen angeraut<\/li>\n<li>waschbar 30<sup>0<\/sup><\/li>\n<li>mehrfarbiger Aufdruck auf der Vorderseite<\/li>\n<\/ul>\n<p>Material: 300 g\/m\u00b2, 65 % Baumwolle, 35 % Polyester<\/p>\n<p><strong>Hinweis<\/strong>: Hoodie nur noch in den angegebenen Gr\u00f6\u00dfen verf\u00fcgbar (Lieferung solange der Vorrat reicht).<\/p>\n","protected":false},"excerpt":{"rendered":"<p>Flauschiger Hoodie mit Kapuze<\/p>\n","protected":false},"featured_media":84764,"template":"","meta":{"_acf_changed":false,"inline_featured_image":false},"product_brand":[],"product_cat":[554],"product_tag":[],"wf_product_folders":[],"class_list":{"0":"post-89429","1":"product","2":"type-product","3":"status-publish","4":"has-post-thumbnail","6":"product_cat-pullover-und-shirts","8":"first","9":"instock","10":"taxable","11":"shipping-taxable","12":"purchasable","13":"product-type-variable"},"exclude_global_add_ons":[],"addons":[],"acf":[],"_links":{"self":[{"href":"https:\/\/klaas.com\/de\/wp-json\/wp\/v2\/product\/89429","targetHints":{"allow":["GET"]}}],"collection":[{"href":"https:\/\/klaas.com\/de\/wp-json\/wp\/v2\/product"}],"about":[{"href":"https:\/\/klaas.com\/de\/wp-json\/wp\/v2\/types\/product"}],"wp:featuredmedia":[{"embeddable":true,"href":"https:\/\/klaas.com\/de\/wp-json\/wp\/v2\/media\/84764"}],"wp:attachment":[{"href":"https:\/\/klaas.com\/de\/wp-json\/wp\/v2\/media?parent=89429"}],"wp:term":[{"taxonomy":"product_brand","embeddable":true,"href":"https:\/\/klaas.com\/de\/wp-json\/wp\/v2\/product_brand?post=89429"},{"taxonomy":"product_cat","embeddable":true,"href":"https:\/\/klaas.com\/de\/wp-json\/wp\/v2\/product_cat?post=89429"},{"taxonomy":"product_tag","embeddable":true,"href":"https:\/\/klaas.com\/de\/wp-json\/wp\/v2\/product_tag?post=89429"},{"taxonomy":"wf_product_folders","embeddable":true,"href":"https:\/\/klaas.com\/de\/wp-json\/wp\/v2\/wf_product_folders?post=89429"}],"curies":[{"name":"wp","href":"https:\/\/api.w.org\/{rel}","templated":true}]}}