



{"id":70872,"date":"2021-06-16T10:46:53","date_gmt":"2021-06-16T08:46:53","guid":{"rendered":"https:\/\/klaas.com\/de\/?post_type=product&#038;p=70872"},"modified":"2025-02-12T12:08:11","modified_gmt":"2025-02-12T11:08:11","slug":"t-shirt-kinder","status":"publish","type":"product","link":"https:\/\/klaas.com\/en\/shopprodukte\/t-shirt-kinder\/","title":{"rendered":"Kinder T-Shirt"},"content":{"rendered":"<ul style=\"list-style-type: disc;\">\n<li>Farbe: navy blue<\/li>\n<li>Rundhalsausschnitt in Rippstrick mit Elasthan<\/li>\n<li>gro\u00dfz\u00fcgiger Schnitt<\/li>\n<li>2-lagige Rundstrickware<\/li>\n<li>silber-grauer Logodruck vorne, darunter optional: Name (Aufpreis 1 \u20ac)<\/li>\n<li>Kranmotiv auf der R\u00fcckseite<\/li>\n<\/ul>\n<p>Material: 185 g\/m\u00b2, 100 % einlaufvorbehandelte ringgesponnene Baumwolle<\/p>\n<p>&nbsp;<\/p>\n","protected":false},"excerpt":{"rendered":"<p>L\u00e4ssiges T-Shirt f\u00fcr kleinen Kranfreunde<\/p>\n","protected":false},"featured_media":71119,"template":"","meta":{"_acf_changed":false,"inline_featured_image":false},"product_brand":[],"product_cat":[565,568,554],"product_tag":[],"wf_product_folders":[],"class_list":{"0":"post-70872","1":"product","2":"type-product","3":"status-publish","4":"has-post-thumbnail","6":"product_cat-individuelle-bedruckung","7":"product_cat-namensaufdruck","8":"product_cat-pullover-und-shirts","10":"first","11":"instock","12":"taxable","13":"shipping-taxable","14":"purchasable","15":"product-type-variable"},"exclude_global_add_ons":false,"addons":[{"name":"Individuelle Bedruckung","type":"checkbox","position":0,"required":false,"title_format":"label","default":"","description_enable":true,"description":"Ich w\u00fcnsche eine zus\u00e4tzliche, individuelle Bedruckung. \r\nDie Firma Silaprint wird mit Ihnen diesbez\u00fcglich Kontakt aufnehmen. Kosten nach Aufwand.","placeholder_enable":false,"placeholder":"","display":"select","restrictions_type":"any_text","adjust_price":false,"price":"","price_type":"flat_fee","restrictions":false,"min":"0","max":"0","options":[{"label":"Individuelle Bedruckung","price":"","price_type":"flat_fee","image":0,"visibility":true}]},{"name":"Namensaufdruck","type":"checkbox","position":0,"required":false,"title_format":"label","default":"","description_enable":true,"description":"Ich w\u00fcnsche eine zus\u00e4tzliche Bedruckung mit meinem Namen (erster Buchstabe des Vornamens + Nachname). Die zus\u00e4tzlichen Kosten belaufen sich hierf\u00fcr auf 1,\u2013 \u20ac pro Produkt.","placeholder_enable":false,"placeholder":"","display":"select","restrictions_type":"any_text","adjust_price":false,"price":"","price_type":"flat_fee","restrictions":false,"min":"0","max":"0","options":[{"label":"Namensaufdruck","price":"1","price_type":"quantity_based","image":0,"visibility":true}],"id":1739440897}],"acf":[],"_links":{"self":[{"href":"https:\/\/klaas.com\/en\/wp-json\/wp\/v2\/product\/70872","targetHints":{"allow":["GET"]}}],"collection":[{"href":"https:\/\/klaas.com\/en\/wp-json\/wp\/v2\/product"}],"about":[{"href":"https:\/\/klaas.com\/en\/wp-json\/wp\/v2\/types\/product"}],"wp:featuredmedia":[{"embeddable":true,"href":"https:\/\/klaas.com\/en\/wp-json\/wp\/v2\/media\/71119"}],"wp:attachment":[{"href":"https:\/\/klaas.com\/en\/wp-json\/wp\/v2\/media?parent=70872"}],"wp:term":[{"taxonomy":"product_brand","embeddable":true,"href":"https:\/\/klaas.com\/en\/wp-json\/wp\/v2\/product_brand?post=70872"},{"taxonomy":"product_cat","embeddable":true,"href":"https:\/\/klaas.com\/en\/wp-json\/wp\/v2\/product_cat?post=70872"},{"taxonomy":"product_tag","embeddable":true,"href":"https:\/\/klaas.com\/en\/wp-json\/wp\/v2\/product_tag?post=70872"},{"taxonomy":"wf_product_folders","embeddable":true,"href":"https:\/\/klaas.com\/en\/wp-json\/wp\/v2\/wf_product_folders?post=70872"}],"curies":[{"name":"wp","href":"https:\/\/api.w.org\/{rel}","templated":true}]}}